{"id":13915,"date":"2023-03-02T06:28:42","date_gmt":"2023-03-02T06:28:42","guid":{"rendered":"https:\/\/site-teste.uem.mz\/?page_id=13915"},"modified":"2023-03-02T06:34:54","modified_gmt":"2023-03-02T06:34:54","slug":"bolsas-de-estudo-para-mestrado-2","status":"publish","type":"page","link":"https:\/\/site-teste.uem.mz\/index.php\/bolsas-de-estudo-para-mestrado-2\/","title":{"rendered":"Bolsas de Estudo para Mestrado 2"},"content":{"rendered":"\t\t<div data-elementor-type=\"wp-page\" data-elementor-id=\"13915\" class=\"elementor elementor-13915\" data-elementor-settings=\"{&quot;ha_cmc_init_switcher&quot;:&quot;no&quot;}\" data-elementor-post-type=\"page\">\n\t\t\t\t\t\t<section class=\"elementor-section elementor-top-section elementor-element elementor-element-10d6585 elementor-section-boxed elementor-section-height-default elementor-section-height-default\" data-id=\"10d6585\" data-element_type=\"section\" data-e-type=\"section\" data-settings=\"{&quot;_ha_eqh_enable&quot;:false}\">\n\t\t\t\t\t\t<div class=\"elementor-container elementor-column-gap-default\">\n\t\t\t\t\t<div class=\"elementor-column elementor-col-100 elementor-top-column elementor-element elementor-element-88b37e4\" data-id=\"88b37e4\" data-element_type=\"column\" data-e-type=\"column\">\n\t\t\t<div class=\"elementor-widget-wrap elementor-element-populated\">\n\t\t\t\t\t\t<div class=\"elementor-element elementor-element-1d9570c elementor-widget elementor-widget-heading\" data-id=\"1d9570c\" data-element_type=\"widget\" data-e-type=\"widget\" data-widget_type=\"heading.default\">\n\t\t\t\t<div class=\"elementor-widget-container\">\n\t\t\t\t\t<h1 class=\"elementor-heading-title elementor-size-default\">Bolsas de Estudo para Mestrado<\/h1>\t\t\t\t<\/div>\n\t\t\t\t<\/div>\n\t\t\t\t\t<\/div>\n\t\t<\/div>\n\t\t\t\t\t<\/div>\n\t\t<\/section>\n\t\t\t\t<section class=\"elementor-section elementor-top-section elementor-element elementor-element-eb88231 elementor-section-boxed elementor-section-height-default elementor-section-height-default\" data-id=\"eb88231\" data-element_type=\"section\" data-e-type=\"section\" data-settings=\"{&quot;_ha_eqh_enable&quot;:false}\">\n\t\t\t\t\t\t<div class=\"elementor-container elementor-column-gap-default\">\n\t\t\t\t\t<div class=\"elementor-column elementor-col-100 elementor-top-column elementor-element elementor-element-baabdad\" data-id=\"baabdad\" data-element_type=\"column\" data-e-type=\"column\">\n\t\t\t<div class=\"elementor-widget-wrap elementor-element-populated\">\n\t\t\t\t\t\t<div class=\"elementor-element elementor-element-9765c75 elementor-widget elementor-widget-text-editor\" data-id=\"9765c75\" data-element_type=\"widget\" data-e-type=\"widget\" data-widget_type=\"text-editor.default\">\n\t\t\t\t<div class=\"elementor-widget-container\">\n\t\t\t\t\t\t\t\t\t<p>Actualmente, a UEM possui um programa para a atribui\u00e7\u00e3o de bolsas de estudo para pagamento de<br \/>propinas nos cursos de Mestrado e Doutoramento ministrados na UEM ao abrigo das \u201cNormas de<br \/>Acesso ao Fundo de P\u00f3s-Gradua\u00e7\u00e3o\u201d.<br \/>Estas bolsas s\u00e3o destinadas ao pessoal interno: docentes, investigadores, membros do Corpo T\u00e9cnico e<br \/>Administrativo (CTA) da UEM, de nacionalidade mo\u00e7ambicana, em regime de tempo inteiro; e ao<br \/>pessoal externo: estudantes de P\u00f3s-gradua\u00e7\u00e3o da UEM, de nacionalidade mo\u00e7ambicana, sem nenhum<br \/>v\u00ednculo contratual com a institui\u00e7\u00e3o.<br \/>Anualmente a Direc\u00e7\u00e3o Cient\u00edfica publica um edital com informa\u00e7\u00e3o detalhada.<\/p>\n<p>Para mais detalhes, contacte:<br \/>Direc\u00e7\u00e3o Cient\u00edfica<br \/>Av. Julius Nyerere, n\u00ba 3453, Campus Universit\u00e1rio Principal, 2\u00ba Andar, Edif\u00edcio da Reitoria<br \/>Telefone: +258 82 327 0926 \/ 85 054 8928<\/p>\n<p>Bolsa de Estudos Alcinda Honwana apoia a forma\u00e7\u00e3o superior de jovens mulheres mo\u00e7ambicanas<br \/>A Bolsa de Estudos Alcinda Honwana \u00e9 uma iniciativa privada da antrop\u00f3loga mo\u00e7ambicana Alcinda<br \/>Manuel Honwana que visa beneficiar mulheres mo\u00e7ambicanas que pretendam prosseguir os seus<br \/>estudos de p\u00f3s-gradua\u00e7\u00e3o nas \u00e1reas de Ci\u00eancias Sociais e de Ci\u00eancias Naturais e Matem\u00e1tica.<br \/>A bolsa \u00e9 completa cobrindo as despesas relacionadas com a forma\u00e7\u00e3o da estudante \u2013 propinas<br \/>universit\u00e1rias, subs\u00eddios de alojamento e alimenta\u00e7\u00e3o e material did\u00e1tico \u2013 num per\u00edodo m\u00e1ximo de 2<br \/>anos lectivos.<br \/>Para mais informa\u00e7\u00e3o visite o website: <a href=\"https:\/\/www.bolsaalcindahonwana.com\">https:\/\/www.bolsaalcindahonwana.com<\/a><\/p>\t\t\t\t\t\t\t\t<\/div>\n\t\t\t\t<\/div>\n\t\t\t\t\t<\/div>\n\t\t<\/div>\n\t\t\t\t\t<\/div>\n\t\t<\/section>\n\t\t\t\t<\/div>\n\t\t","protected":false},"excerpt":{"rendered":"<p>Bolsas de Estudo para Mestrado Actualmente, a UEM possui um programa para a atribui\u00e7\u00e3o de bolsas de estudo para pagamento depropinas nos cursos de Mestrado e Doutoramento ministrados na UEM ao abrigo das \u201cNormas deAcesso ao Fundo de P\u00f3s-Gradua\u00e7\u00e3o\u201d.Estas bolsas &hellip; <\/p>\n","protected":false},"author":1,"featured_media":0,"parent":0,"menu_order":0,"comment_status":"closed","ping_status":"closed","template":"elementor_header_footer","meta":{"footnotes":""},"class_list":["post-13915","page","type-page","status-publish","hentry"],"_links":{"self":[{"href":"https:\/\/site-teste.uem.mz\/index.php\/wp-json\/wp\/v2\/pages\/13915"}],"collection":[{"href":"https:\/\/site-teste.uem.mz\/index.php\/wp-json\/wp\/v2\/pages"}],"about":[{"href":"https:\/\/site-teste.uem.mz\/index.php\/wp-json\/wp\/v2\/types\/page"}],"author":[{"embeddable":true,"href":"https:\/\/site-teste.uem.mz\/index.php\/wp-json\/wp\/v2\/users\/1"}],"replies":[{"embeddable":true,"href":"https:\/\/site-teste.uem.mz\/index.php\/wp-json\/wp\/v2\/comments?post=13915"}],"version-history":[{"count":4,"href":"https:\/\/site-teste.uem.mz\/index.php\/wp-json\/wp\/v2\/pages\/13915\/revisions"}],"predecessor-version":[{"id":13921,"href":"https:\/\/site-teste.uem.mz\/index.php\/wp-json\/wp\/v2\/pages\/13915\/revisions\/13921"}],"wp:attachment":[{"href":"https:\/\/site-teste.uem.mz\/index.php\/wp-json\/wp\/v2\/media?parent=13915"}],"curies":[{"name":"wp","href":"https:\/\/api.w.org\/{rel}","templated":true}]}}