{"id":13806,"date":"2023-03-01T08:27:34","date_gmt":"2023-03-01T08:27:34","guid":{"rendered":"https:\/\/site-teste.uem.mz\/?page_id=13806"},"modified":"2023-03-01T09:07:49","modified_gmt":"2023-03-01T09:07:49","slug":"ciencias-agrarias","status":"publish","type":"page","link":"https:\/\/site-teste.uem.mz\/index.php\/ciencias-agrarias\/","title":{"rendered":"Ci\u00eancias Agr\u00e1rias"},"content":{"rendered":"\t\t<div data-elementor-type=\"wp-page\" data-elementor-id=\"13806\" class=\"elementor elementor-13806\" data-elementor-settings=\"{&quot;ha_cmc_init_switcher&quot;:&quot;no&quot;}\" data-elementor-post-type=\"page\">\n\t\t\t\t\t\t<section class=\"elementor-section elementor-top-section elementor-element elementor-element-10d6585 elementor-section-boxed elementor-section-height-default elementor-section-height-default\" data-id=\"10d6585\" data-element_type=\"section\" data-e-type=\"section\" data-settings=\"{&quot;_ha_eqh_enable&quot;:false}\">\n\t\t\t\t\t\t<div class=\"elementor-container elementor-column-gap-default\">\n\t\t\t\t\t<div class=\"elementor-column elementor-col-100 elementor-top-column elementor-element elementor-element-88b37e4\" data-id=\"88b37e4\" data-element_type=\"column\" data-e-type=\"column\">\n\t\t\t<div class=\"elementor-widget-wrap elementor-element-populated\">\n\t\t\t\t\t\t<div class=\"elementor-element elementor-element-1d9570c elementor-widget elementor-widget-heading\" data-id=\"1d9570c\" data-element_type=\"widget\" data-e-type=\"widget\" data-widget_type=\"heading.default\">\n\t\t\t\t<div class=\"elementor-widget-container\">\n\t\t\t\t\t<h1 class=\"elementor-heading-title elementor-size-default\">Ci\u00eancias Agr\u00e1rias<\/h1>\t\t\t\t<\/div>\n\t\t\t\t<\/div>\n\t\t\t\t\t<\/div>\n\t\t<\/div>\n\t\t\t\t\t<\/div>\n\t\t<\/section>\n\t\t\t\t<section class=\"elementor-section elementor-top-section elementor-element elementor-element-81e08f3 elementor-section-boxed elementor-section-height-default elementor-section-height-default\" data-id=\"81e08f3\" data-element_type=\"section\" data-e-type=\"section\" data-settings=\"{&quot;_ha_eqh_enable&quot;:false}\">\n\t\t\t\t\t\t<div class=\"elementor-container elementor-column-gap-default\">\n\t\t\t\t\t<div class=\"elementor-column elementor-col-100 elementor-top-column elementor-element elementor-element-fd4971d\" data-id=\"fd4971d\" data-element_type=\"column\" data-e-type=\"column\">\n\t\t\t<div class=\"elementor-widget-wrap elementor-element-populated\">\n\t\t\t\t\t\t<div class=\"elementor-element elementor-element-1d90cf0 elementor-widget thim-widget-courses\" data-id=\"1d90cf0\" data-element_type=\"widget\" data-e-type=\"widget\" data-widget_type=\"thim-courses.default\">\n\t\t\t\t<div class=\"elementor-widget-container\">\n\t\t\t\t\t\t<div class=\"thim-widget-courses-wrapper\">\n\t\t\t\t<div class=\"thim-course-grid\">\n\t\t\t\t\t\t\t<div class=\"lpr_course course-grid-4\">\n\t\t\t\t\t<div class=\"course-item\">\n\t\t\t\t\t\t<div class=\"course-thumbnail\">\n\t\t\t\t\t\t\t<a href=\"https:\/\/site-teste.uem.mz\/index.php\/courses\/curso-de-agroeconomia-e-extensao-agraria\/\">\n\t\t\t\t\t\t\t\t<img decoding=\"async\" src=\"https:\/\/site-teste.uem.mz\/wp-content\/uploads\/2022\/05\/demo_image.jpg\" alt=\"Curso de Agroeconomia e Extens\u00e3o Agr\u00e1ria\" title=\"demo_image\" >\t\t\t\t\t\t\t<\/a>\n\t\t\t\t\t\t\t<a class=\"course-readmore\" href=\"https:\/\/site-teste.uem.mz\/index.php\/courses\/curso-de-agroeconomia-e-extensao-agraria\/\" >Read More<\/a>\t\t\t\t\t\t<\/div>\n\n\t\t\t\t\t\t<div class=\"thim-course-content\">\n\t\t\t\t\t\t\t\n<div class=\"course-author\" itemscope itemtype=\"http:\/\/schema.org\/Person\">\n\t<a href=\"\/\"><img src='https:\/\/secure.gravatar.com\/avatar\/3bcd50037511c63ddb537f5534e6649e?s=250&#038;d=mm&#038;r=g' srcset='https:\/\/secure.gravatar.com\/avatar\/3bcd50037511c63ddb537f5534e6649e?s=250&#038;d=mm&#038;r=g 2x' class='avatar avatar-50 photo' height='50' width='50' decoding='async'\/><\/a>\t<div class=\"author-contain\">\n\t\t<div class=\"value\" itemprop=\"name\">\n\t\t\t<a href=\"https:\/\/site-teste.uem.mz\/index.php\/instructor\/\"> <span class=\"instructor-display-name\">Edilson Chifuco<\/span><\/a>\t\t<\/div>\n\t<\/div>\n<\/div>\n\t\t\t\t\t\t\t<h2 class=\"course-title\"><a href=\"https:\/\/site-teste.uem.mz\/index.php\/courses\/curso-de-agroeconomia-e-extensao-agraria\/\" rel=\"bookmark\">Curso de Agroeconomia e Extens\u00e3o Agr\u00e1ria<\/a><\/h2><div class=\"course-meta\">\n<div class=\"course-author\" itemscope itemtype=\"http:\/\/schema.org\/Person\">\n\t<a href=\"\/\"><img src='https:\/\/secure.gravatar.com\/avatar\/3bcd50037511c63ddb537f5534e6649e?s=250&#038;d=mm&#038;r=g' srcset='https:\/\/secure.gravatar.com\/avatar\/3bcd50037511c63ddb537f5534e6649e?s=250&#038;d=mm&#038;r=g 2x' class='avatar avatar-50 photo' height='50' width='50' decoding='async'\/><\/a>\t<div class=\"author-contain\">\n\t\t<div class=\"value\" itemprop=\"name\">\n\t\t\t<a href=\"https:\/\/site-teste.uem.mz\/index.php\/instructor\/\"> <span class=\"instructor-display-name\">Edilson Chifuco<\/span><\/a>\t\t<\/div>\n\t<\/div>\n<\/div>\n<div class=\"course-lesson\"><div class=\"value\"><i aria-hidden=\"true\" class=\"tk tk-file-invoice\"><\/i>0<\/div><\/div>\n<div class=\"course-students\">\n    <label>Students<\/label>\n    <div class=\"value\"><i class=\"tk tk-students-friend\"><\/i>\n\t\t0    <\/div>\n    <span>student<\/span>\n<\/div>\n\n<div class=\"course-price\" itemprop=\"offers\" itemscope=\"\" itemtype=\"http:\/\/schema.org\/Offer\">\n\t        <div class=\"value  free-course\" itemprop=\"price\">\n\t\t\t\t\t\tGratuito        <\/div>\n        <meta itemprop=\"priceCurrency\" content=\"USD\"\/>\n\t<\/div>\n<\/div>\t\t\t\t\t\t<\/div>\n\t\t\t\t\t<\/div>\n\t\t\t\t<\/div>\n\t\t\t\t\t\t\t<div class=\"lpr_course course-grid-4\">\n\t\t\t\t\t<div class=\"course-item\">\n\t\t\t\t\t\t<div class=\"course-thumbnail\">\n\t\t\t\t\t\t\t<a href=\"https:\/\/site-teste.uem.mz\/index.php\/courses\/curso-de-agricultura-comercial\/\">\n\t\t\t\t\t\t\t\t<img decoding=\"async\" src=\"https:\/\/site-teste.uem.mz\/wp-content\/uploads\/2022\/05\/demo_image.jpg\" alt=\"Curso de Agricultura Comercial\" title=\"demo_image\" >\t\t\t\t\t\t\t<\/a>\n\t\t\t\t\t\t\t<a class=\"course-readmore\" href=\"https:\/\/site-teste.uem.mz\/index.php\/courses\/curso-de-agricultura-comercial\/\" >Read More<\/a>\t\t\t\t\t\t<\/div>\n\n\t\t\t\t\t\t<div class=\"thim-course-content\">\n\t\t\t\t\t\t\t\n<div class=\"course-author\" itemscope itemtype=\"http:\/\/schema.org\/Person\">\n\t<a href=\"\/\"><img src='https:\/\/secure.gravatar.com\/avatar\/3bcd50037511c63ddb537f5534e6649e?s=250&#038;d=mm&#038;r=g' srcset='https:\/\/secure.gravatar.com\/avatar\/3bcd50037511c63ddb537f5534e6649e?s=250&#038;d=mm&#038;r=g 2x' class='avatar avatar-50 photo' height='50' width='50' decoding='async'\/><\/a>\t<div class=\"author-contain\">\n\t\t<div class=\"value\" itemprop=\"name\">\n\t\t\t<a href=\"https:\/\/site-teste.uem.mz\/index.php\/instructor\/\"> <span class=\"instructor-display-name\">Edilson Chifuco<\/span><\/a>\t\t<\/div>\n\t<\/div>\n<\/div>\n\t\t\t\t\t\t\t<h2 class=\"course-title\"><a href=\"https:\/\/site-teste.uem.mz\/index.php\/courses\/curso-de-agricultura-comercial\/\" rel=\"bookmark\">Curso de Agricultura Comercial<\/a><\/h2><div class=\"course-meta\">\n<div class=\"course-author\" itemscope itemtype=\"http:\/\/schema.org\/Person\">\n\t<a href=\"\/\"><img src='https:\/\/secure.gravatar.com\/avatar\/3bcd50037511c63ddb537f5534e6649e?s=250&#038;d=mm&#038;r=g' srcset='https:\/\/secure.gravatar.com\/avatar\/3bcd50037511c63ddb537f5534e6649e?s=250&#038;d=mm&#038;r=g 2x' class='avatar avatar-50 photo' height='50' width='50' decoding='async'\/><\/a>\t<div class=\"author-contain\">\n\t\t<div class=\"value\" itemprop=\"name\">\n\t\t\t<a href=\"https:\/\/site-teste.uem.mz\/index.php\/instructor\/\"> <span class=\"instructor-display-name\">Edilson Chifuco<\/span><\/a>\t\t<\/div>\n\t<\/div>\n<\/div>\n<div class=\"course-lesson\"><div class=\"value\"><i aria-hidden=\"true\" class=\"tk tk-file-invoice\"><\/i>0<\/div><\/div>\n<div class=\"course-students\">\n    <label>Students<\/label>\n    <div class=\"value\"><i class=\"tk tk-students-friend\"><\/i>\n\t\t0    <\/div>\n    <span>student<\/span>\n<\/div>\n\n<div class=\"course-price\" itemprop=\"offers\" itemscope=\"\" itemtype=\"http:\/\/schema.org\/Offer\">\n\t        <div class=\"value  free-course\" itemprop=\"price\">\n\t\t\t\t\t\tGratuito        <\/div>\n        <meta itemprop=\"priceCurrency\" content=\"USD\"\/>\n\t<\/div>\n<\/div>\t\t\t\t\t\t<\/div>\n\t\t\t\t\t<\/div>\n\t\t\t\t<\/div>\n\t\t\t\t\t\t\t<div class=\"lpr_course course-grid-4\">\n\t\t\t\t\t<div class=\"course-item\">\n\t\t\t\t\t\t<div class=\"course-thumbnail\">\n\t\t\t\t\t\t\t<a href=\"https:\/\/site-teste.uem.mz\/index.php\/courses\/curso-de-producao-animal\/\">\n\t\t\t\t\t\t\t\t<img decoding=\"async\" src=\"https:\/\/site-teste.uem.mz\/wp-content\/uploads\/2022\/05\/demo_image.jpg\" alt=\"Curso de Produ\u00e7\u00e3o Animal\" title=\"demo_image\" >\t\t\t\t\t\t\t<\/a>\n\t\t\t\t\t\t\t<a class=\"course-readmore\" href=\"https:\/\/site-teste.uem.mz\/index.php\/courses\/curso-de-producao-animal\/\" >Read More<\/a>\t\t\t\t\t\t<\/div>\n\n\t\t\t\t\t\t<div class=\"thim-course-content\">\n\t\t\t\t\t\t\t\n<div class=\"course-author\" itemscope itemtype=\"http:\/\/schema.org\/Person\">\n\t<a href=\"\/\"><img src='https:\/\/secure.gravatar.com\/avatar\/3bcd50037511c63ddb537f5534e6649e?s=250&#038;d=mm&#038;r=g' srcset='https:\/\/secure.gravatar.com\/avatar\/3bcd50037511c63ddb537f5534e6649e?s=250&#038;d=mm&#038;r=g 2x' class='avatar avatar-50 photo' height='50' width='50' decoding='async'\/><\/a>\t<div class=\"author-contain\">\n\t\t<div class=\"value\" itemprop=\"name\">\n\t\t\t<a href=\"https:\/\/site-teste.uem.mz\/index.php\/instructor\/\"> <span class=\"instructor-display-name\">Edilson Chifuco<\/span><\/a>\t\t<\/div>\n\t<\/div>\n<\/div>\n\t\t\t\t\t\t\t<h2 class=\"course-title\"><a href=\"https:\/\/site-teste.uem.mz\/index.php\/courses\/curso-de-producao-animal\/\" rel=\"bookmark\">Curso de Produ\u00e7\u00e3o Animal<\/a><\/h2><div class=\"course-meta\">\n<div class=\"course-author\" itemscope itemtype=\"http:\/\/schema.org\/Person\">\n\t<a href=\"\/\"><img src='https:\/\/secure.gravatar.com\/avatar\/3bcd50037511c63ddb537f5534e6649e?s=250&#038;d=mm&#038;r=g' srcset='https:\/\/secure.gravatar.com\/avatar\/3bcd50037511c63ddb537f5534e6649e?s=250&#038;d=mm&#038;r=g 2x' class='avatar avatar-50 photo' height='50' width='50' decoding='async'\/><\/a>\t<div class=\"author-contain\">\n\t\t<div class=\"value\" itemprop=\"name\">\n\t\t\t<a href=\"https:\/\/site-teste.uem.mz\/index.php\/instructor\/\"> <span class=\"instructor-display-name\">Edilson Chifuco<\/span><\/a>\t\t<\/div>\n\t<\/div>\n<\/div>\n<div class=\"course-lesson\"><div class=\"value\"><i aria-hidden=\"true\" class=\"tk tk-file-invoice\"><\/i>0<\/div><\/div>\n<div class=\"course-students\">\n    <label>Students<\/label>\n    <div class=\"value\"><i class=\"tk tk-students-friend\"><\/i>\n\t\t0    <\/div>\n    <span>student<\/span>\n<\/div>\n\n<div class=\"course-price\" itemprop=\"offers\" itemscope=\"\" itemtype=\"http:\/\/schema.org\/Offer\">\n\t        <div class=\"value  free-course\" itemprop=\"price\">\n\t\t\t\t\t\tGratuito        <\/div>\n        <meta itemprop=\"priceCurrency\" content=\"USD\"\/>\n\t<\/div>\n<\/div>\t\t\t\t\t\t<\/div>\n\t\t\t\t\t<\/div>\n\t\t\t\t<\/div>\n\t\t\t\t\t\t\t<div class=\"lpr_course course-grid-4\">\n\t\t\t\t\t<div class=\"course-item\">\n\t\t\t\t\t\t<div class=\"course-thumbnail\">\n\t\t\t\t\t\t\t<a href=\"https:\/\/site-teste.uem.mz\/index.php\/courses\/curso-de-producao-agricola\/\">\n\t\t\t\t\t\t\t\t<img decoding=\"async\" src=\"https:\/\/site-teste.uem.mz\/wp-content\/uploads\/2022\/05\/demo_image.jpg\" alt=\"Curso de Produ\u00e7\u00e3o Agr\u00edcola\" title=\"demo_image\" >\t\t\t\t\t\t\t<\/a>\n\t\t\t\t\t\t\t<a class=\"course-readmore\" href=\"https:\/\/site-teste.uem.mz\/index.php\/courses\/curso-de-producao-agricola\/\" >Read More<\/a>\t\t\t\t\t\t<\/div>\n\n\t\t\t\t\t\t<div class=\"thim-course-content\">\n\t\t\t\t\t\t\t\n<div class=\"course-author\" itemscope itemtype=\"http:\/\/schema.org\/Person\">\n\t<a href=\"\/\"><img src='https:\/\/secure.gravatar.com\/avatar\/3bcd50037511c63ddb537f5534e6649e?s=250&#038;d=mm&#038;r=g' srcset='https:\/\/secure.gravatar.com\/avatar\/3bcd50037511c63ddb537f5534e6649e?s=250&#038;d=mm&#038;r=g 2x' class='avatar avatar-50 photo' height='50' width='50' decoding='async'\/><\/a>\t<div class=\"author-contain\">\n\t\t<div class=\"value\" itemprop=\"name\">\n\t\t\t<a href=\"https:\/\/site-teste.uem.mz\/index.php\/instructor\/\"> <span class=\"instructor-display-name\">Edilson Chifuco<\/span><\/a>\t\t<\/div>\n\t<\/div>\n<\/div>\n\t\t\t\t\t\t\t<h2 class=\"course-title\"><a href=\"https:\/\/site-teste.uem.mz\/index.php\/courses\/curso-de-producao-agricola\/\" rel=\"bookmark\">Curso de Produ\u00e7\u00e3o Agr\u00edcola<\/a><\/h2><div class=\"course-meta\">\n<div class=\"course-author\" itemscope itemtype=\"http:\/\/schema.org\/Person\">\n\t<a href=\"\/\"><img src='https:\/\/secure.gravatar.com\/avatar\/3bcd50037511c63ddb537f5534e6649e?s=250&#038;d=mm&#038;r=g' srcset='https:\/\/secure.gravatar.com\/avatar\/3bcd50037511c63ddb537f5534e6649e?s=250&#038;d=mm&#038;r=g 2x' class='avatar avatar-50 photo' height='50' width='50' decoding='async'\/><\/a>\t<div class=\"author-contain\">\n\t\t<div class=\"value\" itemprop=\"name\">\n\t\t\t<a href=\"https:\/\/site-teste.uem.mz\/index.php\/instructor\/\"> <span class=\"instructor-display-name\">Edilson Chifuco<\/span><\/a>\t\t<\/div>\n\t<\/div>\n<\/div>\n<div class=\"course-lesson\"><div class=\"value\"><i aria-hidden=\"true\" class=\"tk tk-file-invoice\"><\/i>0<\/div><\/div>\n<div class=\"course-students\">\n    <label>Students<\/label>\n    <div class=\"value\"><i class=\"tk tk-students-friend\"><\/i>\n\t\t0    <\/div>\n    <span>student<\/span>\n<\/div>\n\n<div class=\"course-price\" itemprop=\"offers\" itemscope=\"\" itemtype=\"http:\/\/schema.org\/Offer\">\n\t        <div class=\"value  free-course\" itemprop=\"price\">\n\t\t\t\t\t\tGratuito        <\/div>\n        <meta itemprop=\"priceCurrency\" content=\"USD\"\/>\n\t<\/div>\n<\/div>\t\t\t\t\t\t<\/div>\n\t\t\t\t\t<\/div>\n\t\t\t\t<\/div>\n\t\t\t\t\t\t\t<div class=\"lpr_course course-grid-4\">\n\t\t\t\t\t<div class=\"course-item\">\n\t\t\t\t\t\t<div class=\"course-thumbnail\">\n\t\t\t\t\t\t\t<a href=\"https:\/\/site-teste.uem.mz\/index.php\/courses\/curso-de-producao-pesqueira\/\">\n\t\t\t\t\t\t\t\t<img decoding=\"async\" src=\"https:\/\/site-teste.uem.mz\/wp-content\/uploads\/2022\/05\/demo_image.jpg\" alt=\"Curso de Produ\u00e7\u00e3o Pesqueira\" title=\"demo_image\" >\t\t\t\t\t\t\t<\/a>\n\t\t\t\t\t\t\t<a class=\"course-readmore\" href=\"https:\/\/site-teste.uem.mz\/index.php\/courses\/curso-de-producao-pesqueira\/\" >Read More<\/a>\t\t\t\t\t\t<\/div>\n\n\t\t\t\t\t\t<div class=\"thim-course-content\">\n\t\t\t\t\t\t\t\n<div class=\"course-author\" itemscope itemtype=\"http:\/\/schema.org\/Person\">\n\t<a href=\"\/\"><img src='https:\/\/secure.gravatar.com\/avatar\/3bcd50037511c63ddb537f5534e6649e?s=250&#038;d=mm&#038;r=g' srcset='https:\/\/secure.gravatar.com\/avatar\/3bcd50037511c63ddb537f5534e6649e?s=250&#038;d=mm&#038;r=g 2x' class='avatar avatar-50 photo' height='50' width='50' decoding='async'\/><\/a>\t<div class=\"author-contain\">\n\t\t<div class=\"value\" itemprop=\"name\">\n\t\t\t<a href=\"https:\/\/site-teste.uem.mz\/index.php\/instructor\/\"> <span class=\"instructor-display-name\">Edilson Chifuco<\/span><\/a>\t\t<\/div>\n\t<\/div>\n<\/div>\n\t\t\t\t\t\t\t<h2 class=\"course-title\"><a href=\"https:\/\/site-teste.uem.mz\/index.php\/courses\/curso-de-producao-pesqueira\/\" rel=\"bookmark\">Curso de Produ\u00e7\u00e3o Pesqueira<\/a><\/h2><div class=\"course-meta\">\n<div class=\"course-author\" itemscope itemtype=\"http:\/\/schema.org\/Person\">\n\t<a href=\"\/\"><img src='https:\/\/secure.gravatar.com\/avatar\/3bcd50037511c63ddb537f5534e6649e?s=250&#038;d=mm&#038;r=g' srcset='https:\/\/secure.gravatar.com\/avatar\/3bcd50037511c63ddb537f5534e6649e?s=250&#038;d=mm&#038;r=g 2x' class='avatar avatar-50 photo' height='50' width='50' decoding='async'\/><\/a>\t<div class=\"author-contain\">\n\t\t<div class=\"value\" itemprop=\"name\">\n\t\t\t<a href=\"https:\/\/site-teste.uem.mz\/index.php\/instructor\/\"> <span class=\"instructor-display-name\">Edilson Chifuco<\/span><\/a>\t\t<\/div>\n\t<\/div>\n<\/div>\n<div class=\"course-lesson\"><div class=\"value\"><i aria-hidden=\"true\" class=\"tk tk-file-invoice\"><\/i>0<\/div><\/div>\n<div class=\"course-students\">\n    <label>Students<\/label>\n    <div class=\"value\"><i class=\"tk tk-students-friend\"><\/i>\n\t\t0    <\/div>\n    <span>student<\/span>\n<\/div>\n\n<div class=\"course-price\" itemprop=\"offers\" itemscope=\"\" itemtype=\"http:\/\/schema.org\/Offer\">\n\t        <div class=\"value  free-course\" itemprop=\"price\">\n\t\t\t\t\t\tGratuito        <\/div>\n        <meta itemprop=\"priceCurrency\" content=\"USD\"\/>\n\t<\/div>\n<\/div>\t\t\t\t\t\t<\/div>\n\t\t\t\t\t<\/div>\n\t\t\t\t<\/div>\n\t\t\t\t\t\t\t<div class=\"lpr_course course-grid-4\">\n\t\t\t\t\t<div class=\"course-item\">\n\t\t\t\t\t\t<div class=\"course-thumbnail\">\n\t\t\t\t\t\t\t<a href=\"https:\/\/site-teste.uem.mz\/index.php\/courses\/curso-de-agro-processamento\/\">\n\t\t\t\t\t\t\t\t<img decoding=\"async\" src=\"https:\/\/site-teste.uem.mz\/wp-content\/uploads\/2022\/05\/demo_image.jpg\" alt=\"Curso de Agro-Processamento\" title=\"demo_image\" >\t\t\t\t\t\t\t<\/a>\n\t\t\t\t\t\t\t<a class=\"course-readmore\" href=\"https:\/\/site-teste.uem.mz\/index.php\/courses\/curso-de-agro-processamento\/\" >Read More<\/a>\t\t\t\t\t\t<\/div>\n\n\t\t\t\t\t\t<div class=\"thim-course-content\">\n\t\t\t\t\t\t\t\n<div class=\"course-author\" itemscope itemtype=\"http:\/\/schema.org\/Person\">\n\t<a href=\"\/\"><img src='https:\/\/secure.gravatar.com\/avatar\/3bcd50037511c63ddb537f5534e6649e?s=250&#038;d=mm&#038;r=g' srcset='https:\/\/secure.gravatar.com\/avatar\/3bcd50037511c63ddb537f5534e6649e?s=250&#038;d=mm&#038;r=g 2x' class='avatar avatar-50 photo' height='50' width='50' decoding='async'\/><\/a>\t<div class=\"author-contain\">\n\t\t<div class=\"value\" itemprop=\"name\">\n\t\t\t<a href=\"https:\/\/site-teste.uem.mz\/index.php\/instructor\/\"> <span class=\"instructor-display-name\">Edilson Chifuco<\/span><\/a>\t\t<\/div>\n\t<\/div>\n<\/div>\n\t\t\t\t\t\t\t<h2 class=\"course-title\"><a href=\"https:\/\/site-teste.uem.mz\/index.php\/courses\/curso-de-agro-processamento\/\" rel=\"bookmark\">Curso de Agro-Processamento<\/a><\/h2><div class=\"course-meta\">\n<div class=\"course-author\" itemscope itemtype=\"http:\/\/schema.org\/Person\">\n\t<a href=\"\/\"><img src='https:\/\/secure.gravatar.com\/avatar\/3bcd50037511c63ddb537f5534e6649e?s=250&#038;d=mm&#038;r=g' srcset='https:\/\/secure.gravatar.com\/avatar\/3bcd50037511c63ddb537f5534e6649e?s=250&#038;d=mm&#038;r=g 2x' class='avatar avatar-50 photo' height='50' width='50' decoding='async'\/><\/a>\t<div class=\"author-contain\">\n\t\t<div class=\"value\" itemprop=\"name\">\n\t\t\t<a href=\"https:\/\/site-teste.uem.mz\/index.php\/instructor\/\"> <span class=\"instructor-display-name\">Edilson Chifuco<\/span><\/a>\t\t<\/div>\n\t<\/div>\n<\/div>\n<div class=\"course-lesson\"><div class=\"value\"><i aria-hidden=\"true\" class=\"tk tk-file-invoice\"><\/i>0<\/div><\/div>\n<div class=\"course-students\">\n    <label>Students<\/label>\n    <div class=\"value\"><i class=\"tk tk-students-friend\"><\/i>\n\t\t0    <\/div>\n    <span>student<\/span>\n<\/div>\n\n<div class=\"course-price\" itemprop=\"offers\" itemscope=\"\" itemtype=\"http:\/\/schema.org\/Offer\">\n\t        <div class=\"value  free-course\" itemprop=\"price\">\n\t\t\t\t\t\tGratuito        <\/div>\n        <meta itemprop=\"priceCurrency\" content=\"USD\"\/>\n\t<\/div>\n<\/div>\t\t\t\t\t\t<\/div>\n\t\t\t\t\t<\/div>\n\t\t\t\t<\/div>\n\t\t\t\t\t\t\t<div class=\"lpr_course course-grid-4\">\n\t\t\t\t\t<div class=\"course-item\">\n\t\t\t\t\t\t<div class=\"course-thumbnail\">\n\t\t\t\t\t\t\t<a href=\"https:\/\/site-teste.uem.mz\/index.php\/courses\/curso-ciencia-e-tecnologia-de-alimentos\/\">\n\t\t\t\t\t\t\t\t<img decoding=\"async\" src=\"https:\/\/site-teste.uem.mz\/wp-content\/uploads\/2022\/05\/demo_image.jpg\" alt=\"Curso Ci\u00eancia e Tecnologia de Alimentos\" title=\"demo_image\" >\t\t\t\t\t\t\t<\/a>\n\t\t\t\t\t\t\t<a class=\"course-readmore\" href=\"https:\/\/site-teste.uem.mz\/index.php\/courses\/curso-ciencia-e-tecnologia-de-alimentos\/\" >Read More<\/a>\t\t\t\t\t\t<\/div>\n\n\t\t\t\t\t\t<div class=\"thim-course-content\">\n\t\t\t\t\t\t\t\n<div class=\"course-author\" itemscope itemtype=\"http:\/\/schema.org\/Person\">\n\t<a href=\"\/\"><img src='https:\/\/secure.gravatar.com\/avatar\/3bcd50037511c63ddb537f5534e6649e?s=250&#038;d=mm&#038;r=g' srcset='https:\/\/secure.gravatar.com\/avatar\/3bcd50037511c63ddb537f5534e6649e?s=250&#038;d=mm&#038;r=g 2x' class='avatar avatar-50 photo' height='50' width='50' decoding='async'\/><\/a>\t<div class=\"author-contain\">\n\t\t<div class=\"value\" itemprop=\"name\">\n\t\t\t<a href=\"https:\/\/site-teste.uem.mz\/index.php\/instructor\/\"> <span class=\"instructor-display-name\">Edilson Chifuco<\/span><\/a>\t\t<\/div>\n\t<\/div>\n<\/div>\n\t\t\t\t\t\t\t<h2 class=\"course-title\"><a href=\"https:\/\/site-teste.uem.mz\/index.php\/courses\/curso-ciencia-e-tecnologia-de-alimentos\/\" rel=\"bookmark\">Curso Ci\u00eancia e Tecnologia de Alimentos<\/a><\/h2><div class=\"course-meta\">\n<div class=\"course-author\" itemscope itemtype=\"http:\/\/schema.org\/Person\">\n\t<a href=\"\/\"><img src='https:\/\/secure.gravatar.com\/avatar\/3bcd50037511c63ddb537f5534e6649e?s=250&#038;d=mm&#038;r=g' srcset='https:\/\/secure.gravatar.com\/avatar\/3bcd50037511c63ddb537f5534e6649e?s=250&#038;d=mm&#038;r=g 2x' class='avatar avatar-50 photo' height='50' width='50' decoding='async'\/><\/a>\t<div class=\"author-contain\">\n\t\t<div class=\"value\" itemprop=\"name\">\n\t\t\t<a href=\"https:\/\/site-teste.uem.mz\/index.php\/instructor\/\"> <span class=\"instructor-display-name\">Edilson Chifuco<\/span><\/a>\t\t<\/div>\n\t<\/div>\n<\/div>\n<div class=\"course-lesson\"><div class=\"value\"><i aria-hidden=\"true\" class=\"tk tk-file-invoice\"><\/i>0<\/div><\/div>\n<div class=\"course-students\">\n    <label>Students<\/label>\n    <div class=\"value\"><i class=\"tk tk-students-friend\"><\/i>\n\t\t0    <\/div>\n    <span>student<\/span>\n<\/div>\n\n<div class=\"course-price\" itemprop=\"offers\" itemscope=\"\" itemtype=\"http:\/\/schema.org\/Offer\">\n\t        <div class=\"value  free-course\" itemprop=\"price\">\n\t\t\t\t\t\tGratuito        <\/div>\n        <meta itemprop=\"priceCurrency\" content=\"USD\"\/>\n\t<\/div>\n<\/div>\t\t\t\t\t\t<\/div>\n\t\t\t\t\t<\/div>\n\t\t\t\t<\/div>\n\t\t\t\t\t\t\t<div class=\"lpr_course course-grid-4\">\n\t\t\t\t\t<div class=\"course-item\">\n\t\t\t\t\t\t<div class=\"course-thumbnail\">\n\t\t\t\t\t\t\t<a href=\"https:\/\/site-teste.uem.mz\/index.php\/courses\/curso-de-medicina-veterinaria\/\">\n\t\t\t\t\t\t\t\t<img decoding=\"async\" src=\"https:\/\/site-teste.uem.mz\/wp-content\/uploads\/2022\/05\/demo_image.jpg\" alt=\"Curso de Medicina Veterin\u00e1ria\" title=\"demo_image\" >\t\t\t\t\t\t\t<\/a>\n\t\t\t\t\t\t\t<a class=\"course-readmore\" href=\"https:\/\/site-teste.uem.mz\/index.php\/courses\/curso-de-medicina-veterinaria\/\" >Read More<\/a>\t\t\t\t\t\t<\/div>\n\n\t\t\t\t\t\t<div class=\"thim-course-content\">\n\t\t\t\t\t\t\t\n<div class=\"course-author\" itemscope itemtype=\"http:\/\/schema.org\/Person\">\n\t<a href=\"\/\"><img src='https:\/\/secure.gravatar.com\/avatar\/3bcd50037511c63ddb537f5534e6649e?s=250&#038;d=mm&#038;r=g' srcset='https:\/\/secure.gravatar.com\/avatar\/3bcd50037511c63ddb537f5534e6649e?s=250&#038;d=mm&#038;r=g 2x' class='avatar avatar-50 photo' height='50' width='50' decoding='async'\/><\/a>\t<div class=\"author-contain\">\n\t\t<div class=\"value\" itemprop=\"name\">\n\t\t\t<a href=\"https:\/\/site-teste.uem.mz\/index.php\/instructor\/\"> <span class=\"instructor-display-name\">Edilson Chifuco<\/span><\/a>\t\t<\/div>\n\t<\/div>\n<\/div>\n\t\t\t\t\t\t\t<h2 class=\"course-title\"><a href=\"https:\/\/site-teste.uem.mz\/index.php\/courses\/curso-de-medicina-veterinaria\/\" rel=\"bookmark\">Curso de Medicina Veterin\u00e1ria<\/a><\/h2><div class=\"course-meta\">\n<div class=\"course-author\" itemscope itemtype=\"http:\/\/schema.org\/Person\">\n\t<a href=\"\/\"><img src='https:\/\/secure.gravatar.com\/avatar\/3bcd50037511c63ddb537f5534e6649e?s=250&#038;d=mm&#038;r=g' srcset='https:\/\/secure.gravatar.com\/avatar\/3bcd50037511c63ddb537f5534e6649e?s=250&#038;d=mm&#038;r=g 2x' class='avatar avatar-50 photo' height='50' width='50' decoding='async'\/><\/a>\t<div class=\"author-contain\">\n\t\t<div class=\"value\" itemprop=\"name\">\n\t\t\t<a href=\"https:\/\/site-teste.uem.mz\/index.php\/instructor\/\"> <span class=\"instructor-display-name\">Edilson Chifuco<\/span><\/a>\t\t<\/div>\n\t<\/div>\n<\/div>\n<div class=\"course-lesson\"><div class=\"value\"><i aria-hidden=\"true\" class=\"tk tk-file-invoice\"><\/i>0<\/div><\/div>\n<div class=\"course-students\">\n    <label>Students<\/label>\n    <div class=\"value\"><i class=\"tk tk-students-friend\"><\/i>\n\t\t0    <\/div>\n    <span>student<\/span>\n<\/div>\n\n<div class=\"course-price\" itemprop=\"offers\" itemscope=\"\" itemtype=\"http:\/\/schema.org\/Offer\">\n\t        <div class=\"value  free-course\" itemprop=\"price\">\n\t\t\t\t\t\tGratuito        <\/div>\n        <meta itemprop=\"priceCurrency\" content=\"USD\"\/>\n\t<\/div>\n<\/div>\t\t\t\t\t\t<\/div>\n\t\t\t\t\t<\/div>\n\t\t\t\t<\/div>\n\t\t\t\t\t<\/div>\n\t\t\t<\/div>\n\t\t\t\t<\/div>\n\t\t\t\t<\/div>\n\t\t\t\t\t<\/div>\n\t\t<\/div>\n\t\t\t\t\t<\/div>\n\t\t<\/section>\n\t\t\t\t<\/div>\n\t\t","protected":false},"excerpt":{"rendered":"<p>Ci\u00eancias Agr\u00e1rias Read More Edilson Chifuco Curso de Agroeconomia e Extens\u00e3o Agr\u00e1ria Edilson Chifuco Students 0 student Gratuito Read More Edilson Chifuco Curso de Agricultura Comercial Edilson Chifuco Students 0 student Gratuito Read More Edilson Chifuco Curso de Produ\u00e7\u00e3o Animal &hellip; <\/p>\n","protected":false},"author":1,"featured_media":0,"parent":0,"menu_order":0,"comment_status":"closed","ping_status":"closed","template":"elementor_header_footer","meta":{"footnotes":""},"class_list":["post-13806","page","type-page","status-publish","hentry"],"_links":{"self":[{"href":"https:\/\/site-teste.uem.mz\/index.php\/wp-json\/wp\/v2\/pages\/13806"}],"collection":[{"href":"https:\/\/site-teste.uem.mz\/index.php\/wp-json\/wp\/v2\/pages"}],"about":[{"href":"https:\/\/site-teste.uem.mz\/index.php\/wp-json\/wp\/v2\/types\/page"}],"author":[{"embeddable":true,"href":"https:\/\/site-teste.uem.mz\/index.php\/wp-json\/wp\/v2\/users\/1"}],"replies":[{"embeddable":true,"href":"https:\/\/site-teste.uem.mz\/index.php\/wp-json\/wp\/v2\/comments?post=13806"}],"version-history":[{"count":4,"href":"https:\/\/site-teste.uem.mz\/index.php\/wp-json\/wp\/v2\/pages\/13806\/revisions"}],"predecessor-version":[{"id":13810,"href":"https:\/\/site-teste.uem.mz\/index.php\/wp-json\/wp\/v2\/pages\/13806\/revisions\/13810"}],"wp:attachment":[{"href":"https:\/\/site-teste.uem.mz\/index.php\/wp-json\/wp\/v2\/media?parent=13806"}],"curies":[{"name":"wp","href":"https:\/\/api.w.org\/{rel}","templated":true}]}}