{"id":13088,"date":"2023-02-21T08:58:07","date_gmt":"2023-02-21T08:58:07","guid":{"rendered":"https:\/\/site-teste.uem.mz\/?page_id=13088"},"modified":"2023-02-24T08:32:10","modified_gmt":"2023-02-24T08:32:10","slug":"museu-de-historia-natural","status":"publish","type":"page","link":"https:\/\/site-teste.uem.mz\/index.php\/museu-de-historia-natural\/","title":{"rendered":"Museu de Hist\u00f3ria Natural"},"content":{"rendered":"\t\t<div data-elementor-type=\"wp-page\" data-elementor-id=\"13088\" class=\"elementor elementor-13088\" data-elementor-settings=\"{&quot;ha_cmc_init_switcher&quot;:&quot;no&quot;}\" data-elementor-post-type=\"page\">\n\t\t\t\t\t\t<section class=\"elementor-section elementor-top-section elementor-element elementor-element-10d6585 elementor-section-boxed elementor-section-height-default elementor-section-height-default\" data-id=\"10d6585\" data-element_type=\"section\" data-e-type=\"section\" data-settings=\"{&quot;_ha_eqh_enable&quot;:false}\">\n\t\t\t\t\t\t<div class=\"elementor-container elementor-column-gap-default\">\n\t\t\t\t\t<div class=\"elementor-column elementor-col-100 elementor-top-column elementor-element elementor-element-88b37e4\" data-id=\"88b37e4\" data-element_type=\"column\" data-e-type=\"column\">\n\t\t\t<div class=\"elementor-widget-wrap elementor-element-populated\">\n\t\t\t\t\t\t<div class=\"elementor-element elementor-element-1d9570c elementor-widget elementor-widget-heading\" data-id=\"1d9570c\" data-element_type=\"widget\" data-e-type=\"widget\" data-widget_type=\"heading.default\">\n\t\t\t\t<div class=\"elementor-widget-container\">\n\t\t\t\t\t<h2 class=\"elementor-heading-title elementor-size-default\">Museu de Hist\u00f3ria Natural<\/h2>\t\t\t\t<\/div>\n\t\t\t\t<\/div>\n\t\t\t\t\t<\/div>\n\t\t<\/div>\n\t\t\t\t\t<\/div>\n\t\t<\/section>\n\t\t\t\t<section class=\"elementor-section elementor-top-section elementor-element elementor-element-bc06740 elementor-section-boxed elementor-section-height-default elementor-section-height-default\" data-id=\"bc06740\" data-element_type=\"section\" data-e-type=\"section\" data-settings=\"{&quot;_ha_eqh_enable&quot;:false}\">\n\t\t\t\t\t\t<div class=\"elementor-container elementor-column-gap-default\">\n\t\t\t\t\t<div class=\"elementor-column elementor-col-100 elementor-top-column elementor-element elementor-element-eea7a7e\" data-id=\"eea7a7e\" data-element_type=\"column\" data-e-type=\"column\">\n\t\t\t<div class=\"elementor-widget-wrap elementor-element-populated\">\n\t\t\t\t\t\t<div class=\"elementor-element elementor-element-c0c9061 elementor-widget elementor-widget-text-editor\" data-id=\"c0c9061\" data-element_type=\"widget\" data-e-type=\"widget\" data-widget_type=\"text-editor.default\">\n\t\t\t\t<div class=\"elementor-widget-container\">\n\t\t\t\t\t\t\t\t\t<p>O Museu de Hist\u00f3ria Natural foi fundado em 1911 e instalado desde 1933 num belo edif\u00edcio inspirado no<br>estilo Manuelino, constru\u00eddo pela C\u00e2mara Municipal.<\/p>\n<p><br>\u00c9 sem d\u00favida um dos locais da cidade mais visitado por nacionais e estrangeiros. Come\u00e7ou por ser<br>Museu Provincial, depois Museu Dr. \u00c1lvaro de Castro, passando a designar-se, ap\u00f3s a independ\u00eancia,<br>por Museu de Hist\u00f3ria Natural.<\/p>\n<p><br>Tutelado pela Universidade Eduardo Mondlane tem como objectivo proporcionar informa\u00e7\u00e3o naturalista<br>e etnogr\u00e1fica. A informa\u00e7\u00e3o natural\u00edstica \u00e9 dada atrav\u00e9s da exibi\u00e7\u00e3o de esp\u00e9cimes de natureza zool\u00f3gica,<br>por via de regra inseridos em cen\u00e1rios simulando os naturais.<\/p>\n<p><br>Entre as suas colec\u00e7\u00f5es, destaca-se a colec\u00e7\u00e3o zool\u00f3gica que tem expostos embalsamados grande<br>variedade de mam\u00edferos (200), aves (10 137!), insectos (176 527 !!!), invertebrados (1 250) e r\u00e9pteis<br>(150). Dentre os exemplares expostos \u00e9 de salientar uma colec\u00e7\u00e3o, provavelmente \u00fanica no mundo, de<br>fetos de elefante desde um m\u00eas at\u00e9 aos 22 meses.<\/p>\n<p><br>A \u00e1rea externa do Museu de Hist\u00f3ria Natural de Maputo tem um jardim com murais do artista<br>Malangatana e est\u00e1tuas e pain\u00e9is did\u00e1ticos sobre dinossauros.<\/p>\n<p><b>Hor\u00e1rio de Funcionamento<\/b><br>&nbsp; &nbsp; &nbsp; &nbsp; \uf0b7Segunda-feira: Fechado<br>&nbsp; &nbsp; &nbsp; &nbsp; \uf0b7Ter\u00e7a-feira: 08:30 \u00e0s 15:30<br>&nbsp; &nbsp; &nbsp; &nbsp; \uf0b7Quarta-feira: 09:00 \u00e0s 17:00<br>&nbsp; &nbsp; &nbsp; &nbsp; \uf0b7Quinta-feira: 08:30 \u00e0s 15:00<br>&nbsp; &nbsp; &nbsp; &nbsp; \uf0b7Sexta-feira: 08:30 \u00e0s 15:30<br>&nbsp; &nbsp; &nbsp; &nbsp; \uf0b7S\u00e1bado: 10:00 \u00e0s 17:00<br>&nbsp; &nbsp; &nbsp; &nbsp; \uf0b7Domingo: 08:00 \u00e0s 17:00<\/p>\n<p><b>Contacto<\/b><br>Rua dos Lus\u00edadas, Pra\u00e7a Travessia do Zambeze No. 104<br>Maputo, Mozambique<br>Telef.: +258 21 485 401<\/p>\t\t\t\t\t\t\t\t<\/div>\n\t\t\t\t<\/div>\n\t\t\t\t\t<\/div>\n\t\t<\/div>\n\t\t\t\t\t<\/div>\n\t\t<\/section>\n\t\t\t\t<\/div>\n\t\t","protected":false},"excerpt":{"rendered":"<p>Museu de Hist\u00f3ria Natural O Museu de Hist\u00f3ria Natural foi fundado em 1911 e instalado desde 1933 num belo edif\u00edcio inspirado noestilo Manuelino, constru\u00eddo pela C\u00e2mara Municipal. \u00c9 sem d\u00favida um dos locais da cidade mais visitado por nacionais e &hellip; <\/p>\n","protected":false},"author":1,"featured_media":0,"parent":0,"menu_order":0,"comment_status":"closed","ping_status":"closed","template":"elementor_header_footer","meta":{"footnotes":""},"class_list":["post-13088","page","type-page","status-publish","hentry"],"_links":{"self":[{"href":"https:\/\/site-teste.uem.mz\/index.php\/wp-json\/wp\/v2\/pages\/13088"}],"collection":[{"href":"https:\/\/site-teste.uem.mz\/index.php\/wp-json\/wp\/v2\/pages"}],"about":[{"href":"https:\/\/site-teste.uem.mz\/index.php\/wp-json\/wp\/v2\/types\/page"}],"author":[{"embeddable":true,"href":"https:\/\/site-teste.uem.mz\/index.php\/wp-json\/wp\/v2\/users\/1"}],"replies":[{"embeddable":true,"href":"https:\/\/site-teste.uem.mz\/index.php\/wp-json\/wp\/v2\/comments?post=13088"}],"version-history":[{"count":8,"href":"https:\/\/site-teste.uem.mz\/index.php\/wp-json\/wp\/v2\/pages\/13088\/revisions"}],"predecessor-version":[{"id":13553,"href":"https:\/\/site-teste.uem.mz\/index.php\/wp-json\/wp\/v2\/pages\/13088\/revisions\/13553"}],"wp:attachment":[{"href":"https:\/\/site-teste.uem.mz\/index.php\/wp-json\/wp\/v2\/media?parent=13088"}],"curies":[{"name":"wp","href":"https:\/\/api.w.org\/{rel}","templated":true}]}}