{"id":12997,"date":"2023-02-21T07:46:05","date_gmt":"2023-02-21T07:46:05","guid":{"rendered":"https:\/\/site-teste.uem.mz\/?page_id=12997"},"modified":"2023-02-21T07:47:27","modified_gmt":"2023-02-21T07:47:27","slug":"competencias-do-vice-reitor-para-a-administracao-e-recursos","status":"publish","type":"page","link":"https:\/\/site-teste.uem.mz\/index.php\/competencias-do-vice-reitor-para-a-administracao-e-recursos\/","title":{"rendered":"Compet\u00eancias do Vice-Reitor para a Administra\u00e7\u00e3o e Recursos"},"content":{"rendered":"\t\t<div data-elementor-type=\"wp-page\" data-elementor-id=\"12997\" class=\"elementor elementor-12997\" data-elementor-settings=\"{&quot;ha_cmc_init_switcher&quot;:&quot;no&quot;}\" data-elementor-post-type=\"page\">\n\t\t\t\t\t\t<section class=\"elementor-section elementor-top-section elementor-element elementor-element-10d6585 elementor-section-boxed elementor-section-height-default elementor-section-height-default\" data-id=\"10d6585\" data-element_type=\"section\" data-e-type=\"section\" data-settings=\"{&quot;_ha_eqh_enable&quot;:false}\">\n\t\t\t\t\t\t<div class=\"elementor-container elementor-column-gap-default\">\n\t\t\t\t\t<div class=\"elementor-column elementor-col-100 elementor-top-column elementor-element elementor-element-88b37e4\" data-id=\"88b37e4\" data-element_type=\"column\" data-e-type=\"column\">\n\t\t\t<div class=\"elementor-widget-wrap elementor-element-populated\">\n\t\t\t\t\t\t<div class=\"elementor-element elementor-element-1d9570c elementor-widget elementor-widget-heading\" data-id=\"1d9570c\" data-element_type=\"widget\" data-e-type=\"widget\" data-widget_type=\"heading.default\">\n\t\t\t\t<div class=\"elementor-widget-container\">\n\t\t\t\t\t<h2 class=\"elementor-heading-title elementor-size-default\">Compet\u00eancias do Vice-Reitor para a Administra\u00e7\u00e3o e Recursos<\/h2>\t\t\t\t<\/div>\n\t\t\t\t<\/div>\n\t\t\t\t\t<\/div>\n\t\t<\/div>\n\t\t\t\t\t<\/div>\n\t\t<\/section>\n\t\t\t\t<section class=\"elementor-section elementor-top-section elementor-element elementor-element-0f6fac4 elementor-section-boxed elementor-section-height-default elementor-section-height-default\" data-id=\"0f6fac4\" data-element_type=\"section\" data-e-type=\"section\" data-settings=\"{&quot;_ha_eqh_enable&quot;:false}\">\n\t\t\t\t\t\t<div class=\"elementor-container elementor-column-gap-default\">\n\t\t\t\t\t<div class=\"elementor-column elementor-col-100 elementor-top-column elementor-element elementor-element-e1a3d96\" data-id=\"e1a3d96\" data-element_type=\"column\" data-e-type=\"column\">\n\t\t\t<div class=\"elementor-widget-wrap elementor-element-populated\">\n\t\t\t\t\t\t<div class=\"elementor-element elementor-element-9323222 elementor-widget elementor-widget-text-editor\" data-id=\"9323222\" data-element_type=\"widget\" data-e-type=\"widget\" data-widget_type=\"text-editor.default\">\n\t\t\t\t<div class=\"elementor-widget-container\">\n\t\t\t\t\t\t\t\t\t<p>Compete\u00a0ao Vice-Reitor para a Administra\u00e7\u00e3o e Recursos preparar, realizar e coordenar a administra\u00e7\u00e3o dos recursos humanos, materiais e financeiros da Universidade, assegurar a correta gest\u00e3o do registo, manuten\u00e7\u00e3o, conserva\u00e7\u00e3o e utiliza\u00e7\u00e3o dos bens m\u00f3veis e im\u00f3veis da institui\u00e7\u00e3o. Tem tamb\u00e9m como fun\u00e7\u00e3o dirigir e coordenar as actividades dos seguintes \u00f3rg\u00e3os:<\/p><ul><li>Dire\u00e7\u00e3o de Finan\u00e7as<\/li><li>Dire\u00e7\u00e3o de Recursos Humanos<\/li><li>Dire\u00e7\u00e3o de Administra\u00e7\u00e3o do Patrim\u00f3nio e Desenvolvimento Institucional<\/li><li>Dire\u00e7\u00e3o dos Servi\u00e7os Sociais<\/li><li>Dire\u00e7\u00e3o de Infraestruturas e Manuten\u00e7\u00e3o<\/li><li>Dire\u00e7\u00e3o de Administra\u00e7\u00e3o do Campus Universit\u00e1rio<\/li><li>Direc\u00e7\u00e3o da Log\u00edstica e Aprovisionamento<\/li><li>Imprensa Universit\u00e1ria<\/li><li>Gabinete de Auditoria Interna<\/li><\/ul>\t\t\t\t\t\t\t\t<\/div>\n\t\t\t\t<\/div>\n\t\t\t\t\t<\/div>\n\t\t<\/div>\n\t\t\t\t\t<\/div>\n\t\t<\/section>\n\t\t\t\t<\/div>\n\t\t","protected":false},"excerpt":{"rendered":"<p>Compet\u00eancias do Vice-Reitor para a Administra\u00e7\u00e3o e Recursos Compete\u00a0ao Vice-Reitor para a Administra\u00e7\u00e3o e Recursos preparar, realizar e coordenar a administra\u00e7\u00e3o dos recursos humanos, materiais e financeiros da Universidade, assegurar a correta gest\u00e3o do registo, manuten\u00e7\u00e3o, conserva\u00e7\u00e3o e utiliza\u00e7\u00e3o dos &hellip; <\/p>\n","protected":false},"author":7,"featured_media":0,"parent":0,"menu_order":0,"comment_status":"closed","ping_status":"closed","template":"elementor_header_footer","meta":{"footnotes":""},"class_list":["post-12997","page","type-page","status-publish","hentry"],"_links":{"self":[{"href":"https:\/\/site-teste.uem.mz\/index.php\/wp-json\/wp\/v2\/pages\/12997"}],"collection":[{"href":"https:\/\/site-teste.uem.mz\/index.php\/wp-json\/wp\/v2\/pages"}],"about":[{"href":"https:\/\/site-teste.uem.mz\/index.php\/wp-json\/wp\/v2\/types\/page"}],"author":[{"embeddable":true,"href":"https:\/\/site-teste.uem.mz\/index.php\/wp-json\/wp\/v2\/users\/7"}],"replies":[{"embeddable":true,"href":"https:\/\/site-teste.uem.mz\/index.php\/wp-json\/wp\/v2\/comments?post=12997"}],"version-history":[{"count":4,"href":"https:\/\/site-teste.uem.mz\/index.php\/wp-json\/wp\/v2\/pages\/12997\/revisions"}],"predecessor-version":[{"id":13001,"href":"https:\/\/site-teste.uem.mz\/index.php\/wp-json\/wp\/v2\/pages\/12997\/revisions\/13001"}],"wp:attachment":[{"href":"https:\/\/site-teste.uem.mz\/index.php\/wp-json\/wp\/v2\/media?parent=12997"}],"curies":[{"name":"wp","href":"https:\/\/api.w.org\/{rel}","templated":true}]}}