{"id":12942,"date":"2023-02-17T12:41:11","date_gmt":"2023-02-17T12:41:11","guid":{"rendered":"https:\/\/site-teste.uem.mz\/?page_id=12942"},"modified":"2023-02-17T12:58:28","modified_gmt":"2023-02-17T12:58:28","slug":"the-university-history","status":"publish","type":"page","link":"https:\/\/site-teste.uem.mz\/index.php\/en\/the-university-history\/","title":{"rendered":"The University History"},"content":{"rendered":"\t\t<div data-elementor-type=\"wp-page\" data-elementor-id=\"12942\" class=\"elementor elementor-12942\" data-elementor-settings=\"{&quot;ha_cmc_init_switcher&quot;:&quot;no&quot;}\" data-elementor-post-type=\"page\">\n\t\t\t\t\t\t<section class=\"elementor-section elementor-top-section elementor-element elementor-element-2130f4b elementor-section-boxed elementor-section-height-default elementor-section-height-default\" data-id=\"2130f4b\" data-element_type=\"section\" data-e-type=\"section\" data-settings=\"{&quot;_ha_eqh_enable&quot;:false}\">\n\t\t\t\t\t\t<div class=\"elementor-container elementor-column-gap-default\">\n\t\t\t\t\t<div class=\"elementor-column elementor-col-100 elementor-top-column elementor-element elementor-element-990f946\" data-id=\"990f946\" data-element_type=\"column\" data-e-type=\"column\">\n\t\t\t<div class=\"elementor-widget-wrap elementor-element-populated\">\n\t\t\t\t\t\t<div class=\"elementor-element elementor-element-cd36697 elementor-widget elementor-widget-heading\" data-id=\"cd36697\" data-element_type=\"widget\" data-e-type=\"widget\" data-widget_type=\"heading.default\">\n\t\t\t\t<div class=\"elementor-widget-container\">\n\t\t\t\t\t<h2 class=\"elementor-heading-title elementor-size-default\">The University History<\/h2>\t\t\t\t<\/div>\n\t\t\t\t<\/div>\n\t\t\t\t\t<\/div>\n\t\t<\/div>\n\t\t\t\t\t<\/div>\n\t\t<\/section>\n\t\t\t\t<section class=\"elementor-section elementor-top-section elementor-element elementor-element-c636e6e elementor-section-boxed elementor-section-height-default elementor-section-height-default\" data-id=\"c636e6e\" data-element_type=\"section\" data-e-type=\"section\" data-settings=\"{&quot;_ha_eqh_enable&quot;:false}\">\n\t\t\t\t\t\t<div class=\"elementor-container elementor-column-gap-default\">\n\t\t\t\t\t<div class=\"elementor-column elementor-col-100 elementor-top-column elementor-element elementor-element-40d6310\" data-id=\"40d6310\" data-element_type=\"column\" data-e-type=\"column\">\n\t\t\t<div class=\"elementor-widget-wrap elementor-element-populated\">\n\t\t\t\t\t\t<div class=\"elementor-element elementor-element-b816f52 elementor-widget elementor-widget-text-editor\" data-id=\"b816f52\" data-element_type=\"widget\" data-e-type=\"widget\" data-widget_type=\"text-editor.default\">\n\t\t\t\t<div class=\"elementor-widget-container\">\n\t\t\t\t\t\t\t\t\t<p>Eduardo Mondlane University (UEM) is a national public institution, the oldest institution of higher education in Mozambique. It was founded on August 21, 1962, by Decree-Law no. 44530, under the name of Estudos Gerais Universit\u00e1rios de Mo\u00e7ambique. In 1968, it rose to the category of University, being then called the University of Louren\u00e7o Marques.<\/p><p>On May 1, 1976, President Samora Mois\u00e9s Machel named this Institution Eduardo Mondlane University, in homage to the important historical role played in Mozambique by Doctor Eduardo Chivambo Mondlane. It is also in his honor that the 20th of June, the date of his birth, is celebrated as Eduardo Mondlane University Day.<\/p><p>Eduardo Mondlane University assumed itself as a national university from an early age, having conceived a policy that guarantees equal access to students from different regions of the country and seeks to maintain and increase the female presence in the institution. It is a public institution of higher education endowed with legal personality enjoying scientific, pedagogical, administrative and financial autonomy. Through UEM, passed many generations of young people who today perform functions and activities in the most diverse spheres of society, at the level of government, social, economic and service sectors, both in the Country and internationally.<\/p><p>The history of UEM, since its creation, reflects the periods in the country&amp;#39;s history, which influenced and determined the teaching, research and extension process, from the definition of professional profiles in terms of training to the type of research to be carried out. considered as a priority.<\/p><p>Today, Eduardo Mondlane University is part of a social context of market economy and is present in the provinces of Maputo, Gaza, Inhambane, Zamb\u00e9zia, and, through distance learning, throughout the country and abroad.<\/p>\t\t\t\t\t\t\t\t<\/div>\n\t\t\t\t<\/div>\n\t\t\t\t\t<\/div>\n\t\t<\/div>\n\t\t\t\t\t<\/div>\n\t\t<\/section>\n\t\t\t\t<\/div>\n\t\t","protected":false},"excerpt":{"rendered":"<p>The University History Eduardo Mondlane University (UEM) is a national public institution, the oldest institution of higher education in Mozambique. It was founded on August 21, 1962, by Decree-Law no. 44530, under the name of Estudos Gerais Universit\u00e1rios de Mo\u00e7ambique. &hellip; <\/p>\n","protected":false},"author":1,"featured_media":0,"parent":0,"menu_order":0,"comment_status":"closed","ping_status":"closed","template":"elementor_header_footer","meta":{"footnotes":""},"class_list":["post-12942","page","type-page","status-publish","hentry"],"_links":{"self":[{"href":"https:\/\/site-teste.uem.mz\/index.php\/wp-json\/wp\/v2\/pages\/12942"}],"collection":[{"href":"https:\/\/site-teste.uem.mz\/index.php\/wp-json\/wp\/v2\/pages"}],"about":[{"href":"https:\/\/site-teste.uem.mz\/index.php\/wp-json\/wp\/v2\/types\/page"}],"author":[{"embeddable":true,"href":"https:\/\/site-teste.uem.mz\/index.php\/wp-json\/wp\/v2\/users\/1"}],"replies":[{"embeddable":true,"href":"https:\/\/site-teste.uem.mz\/index.php\/wp-json\/wp\/v2\/comments?post=12942"}],"version-history":[{"count":7,"href":"https:\/\/site-teste.uem.mz\/index.php\/wp-json\/wp\/v2\/pages\/12942\/revisions"}],"predecessor-version":[{"id":12951,"href":"https:\/\/site-teste.uem.mz\/index.php\/wp-json\/wp\/v2\/pages\/12942\/revisions\/12951"}],"wp:attachment":[{"href":"https:\/\/site-teste.uem.mz\/index.php\/wp-json\/wp\/v2\/media?parent=12942"}],"curies":[{"name":"wp","href":"https:\/\/api.w.org\/{rel}","templated":true}]}}