{"id":12922,"date":"2023-02-17T11:28:54","date_gmt":"2023-02-17T11:28:54","guid":{"rendered":"https:\/\/site-teste.uem.mz\/?page_id=12922"},"modified":"2023-03-02T08:45:15","modified_gmt":"2023-03-02T08:45:15","slug":"gabinete-do-reitor","status":"publish","type":"page","link":"https:\/\/site-teste.uem.mz\/index.php\/gabinete-do-reitor\/","title":{"rendered":"Gabinete do Reitor"},"content":{"rendered":"\t\t<div data-elementor-type=\"wp-page\" data-elementor-id=\"12922\" class=\"elementor elementor-12922\" data-elementor-settings=\"{&quot;ha_cmc_init_switcher&quot;:&quot;no&quot;}\" data-elementor-post-type=\"page\">\n\t\t\t\t\t\t<section class=\"elementor-section elementor-top-section elementor-element elementor-element-10d6585 elementor-section-boxed elementor-section-height-default elementor-section-height-default\" data-id=\"10d6585\" data-element_type=\"section\" data-e-type=\"section\" data-settings=\"{&quot;_ha_eqh_enable&quot;:false}\">\n\t\t\t\t\t\t<div class=\"elementor-container elementor-column-gap-default\">\n\t\t\t\t\t<div class=\"elementor-column elementor-col-100 elementor-top-column elementor-element elementor-element-88b37e4\" data-id=\"88b37e4\" data-element_type=\"column\" data-e-type=\"column\">\n\t\t\t<div class=\"elementor-widget-wrap elementor-element-populated\">\n\t\t\t\t\t\t<div class=\"elementor-element elementor-element-1d9570c elementor-widget elementor-widget-heading\" data-id=\"1d9570c\" data-element_type=\"widget\" data-e-type=\"widget\" data-widget_type=\"heading.default\">\n\t\t\t\t<div class=\"elementor-widget-container\">\n\t\t\t\t\t<h2 class=\"elementor-heading-title elementor-size-default\">Gabinete do Reitor<\/h2>\t\t\t\t<\/div>\n\t\t\t\t<\/div>\n\t\t\t\t\t<\/div>\n\t\t<\/div>\n\t\t\t\t\t<\/div>\n\t\t<\/section>\n\t\t\t\t<section class=\"elementor-section elementor-top-section elementor-element elementor-element-0f6fac4 elementor-section-boxed elementor-section-height-default elementor-section-height-default\" data-id=\"0f6fac4\" data-element_type=\"section\" data-e-type=\"section\" data-settings=\"{&quot;_ha_eqh_enable&quot;:false}\">\n\t\t\t\t\t\t<div class=\"elementor-container elementor-column-gap-default\">\n\t\t\t\t\t<div class=\"elementor-column elementor-col-100 elementor-top-column elementor-element elementor-element-e1a3d96\" data-id=\"e1a3d96\" data-element_type=\"column\" data-e-type=\"column\">\n\t\t\t<div class=\"elementor-widget-wrap elementor-element-populated\">\n\t\t\t\t\t\t<div class=\"elementor-element elementor-element-9323222 elementor-widget elementor-widget-text-editor\" data-id=\"9323222\" data-element_type=\"widget\" data-e-type=\"widget\" data-widget_type=\"text-editor.default\">\n\t\t\t\t<div class=\"elementor-widget-container\">\n\t\t\t\t\t\t\t\t\t<p>O Gabinete do Reitor \u00e9 o \u00f3rg\u00e3o central, encarregue pela cria\u00e7\u00e3o de condi\u00e7\u00f5es indispens\u00e1veis para o pleno desempenho das fun\u00e7\u00f5es do Magn\u00edfico Reitor e dos Vice-Reitores, incluindo a gest\u00e3o dos respectivos planos e agendas de trabalho. Este \u00f3rg\u00e3o garante a correcta implementa\u00e7\u00e3o das actividades da UEM, atrav\u00e9s das Unidades Org\u00e2nicas da UEM, composta pelas Unidades Acad\u00e9micas; Administrativas; de Investiga\u00e7\u00e3o e; Especiais e assessores de \u00e1reas afins, que devem suportar as decis\u00f5es a serem tomadas pelo Reitor e pelos Vice-Reitores, relativas a qualquer assunto da vida da Universidade, desde que n\u00e3o sejam mat\u00e9rias de discuss\u00f5es dos \u00d3rg\u00e3os Colegiais da UEM, nomeadamente, os Conselhos de Directores, de Reitoria, Acad\u00e9mico e Universit\u00e1rio.<\/p>\t\t\t\t\t\t\t\t<\/div>\n\t\t\t\t<\/div>\n\t\t\t\t\t<\/div>\n\t\t<\/div>\n\t\t\t\t\t<\/div>\n\t\t<\/section>\n\t\t\t\t<section class=\"elementor-section elementor-top-section elementor-element elementor-element-4b32652 elementor-section-boxed elementor-section-height-default elementor-section-height-default\" data-id=\"4b32652\" data-element_type=\"section\" data-e-type=\"section\" data-settings=\"{&quot;_ha_eqh_enable&quot;:false}\">\n\t\t\t\t\t\t<div class=\"elementor-container elementor-column-gap-default\">\n\t\t\t\t\t<div class=\"elementor-column elementor-col-100 elementor-top-column elementor-element elementor-element-4880e13\" data-id=\"4880e13\" data-element_type=\"column\" data-e-type=\"column\">\n\t\t\t<div class=\"elementor-widget-wrap elementor-element-populated\">\n\t\t\t\t\t\t<div class=\"elementor-element elementor-element-7389fdf elementor-align-center elementor-widget elementor-widget-elementskit-button\" data-id=\"7389fdf\" data-element_type=\"widget\" data-e-type=\"widget\" data-widget_type=\"elementskit-button.default\">\n\t\t\t\t<div class=\"elementor-widget-container\">\n\t\t\t\t\t<div class=\"ekit-wid-con\" >\t\t<div class=\"ekit-btn-wraper\">\n\t\t\t\t\t\t\t<a href=\"https:\/\/site-teste.uem.mz\/index.php\/reitoria-2\/\" class=\"elementskit-btn  whitespace--normal\" id=\"\">\n\t\t\t\t\t\u00a0Magn\u00edfico Reitor \u2013\u00a0Manuel Guilherme J\u00fanior (Presidente)\t\t\t\t<\/a>\n\t\t\t\t\t<\/div>\n        <\/div>\t\t\t\t<\/div>\n\t\t\t\t<\/div>\n\t\t\t\t\t<\/div>\n\t\t<\/div>\n\t\t\t\t\t<\/div>\n\t\t<\/section>\n\t\t\t\t<\/div>\n\t\t","protected":false},"excerpt":{"rendered":"<p>Gabinete do Reitor O Gabinete do Reitor \u00e9 o \u00f3rg\u00e3o central, encarregue pela cria\u00e7\u00e3o de condi\u00e7\u00f5es indispens\u00e1veis para o pleno desempenho das fun\u00e7\u00f5es do Magn\u00edfico Reitor e dos Vice-Reitores, incluindo a gest\u00e3o dos respectivos planos e agendas de trabalho. Este &hellip; <\/p>\n","protected":false},"author":7,"featured_media":0,"parent":0,"menu_order":0,"comment_status":"closed","ping_status":"closed","template":"elementor_header_footer","meta":{"footnotes":""},"class_list":["post-12922","page","type-page","status-publish","hentry"],"_links":{"self":[{"href":"https:\/\/site-teste.uem.mz\/index.php\/wp-json\/wp\/v2\/pages\/12922"}],"collection":[{"href":"https:\/\/site-teste.uem.mz\/index.php\/wp-json\/wp\/v2\/pages"}],"about":[{"href":"https:\/\/site-teste.uem.mz\/index.php\/wp-json\/wp\/v2\/types\/page"}],"author":[{"embeddable":true,"href":"https:\/\/site-teste.uem.mz\/index.php\/wp-json\/wp\/v2\/users\/7"}],"replies":[{"embeddable":true,"href":"https:\/\/site-teste.uem.mz\/index.php\/wp-json\/wp\/v2\/comments?post=12922"}],"version-history":[{"count":28,"href":"https:\/\/site-teste.uem.mz\/index.php\/wp-json\/wp\/v2\/pages\/12922\/revisions"}],"predecessor-version":[{"id":13947,"href":"https:\/\/site-teste.uem.mz\/index.php\/wp-json\/wp\/v2\/pages\/12922\/revisions\/13947"}],"wp:attachment":[{"href":"https:\/\/site-teste.uem.mz\/index.php\/wp-json\/wp\/v2\/media?parent=12922"}],"curies":[{"name":"wp","href":"https:\/\/api.w.org\/{rel}","templated":true}]}}