{"id":12692,"date":"2023-02-17T08:56:56","date_gmt":"2023-02-17T08:56:56","guid":{"rendered":"https:\/\/site-teste.uem.mz\/?page_id=12692"},"modified":"2023-03-15T10:40:12","modified_gmt":"2023-03-15T10:40:12","slug":"faculdade-de-veterinaria","status":"publish","type":"page","link":"https:\/\/site-teste.uem.mz\/index.php\/faculdade-de-veterinaria\/","title":{"rendered":"Faculdade de Veterin\u00e1ria"},"content":{"rendered":"\t\t<div data-elementor-type=\"wp-page\" data-elementor-id=\"12692\" class=\"elementor elementor-12692\" data-elementor-settings=\"{&quot;ha_cmc_init_switcher&quot;:&quot;no&quot;}\" data-elementor-post-type=\"page\">\n\t\t\t\t\t\t<section class=\"elementor-section elementor-top-section elementor-element elementor-element-10d6585 elementor-section-boxed elementor-section-height-default elementor-section-height-default\" data-id=\"10d6585\" data-element_type=\"section\" data-e-type=\"section\" data-settings=\"{&quot;_ha_eqh_enable&quot;:false}\">\n\t\t\t\t\t\t<div class=\"elementor-container elementor-column-gap-default\">\n\t\t\t\t\t<div class=\"elementor-column elementor-col-100 elementor-top-column elementor-element elementor-element-88b37e4\" data-id=\"88b37e4\" data-element_type=\"column\" data-e-type=\"column\">\n\t\t\t<div class=\"elementor-widget-wrap elementor-element-populated\">\n\t\t\t\t\t\t<div class=\"elementor-element elementor-element-1d9570c elementor-widget elementor-widget-heading\" data-id=\"1d9570c\" data-element_type=\"widget\" data-e-type=\"widget\" data-widget_type=\"heading.default\">\n\t\t\t\t<div class=\"elementor-widget-container\">\n\t\t\t\t\t<h2 class=\"elementor-heading-title elementor-size-default\">Faculdade Veterin\u00e1ria<\/h2>\t\t\t\t<\/div>\n\t\t\t\t<\/div>\n\t\t\t\t\t<\/div>\n\t\t<\/div>\n\t\t\t\t\t<\/div>\n\t\t<\/section>\n\t\t\t\t<section class=\"elementor-section elementor-top-section elementor-element elementor-element-bc06740 elementor-section-boxed elementor-section-height-default elementor-section-height-default\" data-id=\"bc06740\" data-element_type=\"section\" data-e-type=\"section\" data-settings=\"{&quot;_ha_eqh_enable&quot;:false}\">\n\t\t\t\t\t\t<div class=\"elementor-container elementor-column-gap-default\">\n\t\t\t\t\t<div class=\"elementor-column elementor-col-100 elementor-top-column elementor-element elementor-element-eea7a7e\" data-id=\"eea7a7e\" data-element_type=\"column\" data-e-type=\"column\">\n\t\t\t<div class=\"elementor-widget-wrap elementor-element-populated\">\n\t\t\t\t\t\t<div class=\"elementor-element elementor-element-c0c9061 elementor-widget elementor-widget-text-editor\" data-id=\"c0c9061\" data-element_type=\"widget\" data-e-type=\"widget\" data-widget_type=\"text-editor.default\">\n\t\t\t\t<div class=\"elementor-widget-container\">\n\t\t\t\t\t\t\t\t\t<p>A Faculdade veterin\u00e1ria da Universidade da Eduardo Mondlane (UEM) \u00e9 uma institui\u00e7\u00e3o p\u00fablica de ensino superior, cuja fun\u00e7\u00e3o social \u00e9 a educa\u00e7\u00e3o veterin\u00e1ria a n\u00edvel de gradua\u00e7\u00e3o, p\u00f3s-gradua\u00e7\u00e3o e forma\u00e7\u00e3o profissional cont\u00ednua, nas \u00e1reas de sa\u00fade animal, produ\u00e7\u00e3o animal e Tecnologia de alimentos.<br \/>Actualmente, a faculdade tem organizado processos de revis\u00e3o curricular com intuito de promover um permanente ajustamento dos seus cursos as exig\u00eancias da economia, do mercado de trabalho e \u00e0s necessidades mais imediatas da sociedade mo\u00e7ambicana e global. Nesta perspectiva, procura-se adaptar, de forma cont\u00ednua, os\u00a0<em>curricula<\/em>\u00a0e os planos de estudos \u00e0s necessidades do desenvolvimento socioecon\u00f3mico do pa\u00eds.<br \/>A forma\u00e7\u00e3o de m\u00e9dicos veterin\u00e1rios em Mo\u00e7ambique teve in\u00edcio em 1964, com a implementa\u00e7\u00e3o do curso de veterin\u00e1ria nos ent\u00e3o Estudos Gerais Universit\u00e1rios de Mo\u00e7ambique e com a inaugura\u00e7\u00e3o, no mesmo ano, da Faculdade de Medicina Veterin\u00e1ria.<br \/>A educa\u00e7\u00e3o veterin\u00e1ria tem como objecto de estudo o animal e as suas diferentes interac\u00e7\u00f5es com o homem e com o ambiente. Nos\u00a0<em>curricula<\/em>\u00a0anteriores, as \u00e1reas de estudo e de actua\u00e7\u00e3o do M\u00e9dico Veterin\u00e1rio subdividiam-se em (1) sa\u00fade animal, (2) sa\u00fade p\u00fablica, (3) produ\u00e7\u00e3o animal e 4) tecnologia de alimentos.<br \/>Para se assegurar um melhor desempenho dos graduados na sua vida profissional, foram efectuadas as revis\u00f5es curriculares de 1976, 1980, 1985, 1992, 1995, 2003, 2010 e 2012.<br \/>A Faculdade de Veterin\u00e1ria desenvolve actividades de investiga\u00e7\u00e3o, definindo-as como suporte fundamental para a fun\u00e7\u00e3o educativa e como fonte de alimenta\u00e7\u00e3o do seu sistema de extens\u00e3o.<br \/>Como escola veterin\u00e1ria mo\u00e7ambicana a institui\u00e7\u00e3o ministra programas lectivos contextualizados e permanentemente actualizados, atrav\u00e9s de um sistema de extens\u00e3o que promove o contacto permanente entre as preocupa\u00e7\u00f5es sociais nacionais e internacionais e as actividades de investiga\u00e7\u00e3o e educa\u00e7\u00e3o veterin\u00e1ria.<\/p><p>Contacto<\/p><ul><li><span style=\"color: var( --e-global-color-text ); font-family: var( --e-global-typography-text-font-family ), Sans-serif; font-weight: var( --e-global-typography-text-font-weight );\">Av. Mo\u00e7ambique Km, 1.5<\/span><\/li><li>Telefone: +258 21477217<\/li><li>(Director)\u00a0 \u00a0 \u00a0 +258 21475155<\/li><li>Fax: +258 21475063<\/li><\/ul><hr \/><p>\u00a0Website:\u00a0<a href=\"http:\/\/www.veterinaria.uem.mz\/\" target=\"_blank\" rel=\"noopener\">http:\/\/www.veterinaria.uem.mz<\/a><\/p>\t\t\t\t\t\t\t\t<\/div>\n\t\t\t\t<\/div>\n\t\t\t\t\t<\/div>\n\t\t<\/div>\n\t\t\t\t\t<\/div>\n\t\t<\/section>\n\t\t\t\t<\/div>\n\t\t","protected":false},"excerpt":{"rendered":"<p>Faculdade Veterin\u00e1ria A Faculdade veterin\u00e1ria da Universidade da Eduardo Mondlane (UEM) \u00e9 uma institui\u00e7\u00e3o p\u00fablica de ensino superior, cuja fun\u00e7\u00e3o social \u00e9 a educa\u00e7\u00e3o veterin\u00e1ria a n\u00edvel de gradua\u00e7\u00e3o, p\u00f3s-gradua\u00e7\u00e3o e forma\u00e7\u00e3o profissional cont\u00ednua, nas \u00e1reas de sa\u00fade animal, produ\u00e7\u00e3o &hellip; <\/p>\n","protected":false},"author":1,"featured_media":0,"parent":0,"menu_order":0,"comment_status":"closed","ping_status":"closed","template":"elementor_header_footer","meta":{"footnotes":""},"class_list":["post-12692","page","type-page","status-publish","hentry"],"_links":{"self":[{"href":"https:\/\/site-teste.uem.mz\/index.php\/wp-json\/wp\/v2\/pages\/12692"}],"collection":[{"href":"https:\/\/site-teste.uem.mz\/index.php\/wp-json\/wp\/v2\/pages"}],"about":[{"href":"https:\/\/site-teste.uem.mz\/index.php\/wp-json\/wp\/v2\/types\/page"}],"author":[{"embeddable":true,"href":"https:\/\/site-teste.uem.mz\/index.php\/wp-json\/wp\/v2\/users\/1"}],"replies":[{"embeddable":true,"href":"https:\/\/site-teste.uem.mz\/index.php\/wp-json\/wp\/v2\/comments?post=12692"}],"version-history":[{"count":11,"href":"https:\/\/site-teste.uem.mz\/index.php\/wp-json\/wp\/v2\/pages\/12692\/revisions"}],"predecessor-version":[{"id":14519,"href":"https:\/\/site-teste.uem.mz\/index.php\/wp-json\/wp\/v2\/pages\/12692\/revisions\/14519"}],"wp:attachment":[{"href":"https:\/\/site-teste.uem.mz\/index.php\/wp-json\/wp\/v2\/media?parent=12692"}],"curies":[{"name":"wp","href":"https:\/\/api.w.org\/{rel}","templated":true}]}}