{"id":12642,"date":"2023-02-16T09:02:58","date_gmt":"2023-02-16T09:02:58","guid":{"rendered":"https:\/\/site-teste.uem.mz\/?page_id=12642"},"modified":"2023-02-16T09:11:25","modified_gmt":"2023-02-16T09:11:25","slug":"centro-de-pesquisa-e-tecnologia-do-mar-ceptmar","status":"publish","type":"page","link":"https:\/\/site-teste.uem.mz\/index.php\/centro-de-pesquisa-e-tecnologia-do-mar-ceptmar\/","title":{"rendered":"Centro de Pesquisa e Tecnologia do Mar (CePTMar)"},"content":{"rendered":"\t\t<div data-elementor-type=\"wp-page\" data-elementor-id=\"12642\" class=\"elementor elementor-12642\" data-elementor-settings=\"{&quot;ha_cmc_init_switcher&quot;:&quot;no&quot;}\" data-elementor-post-type=\"page\">\n\t\t\t\t\t\t<section class=\"elementor-section elementor-top-section elementor-element elementor-element-10d6585 elementor-section-boxed elementor-section-height-default elementor-section-height-default\" data-id=\"10d6585\" data-element_type=\"section\" data-e-type=\"section\" data-settings=\"{&quot;_ha_eqh_enable&quot;:false}\">\n\t\t\t\t\t\t<div class=\"elementor-container elementor-column-gap-default\">\n\t\t\t\t\t<div class=\"elementor-column elementor-col-100 elementor-top-column elementor-element elementor-element-88b37e4\" data-id=\"88b37e4\" data-element_type=\"column\" data-e-type=\"column\">\n\t\t\t<div class=\"elementor-widget-wrap elementor-element-populated\">\n\t\t\t\t\t\t<div class=\"elementor-element elementor-element-1d9570c elementor-widget elementor-widget-heading\" data-id=\"1d9570c\" data-element_type=\"widget\" data-e-type=\"widget\" data-widget_type=\"heading.default\">\n\t\t\t\t<div class=\"elementor-widget-container\">\n\t\t\t\t\t<h2 class=\"elementor-heading-title elementor-size-default\">Centro de Pesquisa e Tecnologia do Mar (CePTMar)<\/h2>\t\t\t\t<\/div>\n\t\t\t\t<\/div>\n\t\t\t\t\t<\/div>\n\t\t<\/div>\n\t\t\t\t\t<\/div>\n\t\t<\/section>\n\t\t\t\t<section class=\"elementor-section elementor-top-section elementor-element elementor-element-0f6fac4 elementor-section-boxed elementor-section-height-default elementor-section-height-default\" data-id=\"0f6fac4\" data-element_type=\"section\" data-e-type=\"section\" data-settings=\"{&quot;_ha_eqh_enable&quot;:false}\">\n\t\t\t\t\t\t<div class=\"elementor-container elementor-column-gap-default\">\n\t\t\t\t\t<div class=\"elementor-column elementor-col-100 elementor-top-column elementor-element elementor-element-e1a3d96\" data-id=\"e1a3d96\" data-element_type=\"column\" data-e-type=\"column\">\n\t\t\t<div class=\"elementor-widget-wrap elementor-element-populated\">\n\t\t\t\t\t\t<div class=\"elementor-element elementor-element-9323222 elementor-widget elementor-widget-text-editor\" data-id=\"9323222\" data-element_type=\"widget\" data-e-type=\"widget\" data-widget_type=\"text-editor.default\">\n\t\t\t\t<div class=\"elementor-widget-container\">\n\t\t\t\t\t\t\t\t\t<p>O Centro de Pesquisa e Tecnologia do Mar \u00e9 um centro de investiga\u00e7\u00e3o hol\u00edstica, concentrando uma ampla diversidade de compet\u00eancias, com uma vasta implanta\u00e7\u00e3o territorial, que orienta as suas actividades rumo aos desafios de desenvolvimento do pa\u00eds e em estreita parceria com centros de investiga\u00e7\u00e3o nacionais e estrangeiros, privilegiando parcerias com os centros de pesquisa da UEM. O Centro combina compet\u00eancias no \u00e2mbito da investiga\u00e7\u00e3o cient\u00edfica e do desenvolvimento de tecnologias aplicadas a todos os tipos de sistemas marinhos, desde as zonas costeiras at\u00e9 ao mar profundo e oceano aberto.<\/p><h4><br \/>Vis\u00e3o<\/h4><p>O Centro de Pesquisa e Tecnologia do Mar pretende ser uma institui\u00e7\u00e3o l\u00edder ao n\u00edvel nacional e regional no dom\u00ednio cient\u00edfico e na inova\u00e7\u00e3o tecnol\u00f3gica, bem como no uso e explora\u00e7\u00e3o do mar e dos seus recursos tendo em vista o desenvolvimento econ\u00f3mico e social do pa\u00eds.<\/p><h4><br \/>Miss\u00e3o<\/h4><p>O Centro de Pesquisa e Tecnologia do Mar tem como miss\u00e3o realizar actividades de investiga\u00e7\u00e3o cient\u00edfica multidisciplinar e de inova\u00e7\u00e3o de tecnologias para o uso e explora\u00e7\u00e3o sustent\u00e1veis do mar e dos seus recursos.<\/p><h4><br \/>Compet\u00eancias<\/h4><ul><li>Realizar trabalhos de investiga\u00e7\u00e3o cient\u00edfica aplicada, relevante para o desenvolvimento do pa\u00eds, nas \u00e1reas do mar e dos recursos e servi\u00e7os associados;<\/li><li>Realizar trabalhos de inova\u00e7\u00e3o e adequa\u00e7\u00e3o de tecnologias de uso e explora\u00e7\u00e3o dos recursos do mar, por forma a aumentar a produ\u00e7\u00e3o e produtividade de bens e de servi\u00e7os marinhos;<\/li><li>Apoiar trabalhos de p\u00f3s-gradua\u00e7\u00e3o destinados a disserta\u00e7\u00f5es e teses de estudantes, apoiando os trabalhos de pesquisa cient\u00edfica em assuntos do mar e dos recursos e servi\u00e7os associados, em estreita colabora\u00e7\u00e3o com os Departamentos Acad\u00e9micos que oferecem tais cursos;<\/li><li>Apoiar ac\u00e7\u00f5es de forma\u00e7\u00e3o de recursos humanos competentes no dom\u00ednio do mar e dos recursos e servi\u00e7os afins, atrav\u00e9s de promo\u00e7\u00e3o de cursos profissionalizantes de curta dura\u00e7\u00e3o;<\/li><li>Realizar trabalhos de extens\u00e3o e consultorias sobre a utiliza\u00e7\u00e3o racional do mar e dos recursos afins, a sustentabilidade de iniciativas de desenvolvimento e investimentos baseados no mar e nos recursos marinhos, sobre a preserva\u00e7\u00e3o dos ecossistemas marinhos;<\/li><\/ul><p>\u00a0<\/p><h4><strong>Contactos<\/strong><\/h4><p>Av. 1 de Julho, Aeroporto Expans\u00e3o, Chuabo Dembe<br \/>Cidade de Quelimane, Mo\u00e7ambique.<br \/>Tel: +258 84 7103808<br \/>E-mail:\u00a0<a href=\"mailto:ceptmar@uem.mz\">ceptmar@uem.mz<\/a><br \/>Website: ceptmar.uem.mz<\/p><p><br \/><br \/><\/p>\t\t\t\t\t\t\t\t<\/div>\n\t\t\t\t<\/div>\n\t\t\t\t\t<\/div>\n\t\t<\/div>\n\t\t\t\t\t<\/div>\n\t\t<\/section>\n\t\t\t\t<section class=\"elementor-section elementor-top-section elementor-element elementor-element-d7021ba elementor-section-boxed elementor-section-height-default elementor-section-height-default\" data-id=\"d7021ba\" data-element_type=\"section\" data-e-type=\"section\" data-settings=\"{&quot;_ha_eqh_enable&quot;:false}\">\n\t\t\t\t\t\t<div class=\"elementor-container elementor-column-gap-default\">\n\t\t\t\t\t<div class=\"elementor-column elementor-col-100 elementor-top-column elementor-element elementor-element-a980020\" data-id=\"a980020\" data-element_type=\"column\" data-e-type=\"column\">\n\t\t\t<div class=\"elementor-widget-wrap\">\n\t\t\t\t\t\t\t<\/div>\n\t\t<\/div>\n\t\t\t\t\t<\/div>\n\t\t<\/section>\n\t\t\t\t<\/div>\n\t\t","protected":false},"excerpt":{"rendered":"<p>Centro de Pesquisa e Tecnologia do Mar (CePTMar) O Centro de Pesquisa e Tecnologia do Mar \u00e9 um centro de investiga\u00e7\u00e3o hol\u00edstica, concentrando uma ampla diversidade de compet\u00eancias, com uma vasta implanta\u00e7\u00e3o territorial, que orienta as suas actividades rumo aos &hellip; <\/p>\n","protected":false},"author":7,"featured_media":0,"parent":0,"menu_order":0,"comment_status":"closed","ping_status":"closed","template":"elementor_header_footer","meta":{"footnotes":""},"class_list":["post-12642","page","type-page","status-publish","hentry"],"_links":{"self":[{"href":"https:\/\/site-teste.uem.mz\/index.php\/wp-json\/wp\/v2\/pages\/12642"}],"collection":[{"href":"https:\/\/site-teste.uem.mz\/index.php\/wp-json\/wp\/v2\/pages"}],"about":[{"href":"https:\/\/site-teste.uem.mz\/index.php\/wp-json\/wp\/v2\/types\/page"}],"author":[{"embeddable":true,"href":"https:\/\/site-teste.uem.mz\/index.php\/wp-json\/wp\/v2\/users\/7"}],"replies":[{"embeddable":true,"href":"https:\/\/site-teste.uem.mz\/index.php\/wp-json\/wp\/v2\/comments?post=12642"}],"version-history":[{"count":22,"href":"https:\/\/site-teste.uem.mz\/index.php\/wp-json\/wp\/v2\/pages\/12642\/revisions"}],"predecessor-version":[{"id":12664,"href":"https:\/\/site-teste.uem.mz\/index.php\/wp-json\/wp\/v2\/pages\/12642\/revisions\/12664"}],"wp:attachment":[{"href":"https:\/\/site-teste.uem.mz\/index.php\/wp-json\/wp\/v2\/media?parent=12642"}],"curies":[{"name":"wp","href":"https:\/\/api.w.org\/{rel}","templated":true}]}}