{"id":12610,"date":"2023-02-16T08:22:41","date_gmt":"2023-02-16T08:22:41","guid":{"rendered":"https:\/\/site-teste.uem.mz\/?page_id=12610"},"modified":"2023-02-16T08:46:05","modified_gmt":"2023-02-16T08:46:05","slug":"centro-de-estudos-sobre-o-direito-da-integracao-regional-da-sadc","status":"publish","type":"page","link":"https:\/\/site-teste.uem.mz\/index.php\/centro-de-estudos-sobre-o-direito-da-integracao-regional-da-sadc\/","title":{"rendered":"Centro de Estudos sobre o Direito da Integra\u00e7\u00e3o Regional da SADC"},"content":{"rendered":"\t\t<div data-elementor-type=\"wp-page\" data-elementor-id=\"12610\" class=\"elementor elementor-12610\" data-elementor-settings=\"{&quot;ha_cmc_init_switcher&quot;:&quot;no&quot;}\" data-elementor-post-type=\"page\">\n\t\t\t\t\t\t<section class=\"elementor-section elementor-top-section elementor-element elementor-element-10d6585 elementor-section-boxed elementor-section-height-default elementor-section-height-default\" data-id=\"10d6585\" data-element_type=\"section\" data-e-type=\"section\" data-settings=\"{&quot;_ha_eqh_enable&quot;:false}\">\n\t\t\t\t\t\t<div class=\"elementor-container elementor-column-gap-default\">\n\t\t\t\t\t<div class=\"elementor-column elementor-col-100 elementor-top-column elementor-element elementor-element-88b37e4\" data-id=\"88b37e4\" data-element_type=\"column\" data-e-type=\"column\">\n\t\t\t<div class=\"elementor-widget-wrap elementor-element-populated\">\n\t\t\t\t\t\t<div class=\"elementor-element elementor-element-1d9570c elementor-widget elementor-widget-heading\" data-id=\"1d9570c\" data-element_type=\"widget\" data-e-type=\"widget\" data-widget_type=\"heading.default\">\n\t\t\t\t<div class=\"elementor-widget-container\">\n\t\t\t\t\t<h2 class=\"elementor-heading-title elementor-size-default\">Centro de Estudos sobre o Direito da Integra\u00e7\u00e3o Regional da SADC<\/h2>\t\t\t\t<\/div>\n\t\t\t\t<\/div>\n\t\t\t\t\t<\/div>\n\t\t<\/div>\n\t\t\t\t\t<\/div>\n\t\t<\/section>\n\t\t\t\t<section class=\"elementor-section elementor-top-section elementor-element elementor-element-0f6fac4 elementor-section-boxed elementor-section-height-default elementor-section-height-default\" data-id=\"0f6fac4\" data-element_type=\"section\" data-e-type=\"section\" data-settings=\"{&quot;_ha_eqh_enable&quot;:false}\">\n\t\t\t\t\t\t<div class=\"elementor-container elementor-column-gap-default\">\n\t\t\t\t\t<div class=\"elementor-column elementor-col-100 elementor-top-column elementor-element elementor-element-e1a3d96\" data-id=\"e1a3d96\" data-element_type=\"column\" data-e-type=\"column\">\n\t\t\t<div class=\"elementor-widget-wrap elementor-element-populated\">\n\t\t\t\t\t\t<div class=\"elementor-element elementor-element-9323222 elementor-widget elementor-widget-text-editor\" data-id=\"9323222\" data-element_type=\"widget\" data-e-type=\"widget\" data-widget_type=\"text-editor.default\">\n\t\t\t\t<div class=\"elementor-widget-container\">\n\t\t\t\t\t\t\t\t\t<h3>Centro de Estudos sobre o Direito da Integra\u00e7\u00e3o Regional da SADC<\/h3>\n<p>O CEDIR \u00e9 uma unidade org\u00e2nica da Universidade Eduardo Mondlane (UEM) criada em 26 de Novembro de 2008, por resolu\u00e7\u00e3o no 25\/CUN\/2008 da Universidade Eduardo Mondlane deliberado nos termos do artigo no 18, no 2, al\u00ednea c, dos Estatutos da UEM, aprovado pelo Decreto no 12\/95, de 25 de Abril do Conselho de Ministros (ref. Boletim da Rep\u00fablica II S\u00e9rie \u2013 N\u00famero 43, de 28 de Outubro de 2009 em anexo).\u00a0<br \/>O Projeto de cria\u00e7\u00e3o do CEDIR foi iniciado pela Faculdade de Direito (FD) da UEM, no \u00e2mbito do programa de Investiga\u00e7\u00e3o e Extens\u00e3o (Direito de Com\u00e9rcio Internacional e Integra\u00e7\u00e3o Regional). A cria\u00e7\u00e3o do CEDIR resultou das recomenda\u00e7\u00f5es da Primeira Confer\u00eancia Internacional sobre a Integra\u00e7\u00e3o Regional e o Direito da SADC, que teve lugar em Maputo de 23 a 25 de Abril de 2008.<\/p>\n<h3>Miss\u00e3o<\/h3>\n<p>Promover a integra\u00e7\u00e3o regional atrav\u00e9s da pesquisa, forma\u00e7\u00e3o, capacita\u00e7\u00e3o e assist\u00eancia t\u00e9cnica, e divulga\u00e7\u00e3o de conhecimentos baseados em evid\u00eancias, a n\u00edvel nacional e regional.<\/p>\n<h3>Vis\u00e3o<\/h3>\n<p>Ser um &#8220;Centro de Excel\u00eancia&#8221; que contribui efectivamente na operacionaliza\u00e7\u00e3o dos sistemas de legisla\u00e7\u00e3o harmonizados para boa governa\u00e7\u00e3o e prosperidade econ\u00f3mica, social e pol\u00edtica na regi\u00e3o da \u00c1frica Austral.<\/p>\n<h3>Valores<\/h3>\n<p>Inova\u00e7\u00e3o, excel\u00eancia, criatividade, \u00e9tica e deontologia profissional, transpar\u00eancia e boa governa\u00e7\u00e3o, alta qualidade e efici\u00eancia na presta\u00e7\u00e3o de servi\u00e7os a n\u00edvel nacional e regional.<\/p>\t\t\t\t\t\t\t\t<\/div>\n\t\t\t\t<\/div>\n\t\t\t\t\t<\/div>\n\t\t<\/div>\n\t\t\t\t\t<\/div>\n\t\t<\/section>\n\t\t\t\t<section class=\"elementor-section elementor-top-section elementor-element elementor-element-d7021ba elementor-section-boxed elementor-section-height-default elementor-section-height-default\" data-id=\"d7021ba\" data-element_type=\"section\" data-e-type=\"section\" data-settings=\"{&quot;_ha_eqh_enable&quot;:false}\">\n\t\t\t\t\t\t<div class=\"elementor-container elementor-column-gap-default\">\n\t\t\t\t\t<div class=\"elementor-column elementor-col-100 elementor-top-column elementor-element elementor-element-a980020\" data-id=\"a980020\" data-element_type=\"column\" data-e-type=\"column\">\n\t\t\t<div class=\"elementor-widget-wrap\">\n\t\t\t\t\t\t\t<\/div>\n\t\t<\/div>\n\t\t\t\t\t<\/div>\n\t\t<\/section>\n\t\t\t\t<\/div>\n\t\t","protected":false},"excerpt":{"rendered":"<p>Centro de Estudos sobre o Direito da Integra\u00e7\u00e3o Regional da SADC Centro de Estudos sobre o Direito da Integra\u00e7\u00e3o Regional da SADC O CEDIR \u00e9 uma unidade org\u00e2nica da Universidade Eduardo Mondlane (UEM) criada em 26 de Novembro de 2008, &hellip; <\/p>\n","protected":false},"author":7,"featured_media":0,"parent":0,"menu_order":0,"comment_status":"closed","ping_status":"closed","template":"elementor_header_footer","meta":{"footnotes":""},"class_list":["post-12610","page","type-page","status-publish","hentry"],"_links":{"self":[{"href":"https:\/\/site-teste.uem.mz\/index.php\/wp-json\/wp\/v2\/pages\/12610"}],"collection":[{"href":"https:\/\/site-teste.uem.mz\/index.php\/wp-json\/wp\/v2\/pages"}],"about":[{"href":"https:\/\/site-teste.uem.mz\/index.php\/wp-json\/wp\/v2\/types\/page"}],"author":[{"embeddable":true,"href":"https:\/\/site-teste.uem.mz\/index.php\/wp-json\/wp\/v2\/users\/7"}],"replies":[{"embeddable":true,"href":"https:\/\/site-teste.uem.mz\/index.php\/wp-json\/wp\/v2\/comments?post=12610"}],"version-history":[{"count":17,"href":"https:\/\/site-teste.uem.mz\/index.php\/wp-json\/wp\/v2\/pages\/12610\/revisions"}],"predecessor-version":[{"id":12628,"href":"https:\/\/site-teste.uem.mz\/index.php\/wp-json\/wp\/v2\/pages\/12610\/revisions\/12628"}],"wp:attachment":[{"href":"https:\/\/site-teste.uem.mz\/index.php\/wp-json\/wp\/v2\/media?parent=12610"}],"curies":[{"name":"wp","href":"https:\/\/api.w.org\/{rel}","templated":true}]}}