{"id":12602,"date":"2023-02-16T08:03:32","date_gmt":"2023-02-16T08:03:32","guid":{"rendered":"https:\/\/site-teste.uem.mz\/?page_id=12602"},"modified":"2023-02-16T08:05:40","modified_gmt":"2023-02-16T08:05:40","slug":"centro-de-estudos-e-apoio-psicologico","status":"publish","type":"page","link":"https:\/\/site-teste.uem.mz\/index.php\/centro-de-estudos-e-apoio-psicologico\/","title":{"rendered":"Centro de Estudos e Apoio Psicol\u00f3gico"},"content":{"rendered":"\t\t<div data-elementor-type=\"wp-page\" data-elementor-id=\"12602\" class=\"elementor elementor-12602\" data-elementor-settings=\"{&quot;ha_cmc_init_switcher&quot;:&quot;no&quot;}\" data-elementor-post-type=\"page\">\n\t\t\t\t\t\t<section class=\"elementor-section elementor-top-section elementor-element elementor-element-10d6585 elementor-section-boxed elementor-section-height-default elementor-section-height-default\" data-id=\"10d6585\" data-element_type=\"section\" data-e-type=\"section\" data-settings=\"{&quot;_ha_eqh_enable&quot;:false}\">\n\t\t\t\t\t\t<div class=\"elementor-container elementor-column-gap-default\">\n\t\t\t\t\t<div class=\"elementor-column elementor-col-100 elementor-top-column elementor-element elementor-element-88b37e4\" data-id=\"88b37e4\" data-element_type=\"column\" data-e-type=\"column\">\n\t\t\t<div class=\"elementor-widget-wrap elementor-element-populated\">\n\t\t\t\t\t\t<div class=\"elementor-element elementor-element-1d9570c elementor-widget elementor-widget-heading\" data-id=\"1d9570c\" data-element_type=\"widget\" data-e-type=\"widget\" data-widget_type=\"heading.default\">\n\t\t\t\t<div class=\"elementor-widget-container\">\n\t\t\t\t\t<h2 class=\"elementor-heading-title elementor-size-default\">Centro de Estudos de Apoio Psicol\u00f3gico<\/h2>\t\t\t\t<\/div>\n\t\t\t\t<\/div>\n\t\t\t\t\t<\/div>\n\t\t<\/div>\n\t\t\t\t\t<\/div>\n\t\t<\/section>\n\t\t\t\t<section class=\"elementor-section elementor-top-section elementor-element elementor-element-0f6fac4 elementor-section-boxed elementor-section-height-default elementor-section-height-default\" data-id=\"0f6fac4\" data-element_type=\"section\" data-e-type=\"section\" data-settings=\"{&quot;_ha_eqh_enable&quot;:false}\">\n\t\t\t\t\t\t<div class=\"elementor-container elementor-column-gap-default\">\n\t\t\t\t\t<div class=\"elementor-column elementor-col-100 elementor-top-column elementor-element elementor-element-e1a3d96\" data-id=\"e1a3d96\" data-element_type=\"column\" data-e-type=\"column\">\n\t\t\t<div class=\"elementor-widget-wrap elementor-element-populated\">\n\t\t\t\t\t\t<div class=\"elementor-element elementor-element-9323222 elementor-widget elementor-widget-text-editor\" data-id=\"9323222\" data-element_type=\"widget\" data-e-type=\"widget\" data-widget_type=\"text-editor.default\">\n\t\t\t\t<div class=\"elementor-widget-container\">\n\t\t\t\t\t\t\t\t\t<h2><strong style=\"color: var( --e-global-color-text ); font-family: var( --e-global-typography-text-font-family ), Sans-serif; font-size: 15px;\">O centro de Aconselhamento e Apoio Psicol\u00f3gico (CEAP)<\/strong><span style=\"color: var( --e-global-color-text ); font-family: var( --e-global-typography-text-font-family ), Sans-serif; font-weight: var( --e-global-typography-text-font-weight ); font-size: 15px;\">\u00a0\u00e9 um centro aberto na\u00a0<\/span><strong style=\"color: var( --e-global-color-text ); font-family: var( --e-global-typography-text-font-family ), Sans-serif; font-size: 15px;\">Faculdade de Educa\u00e7\u00e3o<\/strong><span style=\"color: var( --e-global-color-text ); font-family: var( --e-global-typography-text-font-family ), Sans-serif; font-weight: var( --e-global-typography-text-font-weight ); font-size: 15px;\">\u00a0para prestar apoio psicol\u00f3gico \u00e0 comunidade universit\u00e1ria (estudantes, corpo t\u00e9cnico administrativo, docentes) e ao p\u00fablico em geral. No \u00e2mbito dos servi\u00e7os oferecidos pelo Centro destaca-se as seguintes especialidades:<\/span><\/h2><ul><li>Psicologia Cl\u00ednica e Psicoterapia de Apoio;<\/li><li>Aconselhamento Psicol\u00f3gico;<\/li><li>Consulta de Necessidades Educativas Especiais e Dificuldades de Aprendizagem;<\/li><li>Orienta\u00e7\u00e3o Escolar, Vocacional e Profissional; e<\/li><li>Consultas de Terapia Familiar e Comunit\u00e1ria.<\/li><\/ul><p>Todos os servi\u00e7os oferecidos pelo Centro garantem acompanhamento e qualidade profissional dentro dos padr\u00f5es orientadores na classe profissional em Psicologia, por\u00e9m \u00e9 recomendada a marca\u00e7\u00e3o pr\u00e9via para acesso ao atendimento. Est\u00e1 dispon\u00edvel no Centro uma equipe de secretariado que garante o servi\u00e7o de marca\u00e7\u00e3o de consultas e oferece informa\u00e7\u00f5es aos utentes.<br \/>\u00c9 cobrada uma taxa simb\u00f3lica para cada atendimento como forma de garantir responsabilidade por parte dos usu\u00e1rios dos servi\u00e7os no concernente ao cumprimento dos hor\u00e1rios das consultas bem como a ader\u00eancia das mesmas.<\/p><p>Para mais informa\u00e7\u00f5es, pode entrar em contacto connosco atrav\u00e9s dos contactos:<\/p><p>\u00a0<\/p><table><tbody><tr><td><strong>\u00a0\u00a0\u00a0\u00a0\u00a0\u00a0\u00a0\u00a0\u00a0<\/strong><\/td><td><strong>Endere\u00e7o:<\/strong><\/td><td><strong>Campus principal \u2013 Edif\u00edcio da Faculdade de Educa\u00e7\u00e3o, gabinete 308, 2\u00ba andar<\/strong><\/td><\/tr><tr><td><strong>\u00a0<\/strong><\/td><td><strong>E-mail:<\/strong><\/td><td><a href=\"mailto:ceap.uem@gmail.com\">ceap.uem@gmail.com<\/a><\/td><\/tr><tr><td><strong>\u00a0<\/strong><\/td><td><strong>Telefone\/Fax:<\/strong><\/td><td><strong>21 493313<\/strong><\/td><\/tr><tr><td><strong>\u00a0<\/strong><\/td><td><strong>O Coordenador:<\/strong><\/td><td>dr Augusto J. Guambe<br \/><a href=\"mailto:augusto.guambe@uem.mz\">augusto.guambe@uem.mz<\/a><\/td><\/tr><\/tbody><\/table>\t\t\t\t\t\t\t\t<\/div>\n\t\t\t\t<\/div>\n\t\t\t\t\t<\/div>\n\t\t<\/div>\n\t\t\t\t\t<\/div>\n\t\t<\/section>\n\t\t\t\t<\/div>\n\t\t","protected":false},"excerpt":{"rendered":"<p>Centro de Estudos de Apoio Psicol\u00f3gico O centro de Aconselhamento e Apoio Psicol\u00f3gico (CEAP)\u00a0\u00e9 um centro aberto na\u00a0Faculdade de Educa\u00e7\u00e3o\u00a0para prestar apoio psicol\u00f3gico \u00e0 comunidade universit\u00e1ria (estudantes, corpo t\u00e9cnico administrativo, docentes) e ao p\u00fablico em geral. No \u00e2mbito dos servi\u00e7os &hellip; <\/p>\n","protected":false},"author":7,"featured_media":0,"parent":0,"menu_order":0,"comment_status":"closed","ping_status":"closed","template":"elementor_header_footer","meta":{"footnotes":""},"class_list":["post-12602","page","type-page","status-publish","hentry"],"_links":{"self":[{"href":"https:\/\/site-teste.uem.mz\/index.php\/wp-json\/wp\/v2\/pages\/12602"}],"collection":[{"href":"https:\/\/site-teste.uem.mz\/index.php\/wp-json\/wp\/v2\/pages"}],"about":[{"href":"https:\/\/site-teste.uem.mz\/index.php\/wp-json\/wp\/v2\/types\/page"}],"author":[{"embeddable":true,"href":"https:\/\/site-teste.uem.mz\/index.php\/wp-json\/wp\/v2\/users\/7"}],"replies":[{"embeddable":true,"href":"https:\/\/site-teste.uem.mz\/index.php\/wp-json\/wp\/v2\/comments?post=12602"}],"version-history":[{"count":7,"href":"https:\/\/site-teste.uem.mz\/index.php\/wp-json\/wp\/v2\/pages\/12602\/revisions"}],"predecessor-version":[{"id":12609,"href":"https:\/\/site-teste.uem.mz\/index.php\/wp-json\/wp\/v2\/pages\/12602\/revisions\/12609"}],"wp:attachment":[{"href":"https:\/\/site-teste.uem.mz\/index.php\/wp-json\/wp\/v2\/media?parent=12602"}],"curies":[{"name":"wp","href":"https:\/\/api.w.org\/{rel}","templated":true}]}}