{"id":12585,"date":"2023-02-16T07:35:42","date_gmt":"2023-02-16T07:35:42","guid":{"rendered":"https:\/\/site-teste.uem.mz\/?page_id=12585"},"modified":"2023-02-21T10:48:55","modified_gmt":"2023-02-21T10:48:55","slug":"centro-de-estudos-industriais-seguranca-e-ambiente-abreviadamente","status":"publish","type":"page","link":"https:\/\/site-teste.uem.mz\/index.php\/centro-de-estudos-industriais-seguranca-e-ambiente-abreviadamente\/","title":{"rendered":"Centro de Estudos Industriais, Seguran\u00e7a e Ambiente, abreviadamente"},"content":{"rendered":"\t\t<div data-elementor-type=\"wp-page\" data-elementor-id=\"12585\" class=\"elementor elementor-12585\" data-elementor-settings=\"{&quot;ha_cmc_init_switcher&quot;:&quot;no&quot;}\" data-elementor-post-type=\"page\">\n\t\t\t\t\t\t<section class=\"elementor-section elementor-top-section elementor-element elementor-element-10d6585 elementor-section-boxed elementor-section-height-default elementor-section-height-default\" data-id=\"10d6585\" data-element_type=\"section\" data-e-type=\"section\" data-settings=\"{&quot;_ha_eqh_enable&quot;:false}\">\n\t\t\t\t\t\t<div class=\"elementor-container elementor-column-gap-default\">\n\t\t\t\t\t<div class=\"elementor-column elementor-col-100 elementor-top-column elementor-element elementor-element-88b37e4\" data-id=\"88b37e4\" data-element_type=\"column\" data-e-type=\"column\">\n\t\t\t<div class=\"elementor-widget-wrap elementor-element-populated\">\n\t\t\t\t\t\t<div class=\"elementor-element elementor-element-1d9570c elementor-widget elementor-widget-heading\" data-id=\"1d9570c\" data-element_type=\"widget\" data-e-type=\"widget\" data-widget_type=\"heading.default\">\n\t\t\t\t<div class=\"elementor-widget-container\">\n\t\t\t\t\t<h2 class=\"elementor-heading-title elementor-size-default\">Centro de Estudos Industriais, Seguran\u00e7a e Ambiente, abreviadamente<\/h2>\t\t\t\t<\/div>\n\t\t\t\t<\/div>\n\t\t\t\t\t<\/div>\n\t\t<\/div>\n\t\t\t\t\t<\/div>\n\t\t<\/section>\n\t\t\t\t<section class=\"elementor-section elementor-top-section elementor-element elementor-element-0f6fac4 elementor-section-boxed elementor-section-height-default elementor-section-height-default\" data-id=\"0f6fac4\" data-element_type=\"section\" data-e-type=\"section\" data-settings=\"{&quot;_ha_eqh_enable&quot;:false}\">\n\t\t\t\t\t\t<div class=\"elementor-container elementor-column-gap-default\">\n\t\t\t\t\t<div class=\"elementor-column elementor-col-100 elementor-top-column elementor-element elementor-element-e1a3d96\" data-id=\"e1a3d96\" data-element_type=\"column\" data-e-type=\"column\">\n\t\t\t<div class=\"elementor-widget-wrap elementor-element-populated\">\n\t\t\t\t\t\t<div class=\"elementor-element elementor-element-9323222 elementor-widget elementor-widget-text-editor\" data-id=\"9323222\" data-element_type=\"widget\" data-e-type=\"widget\" data-widget_type=\"text-editor.default\">\n\t\t\t\t<div class=\"elementor-widget-container\">\n\t\t\t\t\t\t\t\t\t<p>O<strong>\u00a0Centro de Estudos Industriais, Seguran\u00e7a e Ambiente, abreviadamente<\/strong>, designado por\u00a0<strong>CEISA<\/strong>, \u00e9 uma unidade org\u00e2nica da Universidade Eduardo Mondlane. Criado em 1997, o Centro \u00e9 vocacionado para a investiga\u00e7\u00e3o cient\u00edfica, extens\u00e3o e presta\u00e7\u00e3o de servi\u00e7os nas \u00e1reas de Sa\u00fade e Seguran\u00e7a Ocupacional e Meio Ambiente. O CEISA serve de interface entre a UEM e o Governo, Sector Privado e a Comunidade nas \u00e1reas de Sa\u00fade e Seguran\u00e7a Ocupacional e Meio Ambiente.<\/p><p><strong>Miss\u00e3o<\/strong><br \/>O CEISA prossegue na sua \u00e1rea de actua\u00e7\u00e3o, com a seguinte miss\u00e3o:<\/p><ul><li>Realizar investiga\u00e7\u00e3o cient\u00edfica, extens\u00e3o e presta\u00e7\u00e3o de servi\u00e7os especializados nas mat\u00e9rias de Sa\u00fade e Seguran\u00e7a Ocupacional e Meio Ambiente;<\/li><li>Prestar apoio ao ensino, organizar eventos cient\u00edficos e realizar cursos de curta dura\u00e7\u00e3o, a serem ministrados pelo pessoal t\u00e9cnico do Centro e seus colaboradores.<\/li><li>O Centro actua em todo o territ\u00f3rio nacional conjuntamente com os seus colaboradores e parceiros em prol do desenvolvimento sustent\u00e1vel do pa\u00eds.<\/li><\/ul><p><strong>Objectivos<\/strong><br \/>Constitui os objectivos do Centro os seguintes:<\/p><ul><li>Realizar actividades de extens\u00e3o e presta\u00e7\u00e3o de servi\u00e7os especializados \u00e0 UEM, Governo e Sector Privado em mat\u00e9rias de Sa\u00fade e Seguran\u00e7a Ocupacional (SSO) e Meio Ambiente;<\/li><li>Realizar ac\u00e7\u00f5es de actualiza\u00e7\u00e3o dos conhecimentos dos quadros e graduados de acordo com o progresso internacional das normas e padr\u00f5es de SSO e Meio Ambiente;<\/li><li>Promover e incentivar a investiga\u00e7\u00e3o cient\u00edfica, estudar as aplica\u00e7\u00f5es da ci\u00eancia e da t\u00e9cnica nas \u00e1reas de SSO e Meio Ambiente;<\/li><li>Estabelecer rela\u00e7\u00f5es de interc\u00e2mbio cultural, cient\u00edfico e tecnol\u00f3gico com institui\u00e7\u00f5es nacionais e estrangeiras nas \u00e1reas de SSO e Meio Ambiente;<\/li><li>Divulgar o conhecimento cient\u00edfico, a transfer\u00eancia de tecnologias e os resultados da sua pesquisa para a sociedade nas mat\u00e9rias de SSO e Meio Ambiente;<\/li><li>Realizar cursos de curta dura\u00e7\u00e3o nas \u00e1reas de SSO e Meio Ambiente;<\/li><li>Assistir as actividades de doc\u00eancia nos cursos de gradua\u00e7\u00e3o e p\u00f3s Gradua\u00e7\u00e3o nas \u00e1reas de SSO e Meio Ambiente;<\/li><li>Promover o relacionamento da UEM com o sector produtivo nacional nas \u00e1reas de SSO e Meio Ambiente.<\/li><\/ul><p><strong>Princ\u00edpios<\/strong><\/p><ul><li>As actividades do Centro de Estudos Industriais, Seguran\u00e7a e Ambiente assentam principalmente nas seguintes premissas:<\/li><li>Liberdade intelectual de investiga\u00e7\u00e3o cient\u00edfica;<\/li><li>Valoriza\u00e7\u00e3o dos ideais da p\u00e1tria, ci\u00eancia, tecnologia e humanidade;<\/li><li>Cria\u00e7\u00e3o cultural e cient\u00edfica;<\/li><li>Participa\u00e7\u00e3o no desenvolvimento econ\u00f3mico, cient\u00edfico, social e cultural do pa\u00eds, da regi\u00e3o e do Mundo;<\/li><li>Democracia e respeito pelos direitos humanos;<\/li><li>Igualdade e n\u00e3o discrimina\u00e7\u00e3o.<\/li><\/ul><p><strong>Endere\u00e7o e Contacto<\/strong><br \/>Rua Joseph Ki-Zerbo\u00a0n<sup>o<\/sup>\u00a0170 R\/C<br \/>Maputo-Mo\u00e7ambique<br \/>Telefone: (258) 21 497 120<br \/>Fax: (258) 21 497 123<br \/>e-mail:\u00a0<a href=\"mailto:ceisa@uem.mz\">ceisa@uem.mz<\/a><br \/>Website:\u00a0<a href=\"http:\/\/ceisa.uem.mz\/\">http:\/\/ceisa.uem.mz\/<\/a><\/p>\t\t\t\t\t\t\t\t<\/div>\n\t\t\t\t<\/div>\n\t\t\t\t\t<\/div>\n\t\t<\/div>\n\t\t\t\t\t<\/div>\n\t\t<\/section>\n\t\t\t\t<\/div>\n\t\t","protected":false},"excerpt":{"rendered":"<p>Centro de Estudos Industriais, Seguran\u00e7a e Ambiente, abreviadamente O&nbsp;Centro de Estudos Industriais, Seguran\u00e7a e Ambiente, abreviadamente, designado por&nbsp;CEISA, \u00e9 uma unidade org\u00e2nica da Universidade Eduardo Mondlane. Criado em 1997, o Centro \u00e9 vocacionado para a investiga\u00e7\u00e3o cient\u00edfica, extens\u00e3o e presta\u00e7\u00e3o &hellip; <\/p>\n","protected":false},"author":7,"featured_media":0,"parent":0,"menu_order":0,"comment_status":"closed","ping_status":"closed","template":"elementor_header_footer","meta":{"footnotes":""},"class_list":["post-12585","page","type-page","status-publish","hentry"],"_links":{"self":[{"href":"https:\/\/site-teste.uem.mz\/index.php\/wp-json\/wp\/v2\/pages\/12585"}],"collection":[{"href":"https:\/\/site-teste.uem.mz\/index.php\/wp-json\/wp\/v2\/pages"}],"about":[{"href":"https:\/\/site-teste.uem.mz\/index.php\/wp-json\/wp\/v2\/types\/page"}],"author":[{"embeddable":true,"href":"https:\/\/site-teste.uem.mz\/index.php\/wp-json\/wp\/v2\/users\/7"}],"replies":[{"embeddable":true,"href":"https:\/\/site-teste.uem.mz\/index.php\/wp-json\/wp\/v2\/comments?post=12585"}],"version-history":[{"count":5,"href":"https:\/\/site-teste.uem.mz\/index.php\/wp-json\/wp\/v2\/pages\/12585\/revisions"}],"predecessor-version":[{"id":12590,"href":"https:\/\/site-teste.uem.mz\/index.php\/wp-json\/wp\/v2\/pages\/12585\/revisions\/12590"}],"wp:attachment":[{"href":"https:\/\/site-teste.uem.mz\/index.php\/wp-json\/wp\/v2\/media?parent=12585"}],"curies":[{"name":"wp","href":"https:\/\/api.w.org\/{rel}","templated":true}]}}