{"id":12577,"date":"2023-02-16T07:24:20","date_gmt":"2023-02-16T07:24:20","guid":{"rendered":"https:\/\/site-teste.uem.mz\/?page_id=12577"},"modified":"2023-02-16T07:34:21","modified_gmt":"2023-02-16T07:34:21","slug":"centro-de-ensino-a-distancia","status":"publish","type":"page","link":"https:\/\/site-teste.uem.mz\/index.php\/centro-de-ensino-a-distancia\/","title":{"rendered":"Centro de Ensino \u00e0 Dist\u00e2ncia"},"content":{"rendered":"\t\t<div data-elementor-type=\"wp-page\" data-elementor-id=\"12577\" class=\"elementor elementor-12577\" data-elementor-settings=\"{&quot;ha_cmc_init_switcher&quot;:&quot;no&quot;}\" data-elementor-post-type=\"page\">\n\t\t\t\t\t\t<section class=\"elementor-section elementor-top-section elementor-element elementor-element-10d6585 elementor-section-boxed elementor-section-height-default elementor-section-height-default\" data-id=\"10d6585\" data-element_type=\"section\" data-e-type=\"section\" data-settings=\"{&quot;_ha_eqh_enable&quot;:false}\">\n\t\t\t\t\t\t<div class=\"elementor-container elementor-column-gap-default\">\n\t\t\t\t\t<div class=\"elementor-column elementor-col-100 elementor-top-column elementor-element elementor-element-88b37e4\" data-id=\"88b37e4\" data-element_type=\"column\" data-e-type=\"column\">\n\t\t\t<div class=\"elementor-widget-wrap elementor-element-populated\">\n\t\t\t\t\t\t<div class=\"elementor-element elementor-element-1d9570c elementor-widget elementor-widget-heading\" data-id=\"1d9570c\" data-element_type=\"widget\" data-e-type=\"widget\" data-widget_type=\"heading.default\">\n\t\t\t\t<div class=\"elementor-widget-container\">\n\t\t\t\t\t<h2 class=\"elementor-heading-title elementor-size-default\">Centro de Ensino a Dist\u00e2ncia<\/h2>\t\t\t\t<\/div>\n\t\t\t\t<\/div>\n\t\t\t\t\t<\/div>\n\t\t<\/div>\n\t\t\t\t\t<\/div>\n\t\t<\/section>\n\t\t\t\t<section class=\"elementor-section elementor-top-section elementor-element elementor-element-0f6fac4 elementor-section-boxed elementor-section-height-default elementor-section-height-default\" data-id=\"0f6fac4\" data-element_type=\"section\" data-e-type=\"section\" data-settings=\"{&quot;_ha_eqh_enable&quot;:false}\">\n\t\t\t\t\t\t<div class=\"elementor-container elementor-column-gap-default\">\n\t\t\t\t\t<div class=\"elementor-column elementor-col-100 elementor-top-column elementor-element elementor-element-e1a3d96\" data-id=\"e1a3d96\" data-element_type=\"column\" data-e-type=\"column\">\n\t\t\t<div class=\"elementor-widget-wrap elementor-element-populated\">\n\t\t\t\t\t\t<div class=\"elementor-element elementor-element-9323222 elementor-widget elementor-widget-text-editor\" data-id=\"9323222\" data-element_type=\"widget\" data-e-type=\"widget\" data-widget_type=\"text-editor.default\">\n\t\t\t\t<div class=\"elementor-widget-container\">\n\t\t\t\t\t\t\t\t\t<p>O Centro de Ensino a Dist\u00e2ncia, designado por CEND, \u00e9 uma unidade org\u00e2nica da Universidade Eduardo Mondlane (UEM) que se dedica \u00e0 operacionaliza\u00e7\u00e3o de iniciativas de Ensino a Dist\u00e2ncia (EaD) assim como \u00e0 promo\u00e7\u00e3o e coordena\u00e7\u00e3o das actividades de EaD a n\u00edvel das faculdades de modo a garantir que as diferentes unidades org\u00e2nicas de ensino ofere\u00e7am cursos a dist\u00e2ncia de qualidade e relev\u00e2ncia, atrav\u00e9s de tecnologias sofisticadas e modelos apropriados.<\/p><p>O CEND foi criado atrav\u00e9s da delibera\u00e7\u00e3o 13\/CUN\/2002, de 29 de Novembro, publicada no BR, II s\u00e9rie, n\u00ba 51, de 18\/12\/02, estando criadas as condi\u00e7\u00f5es jur\u00eddico-institucionais para tornar a UEM numa institui\u00e7\u00e3o de ensino superior bi-modal, ou seja, provedora de ensino presencial e \u00e0 dist\u00e2ncia. As normas que regem o funcionamento do CEND est\u00e3o plasmadas no seu regulamento aprovado por Delibera\u00e7\u00e3o 7\/CUN\/2004 de 16 de Dezembro, publicado no BR, II s\u00e9rie, n\u00ba 9, de 01\/03\/06.<br \/>Veja em anexo o regulamento do CEND<\/p><p>O EaD havia sido inscrito no Objectivo 8 do Plano Estrat\u00e9gico da UEM (1999\/2003). A integra\u00e7\u00e3o do EaD na estrat\u00e9gia da UEM surgiu como resposta, por um lado, ao n\u00famero limitado de vagas no ensino convencional que era insuficiente para atender a grande demanda de acesso ao Ensino Superior que se verificava na \u00e9poca; e por outro, a localiza\u00e7\u00e3o da UEM, que n\u00e3o permite cobrir todo o Pa\u00eds em termos territoriais. Da\u00ed que o objectivo do EaD \u00e9 alargar o acesso ao ensino superior aos cidad\u00e3os que por v\u00e1rias raz\u00f5es como por exemplo, profissionais, n\u00e3o podem frequentar uma institui\u00e7\u00e3o de ensino presencial, e, ao mesmo tempo, dar oportunidades aos docentes de participarem em cursos de curta dura\u00e7\u00e3o de \u00edndole profissional sem o abandono das salas de aulas.<br \/>A primeira experi\u00eancia de EaD foi em 2008, que consistiu\u00a0 numa Licenciatura em Gest\u00e3o de Neg\u00f3cios com a Faculdade de Economia, e, a seguir, num Mestrado em Educa\u00e7\u00e3o Agr\u00e1ria com a Faculdade de Agronomia e Engenharia Florestal.<\/p><p><br \/><br \/><\/p>\t\t\t\t\t\t\t\t<\/div>\n\t\t\t\t<\/div>\n\t\t\t\t\t<\/div>\n\t\t<\/div>\n\t\t\t\t\t<\/div>\n\t\t<\/section>\n\t\t\t\t<section class=\"elementor-section elementor-top-section elementor-element elementor-element-c44c341 elementor-section-boxed elementor-section-height-default elementor-section-height-default\" data-id=\"c44c341\" data-element_type=\"section\" data-e-type=\"section\" data-settings=\"{&quot;_ha_eqh_enable&quot;:false}\">\n\t\t\t\t\t\t<div class=\"elementor-container elementor-column-gap-default\">\n\t\t\t\t\t<div class=\"elementor-column elementor-col-100 elementor-top-column elementor-element elementor-element-a8b093f\" data-id=\"a8b093f\" data-element_type=\"column\" data-e-type=\"column\">\n\t\t\t<div class=\"elementor-widget-wrap\">\n\t\t\t\t\t\t\t<\/div>\n\t\t<\/div>\n\t\t\t\t\t<\/div>\n\t\t<\/section>\n\t\t\t\t<\/div>\n\t\t","protected":false},"excerpt":{"rendered":"<p>Centro de Ensino a Dist\u00e2ncia O Centro de Ensino a Dist\u00e2ncia, designado por CEND, \u00e9 uma unidade org\u00e2nica da Universidade Eduardo Mondlane (UEM) que se dedica \u00e0 operacionaliza\u00e7\u00e3o de iniciativas de Ensino a Dist\u00e2ncia (EaD) assim como \u00e0 promo\u00e7\u00e3o e &hellip; <\/p>\n","protected":false},"author":7,"featured_media":0,"parent":0,"menu_order":0,"comment_status":"closed","ping_status":"closed","template":"elementor_header_footer","meta":{"footnotes":""},"class_list":["post-12577","page","type-page","status-publish","hentry"],"_links":{"self":[{"href":"https:\/\/site-teste.uem.mz\/index.php\/wp-json\/wp\/v2\/pages\/12577"}],"collection":[{"href":"https:\/\/site-teste.uem.mz\/index.php\/wp-json\/wp\/v2\/pages"}],"about":[{"href":"https:\/\/site-teste.uem.mz\/index.php\/wp-json\/wp\/v2\/types\/page"}],"author":[{"embeddable":true,"href":"https:\/\/site-teste.uem.mz\/index.php\/wp-json\/wp\/v2\/users\/7"}],"replies":[{"embeddable":true,"href":"https:\/\/site-teste.uem.mz\/index.php\/wp-json\/wp\/v2\/comments?post=12577"}],"version-history":[{"count":7,"href":"https:\/\/site-teste.uem.mz\/index.php\/wp-json\/wp\/v2\/pages\/12577\/revisions"}],"predecessor-version":[{"id":12584,"href":"https:\/\/site-teste.uem.mz\/index.php\/wp-json\/wp\/v2\/pages\/12577\/revisions\/12584"}],"wp:attachment":[{"href":"https:\/\/site-teste.uem.mz\/index.php\/wp-json\/wp\/v2\/media?parent=12577"}],"curies":[{"name":"wp","href":"https:\/\/api.w.org\/{rel}","templated":true}]}}