{"id":12548,"date":"2023-02-15T13:31:49","date_gmt":"2023-02-15T13:31:49","guid":{"rendered":"https:\/\/site-teste.uem.mz\/?page_id=12548"},"modified":"2023-02-15T13:32:27","modified_gmt":"2023-02-15T13:32:27","slug":"centro-de-desenvolvimento-academico","status":"publish","type":"page","link":"https:\/\/site-teste.uem.mz\/index.php\/centro-de-desenvolvimento-academico\/","title":{"rendered":"Centro de Desenvolvimento Acad\u00e9mico"},"content":{"rendered":"\t\t<div data-elementor-type=\"wp-page\" data-elementor-id=\"12548\" class=\"elementor elementor-12548\" data-elementor-settings=\"{&quot;ha_cmc_init_switcher&quot;:&quot;no&quot;}\" data-elementor-post-type=\"page\">\n\t\t\t\t\t\t<section class=\"elementor-section elementor-top-section elementor-element elementor-element-10d6585 elementor-section-boxed elementor-section-height-default elementor-section-height-default\" data-id=\"10d6585\" data-element_type=\"section\" data-e-type=\"section\" data-settings=\"{&quot;_ha_eqh_enable&quot;:false}\">\n\t\t\t\t\t\t<div class=\"elementor-container elementor-column-gap-default\">\n\t\t\t\t\t<div class=\"elementor-column elementor-col-100 elementor-top-column elementor-element elementor-element-88b37e4\" data-id=\"88b37e4\" data-element_type=\"column\" data-e-type=\"column\">\n\t\t\t<div class=\"elementor-widget-wrap elementor-element-populated\">\n\t\t\t\t\t\t<div class=\"elementor-element elementor-element-1d9570c elementor-widget elementor-widget-heading\" data-id=\"1d9570c\" data-element_type=\"widget\" data-e-type=\"widget\" data-widget_type=\"heading.default\">\n\t\t\t\t<div class=\"elementor-widget-container\">\n\t\t\t\t\t<h2 class=\"elementor-heading-title elementor-size-default\">Centro de Desenvolvimento Acad\u00e9mico<\/h2>\t\t\t\t<\/div>\n\t\t\t\t<\/div>\n\t\t\t\t\t<\/div>\n\t\t<\/div>\n\t\t\t\t\t<\/div>\n\t\t<\/section>\n\t\t\t\t<section class=\"elementor-section elementor-top-section elementor-element elementor-element-0f6fac4 elementor-section-boxed elementor-section-height-default elementor-section-height-default\" data-id=\"0f6fac4\" data-element_type=\"section\" data-e-type=\"section\" data-settings=\"{&quot;_ha_eqh_enable&quot;:false}\">\n\t\t\t\t\t\t<div class=\"elementor-container elementor-column-gap-default\">\n\t\t\t\t\t<div class=\"elementor-column elementor-col-100 elementor-top-column elementor-element elementor-element-e1a3d96\" data-id=\"e1a3d96\" data-element_type=\"column\" data-e-type=\"column\">\n\t\t\t<div class=\"elementor-widget-wrap elementor-element-populated\">\n\t\t\t\t\t\t<div class=\"elementor-element elementor-element-9323222 elementor-widget elementor-widget-text-editor\" data-id=\"9323222\" data-element_type=\"widget\" data-e-type=\"widget\" data-widget_type=\"text-editor.default\">\n\t\t\t\t<div class=\"elementor-widget-container\">\n\t\t\t\t\t\t\t\t\t<p>O\u00a0<strong>Centro de Desenvolvimento Acad\u00e9mico (CDA<\/strong>) \u00e9 um Centro adstrito \u00e0\u00a0<strong>Faculdade de Educa\u00e7\u00e3o<\/strong>, com a miss\u00e3o de capacitar docentes em servi\u00e7o na\u00a0<strong>Universidade Eduardo Mondlane<\/strong>\u00a0e demais institui\u00e7\u00f5es do Ensino Superior em mat\u00e9rias de metodologias de ensino bem como dar apoio acad\u00e9mico aos estudantes. O mesmo resulta da institucionaliza\u00e7\u00e3o do programa\u00a0<strong>STADEP (Staff Development Program<\/strong>), um programa de coopera\u00e7\u00e3o entre a\u00a0<strong>Universidade de Eduardo Mondlane<\/strong>\u00a0e a\u00a0<strong>Universidade de Gr\u00f6ningen (Holanda)<\/strong>\u00a0na \u00e1rea de forma\u00e7\u00e3o pedag\u00f3gica de docentes da UEM.<\/p><p>Com a reabertura da Faculdade de Educa\u00e7\u00e3o em 2000, o\u00a0<strong>STADEP<\/strong>\u00a0constitui-se em\u00a0<strong>Centro de Desenvolvimento Acad\u00e9mico (CDA)<\/strong>\u00a0passando a fazer parte integrante da Faculdade de Educa\u00e7\u00e3o (FACED). Para dar resposta \u00e0s necessidades dos docentes e dos estudantes e ao Plano Estrat\u00e9gico da UEM, o CDA adicionou nos seus cursos, que anteriormente oferecia, as seguintes componentes:<\/p><ul><li>Apoio Acad\u00e9mico aos estudantes;<\/li><li>Promo\u00e7\u00e3o do ensino centrado no estudante (m\u00e9todos activos e participativos);<\/li><li>Promo\u00e7\u00e3o do uso das TIC (e-learning); e<\/li><li>Apoio ao desenvolvimento curricular nas faculdades \u00e0 luz do actual quadro curricular da UEM.<\/li><\/ul><p>Como resultado das recomenda\u00e7\u00f5es do estudo de reflex\u00e3o visando o levantamento das necessidades de forma\u00e7\u00e3o psico-pedag\u00f3gica dos docentes da UEM e das IES parceiras, seguiu-se a elabora\u00e7\u00e3o do Plano de Forma\u00e7\u00e3o Cont\u00ednua e Desenvolvimento Profissional dos Docentes da UEM 2012-15. Este plano \u00e9 constitu\u00eddo por um total de 14 (catorze) m\u00f3dulos, incluindo as estrat\u00e9gias para a sua implementa\u00e7\u00e3o.<\/p><p>A nova filosofia de forma\u00e7\u00e3o dos docentes do ensino superior apresentada por este plano, prev\u00ea um sistema de certifica\u00e7\u00e3o e acredita\u00e7\u00e3o, estabelecidos no Regulamento do Quadro Nacional de Qualifica\u00e7\u00e3o do Ensino Superior (2010) no que se refere aos cursos profissionalizantes, de curta dura\u00e7\u00e3o e ao Sistema de Acumula\u00e7\u00e3o e Transfer\u00eancia de Cr\u00e9ditos Acad\u00e9micos (2010).<\/p><p>Para mais informa\u00e7\u00f5es detalhadas sobre outros aspectos inerentes as estrat\u00e9gias de forma\u00e7\u00e3o, consulte a brochura do CDA dispon\u00edvel na FACED e no seu website\u00a0<a href=\"http:\/\/www.faced.uem.mz\/\" target=\"_blank\" rel=\"noopener\">www.faced.uem.mz<\/a>, ou contacte a Direc\u00e7\u00e3o do CDA no seguinte endere\u00e7o:<\/p><p>\u00a0<\/p><table><tbody><tr><td><strong>Directora do Centro:\u00a0<\/strong><\/td><td>dra Marta Mendon\u00e7a<br \/><a href=\"mailto:marta.mendonca@uem.mz\">marta.mendonca@uem.mz<\/a><\/td><\/tr><\/tbody><\/table>\t\t\t\t\t\t\t\t<\/div>\n\t\t\t\t<\/div>\n\t\t\t\t\t<\/div>\n\t\t<\/div>\n\t\t\t\t\t<\/div>\n\t\t<\/section>\n\t\t\t\t<\/div>\n\t\t","protected":false},"excerpt":{"rendered":"<p>Centro de Desenvolvimento Acad\u00e9mico O\u00a0Centro de Desenvolvimento Acad\u00e9mico (CDA) \u00e9 um Centro adstrito \u00e0\u00a0Faculdade de Educa\u00e7\u00e3o, com a miss\u00e3o de capacitar docentes em servi\u00e7o na\u00a0Universidade Eduardo Mondlane\u00a0e demais institui\u00e7\u00f5es do Ensino Superior em mat\u00e9rias de metodologias de ensino bem como &hellip; <\/p>\n","protected":false},"author":7,"featured_media":0,"parent":0,"menu_order":0,"comment_status":"closed","ping_status":"closed","template":"elementor_header_footer","meta":{"footnotes":""},"class_list":["post-12548","page","type-page","status-publish","hentry"],"_links":{"self":[{"href":"https:\/\/site-teste.uem.mz\/index.php\/wp-json\/wp\/v2\/pages\/12548"}],"collection":[{"href":"https:\/\/site-teste.uem.mz\/index.php\/wp-json\/wp\/v2\/pages"}],"about":[{"href":"https:\/\/site-teste.uem.mz\/index.php\/wp-json\/wp\/v2\/types\/page"}],"author":[{"embeddable":true,"href":"https:\/\/site-teste.uem.mz\/index.php\/wp-json\/wp\/v2\/users\/7"}],"replies":[{"embeddable":true,"href":"https:\/\/site-teste.uem.mz\/index.php\/wp-json\/wp\/v2\/comments?post=12548"}],"version-history":[{"count":4,"href":"https:\/\/site-teste.uem.mz\/index.php\/wp-json\/wp\/v2\/pages\/12548\/revisions"}],"predecessor-version":[{"id":12573,"href":"https:\/\/site-teste.uem.mz\/index.php\/wp-json\/wp\/v2\/pages\/12548\/revisions\/12573"}],"wp:attachment":[{"href":"https:\/\/site-teste.uem.mz\/index.php\/wp-json\/wp\/v2\/media?parent=12548"}],"curies":[{"name":"wp","href":"https:\/\/api.w.org\/{rel}","templated":true}]}}