{"id":12532,"date":"2023-02-15T13:04:57","date_gmt":"2023-02-15T13:04:57","guid":{"rendered":"https:\/\/site-teste.uem.mz\/?page_id=12532"},"modified":"2023-02-17T09:23:04","modified_gmt":"2023-02-17T09:23:04","slug":"centro-de-coordenacao-dos-assuntos-do-genero","status":"publish","type":"page","link":"https:\/\/site-teste.uem.mz\/index.php\/centro-de-coordenacao-dos-assuntos-do-genero\/","title":{"rendered":"Centro de Coordena\u00e7\u00e3o dos Assuntos do G\u00e9nero"},"content":{"rendered":"\t\t<div data-elementor-type=\"wp-page\" data-elementor-id=\"12532\" class=\"elementor elementor-12532\" data-elementor-settings=\"{&quot;ha_cmc_init_switcher&quot;:&quot;no&quot;}\" data-elementor-post-type=\"page\">\n\t\t\t\t\t\t<section class=\"elementor-section elementor-top-section elementor-element elementor-element-10d6585 elementor-section-boxed elementor-section-height-default elementor-section-height-default\" data-id=\"10d6585\" data-element_type=\"section\" data-e-type=\"section\" data-settings=\"{&quot;_ha_eqh_enable&quot;:false}\">\n\t\t\t\t\t\t<div class=\"elementor-container elementor-column-gap-default\">\n\t\t\t\t\t<div class=\"elementor-column elementor-col-100 elementor-top-column elementor-element elementor-element-88b37e4\" data-id=\"88b37e4\" data-element_type=\"column\" data-e-type=\"column\">\n\t\t\t<div class=\"elementor-widget-wrap elementor-element-populated\">\n\t\t\t\t\t\t<div class=\"elementor-element elementor-element-1d9570c elementor-widget elementor-widget-heading\" data-id=\"1d9570c\" data-element_type=\"widget\" data-e-type=\"widget\" data-widget_type=\"heading.default\">\n\t\t\t\t<div class=\"elementor-widget-container\">\n\t\t\t\t\t<h2 class=\"elementor-heading-title elementor-size-default\">Centro de Coordena\u00e7\u00e3o dos Assuntos do G\u00e9nero<\/h2>\t\t\t\t<\/div>\n\t\t\t\t<\/div>\n\t\t\t\t\t<\/div>\n\t\t<\/div>\n\t\t\t\t\t<\/div>\n\t\t<\/section>\n\t\t\t\t<section class=\"elementor-section elementor-top-section elementor-element elementor-element-0f6fac4 elementor-section-boxed elementor-section-height-default elementor-section-height-default\" data-id=\"0f6fac4\" data-element_type=\"section\" data-e-type=\"section\" data-settings=\"{&quot;_ha_eqh_enable&quot;:false}\">\n\t\t\t\t\t\t<div class=\"elementor-container elementor-column-gap-default\">\n\t\t\t\t\t<div class=\"elementor-column elementor-col-100 elementor-top-column elementor-element elementor-element-e1a3d96\" data-id=\"e1a3d96\" data-element_type=\"column\" data-e-type=\"column\">\n\t\t\t<div class=\"elementor-widget-wrap elementor-element-populated\">\n\t\t\t\t\t\t<div class=\"elementor-element elementor-element-9323222 elementor-widget elementor-widget-text-editor\" data-id=\"9323222\" data-element_type=\"widget\" data-e-type=\"widget\" data-widget_type=\"text-editor.default\">\n\t\t\t\t<div class=\"elementor-widget-container\">\n\t\t\t\t\t\t\t\t\t<p>O Centro de Coordena\u00e7\u00e3o dos Assuntos do G\u00e9nero da UEM, abreviadamente designado por CeCAGe, \u00e9 uma unidade org\u00e2nica da Universidade Eduardo Mondlane, criada pelo Conselho Universit\u00e1rio da UEM atrav\u00e9s da resolu\u00e7\u00e3o no.5\/CUN\/2008 de 8 de Maio. Esta unidade org\u00e2nica dedica-se \u00e0 coordena\u00e7\u00e3o dos assuntos e actividades do g\u00e9nero na vertente de\u00a0investiga\u00e7\u00e3o, forma\u00e7\u00e3o e presta\u00e7\u00e3o de servi\u00e7os \u00e0 Universidade Eduardo Mondlane e \u00e0 comunidade em assuntos do g\u00e9nero cujo funcionamento obedece\u00a0ao\u00a0regulamento aprovado pelo Conselho Universit\u00e1rio e demais legisla\u00e7\u00e3o aplic\u00e1vel.<\/p><p>O CeCAGe tem a sua sede na Cidade de Maputo, realizando as suas actividades em todas as prov\u00edncias onde a UEM tem faculdades e escolas superiores atrav\u00e9s dos pontos focais de g\u00e9nero em cada unidade org\u00e2nica da UEM.<\/p><p><strong>Actividades que o CeCAGe desenvolve<\/strong><\/p><table><tbody><tr><td>Na \u00e1rea de forma\u00e7\u00e3o\u00a0\u2013 o CeCAGe promove e realiza cursos e semin\u00e1rios para capacitar a comunidade universit\u00e1ria sobre assuntos do g\u00e9nero, incluindo a divulga\u00e7\u00e3o de documenta\u00e7\u00e3o nacional e conven\u00e7\u00f5es internacionais sobre assuntos do g\u00e9nero, empoderamento econ\u00f3mico da mulher, planifica\u00e7\u00e3o e or\u00e7amenta\u00e7\u00e3o na \u00f3ptica do g\u00e9nero e habilidades para a vida.<p>Na \u00e1rea de investiga\u00e7\u00e3o\u00a0\u2013 o CeCAGe desenvolve estudos e projectos em tem\u00e1ticas como viol\u00eancia contra a mulher, empoderamento econ\u00f3mico da mulher, pr\u00e1ticas pedag\u00f3gicas sens\u00edveis ao g\u00e9nero entre outras.<br \/>Na \u00e1rea de presta\u00e7\u00e3o de servi\u00e7os \u2013 o CeCAGe possui em funcionamento um Gabinete de Atendimento e Aconselhamento Psicossocial que est\u00e1 vocacionado para o atendimento \u00e0 Comunidade Universit\u00e1ria (docentes, Corpo T\u00e9cnico e Administrativo, estudantes) e seus familiares que apresentam problemas psicossociais.<\/p><\/td><\/tr><\/tbody><\/table><p><strong>Servi\u00e7os do CeCAGe<\/strong><\/p><table><tbody><tr><td><p>O Gabinete oferece os seguintes servi\u00e7os:<\/p><ul><li>aconselhamento psicol\u00f3gico;<\/li><li>atendimento \u00e0s perturba\u00e7\u00f5es sociais e acad\u00e9micas;<\/li><li>assist\u00eancia aos\u00a0estudantes com necessidades educativas especiais e com defici\u00eancia;<\/li><li>terapia familiar.<\/li><\/ul><\/td><\/tr><\/tbody><\/table><p><strong>Contactos<\/strong><\/p><table><tbody><tr><td><p><strong>Endere\u00e7o<\/strong>: Av. Paulo Samuel Kankhomba, n\u00ba 203, 2\u00ba Andar Direito (Edif\u00edcio da DSS).<\/p><p><strong>Website<\/strong>:\u00a0<a href=\"http:\/\/www.cecage.uem.mz\/\" target=\"_blank\" rel=\"noopener\">www.cecage.uem.mz<\/a><\/p><p><strong>Email<\/strong>:\u00a0<a href=\"mailto:cecage@uem.mz\">cecage@uem.mz<\/a>, ou\u00a0<a href=\"mailto:cecage@gmail.com\">cecage@gmail.com<\/a><\/p><p>As consultas para o atendimento \u00e0 comunidade universit\u00e1ria s\u00e3o marcadas nos dias \u00fateis das 8:30 \u2013 15:30 horas pelos telefones 21491949\/50, 843802779 ou pelo e-mail\u00a0<a href=\"mailto:atendimento.cecage@uem.mz\">atendimento.cecage@uem.mz<\/a>.<\/p><\/td><\/tr><\/tbody><\/table>\t\t\t\t\t\t\t\t<\/div>\n\t\t\t\t<\/div>\n\t\t\t\t\t<\/div>\n\t\t<\/div>\n\t\t\t\t\t<\/div>\n\t\t<\/section>\n\t\t\t\t<\/div>\n\t\t","protected":false},"excerpt":{"rendered":"<p>Centro de Coordena\u00e7\u00e3o dos Assuntos do G\u00e9nero O Centro de Coordena\u00e7\u00e3o dos Assuntos do G\u00e9nero da UEM, abreviadamente designado por CeCAGe, \u00e9 uma unidade org\u00e2nica da Universidade Eduardo Mondlane, criada pelo Conselho Universit\u00e1rio da UEM atrav\u00e9s da resolu\u00e7\u00e3o no.5\/CUN\/2008 de &hellip; <\/p>\n","protected":false},"author":7,"featured_media":0,"parent":0,"menu_order":0,"comment_status":"closed","ping_status":"closed","template":"elementor_header_footer","meta":{"footnotes":""},"class_list":["post-12532","page","type-page","status-publish","hentry"],"_links":{"self":[{"href":"https:\/\/site-teste.uem.mz\/index.php\/wp-json\/wp\/v2\/pages\/12532"}],"collection":[{"href":"https:\/\/site-teste.uem.mz\/index.php\/wp-json\/wp\/v2\/pages"}],"about":[{"href":"https:\/\/site-teste.uem.mz\/index.php\/wp-json\/wp\/v2\/types\/page"}],"author":[{"embeddable":true,"href":"https:\/\/site-teste.uem.mz\/index.php\/wp-json\/wp\/v2\/users\/7"}],"replies":[{"embeddable":true,"href":"https:\/\/site-teste.uem.mz\/index.php\/wp-json\/wp\/v2\/comments?post=12532"}],"version-history":[{"count":7,"href":"https:\/\/site-teste.uem.mz\/index.php\/wp-json\/wp\/v2\/pages\/12532\/revisions"}],"predecessor-version":[{"id":12539,"href":"https:\/\/site-teste.uem.mz\/index.php\/wp-json\/wp\/v2\/pages\/12532\/revisions\/12539"}],"wp:attachment":[{"href":"https:\/\/site-teste.uem.mz\/index.php\/wp-json\/wp\/v2\/media?parent=12532"}],"curies":[{"name":"wp","href":"https:\/\/api.w.org\/{rel}","templated":true}]}}