{"id":12484,"date":"2023-02-15T11:51:52","date_gmt":"2023-02-15T11:51:52","guid":{"rendered":"https:\/\/site-teste.uem.mz\/?page_id=12484"},"modified":"2023-03-21T08:11:49","modified_gmt":"2023-03-21T08:11:49","slug":"faculdade-de-engenharia","status":"publish","type":"page","link":"https:\/\/site-teste.uem.mz\/index.php\/faculdade-de-engenharia\/","title":{"rendered":"Faculdade de Engenharia"},"content":{"rendered":"\t\t<div data-elementor-type=\"wp-page\" data-elementor-id=\"12484\" class=\"elementor elementor-12484\" data-elementor-settings=\"{&quot;ha_cmc_init_switcher&quot;:&quot;no&quot;}\" data-elementor-post-type=\"page\">\n\t\t\t\t\t\t<section class=\"elementor-section elementor-top-section elementor-element elementor-element-10d6585 elementor-section-boxed elementor-section-height-default elementor-section-height-default\" data-id=\"10d6585\" data-element_type=\"section\" data-e-type=\"section\" data-settings=\"{&quot;_ha_eqh_enable&quot;:false}\">\n\t\t\t\t\t\t<div class=\"elementor-container elementor-column-gap-default\">\n\t\t\t\t\t<div class=\"elementor-column elementor-col-100 elementor-top-column elementor-element elementor-element-88b37e4\" data-id=\"88b37e4\" data-element_type=\"column\" data-e-type=\"column\">\n\t\t\t<div class=\"elementor-widget-wrap elementor-element-populated\">\n\t\t\t\t\t\t<div class=\"elementor-element elementor-element-1d9570c elementor-widget elementor-widget-heading\" data-id=\"1d9570c\" data-element_type=\"widget\" data-e-type=\"widget\" data-widget_type=\"heading.default\">\n\t\t\t\t<div class=\"elementor-widget-container\">\n\t\t\t\t\t<h2 class=\"elementor-heading-title elementor-size-default\">Faculdade de Engenharia<\/h2>\t\t\t\t<\/div>\n\t\t\t\t<\/div>\n\t\t\t\t\t<\/div>\n\t\t<\/div>\n\t\t\t\t\t<\/div>\n\t\t<\/section>\n\t\t\t\t<section class=\"elementor-section elementor-top-section elementor-element elementor-element-bc06740 elementor-section-boxed elementor-section-height-default elementor-section-height-default\" data-id=\"bc06740\" data-element_type=\"section\" data-e-type=\"section\" data-settings=\"{&quot;_ha_eqh_enable&quot;:false}\">\n\t\t\t\t\t\t<div class=\"elementor-container elementor-column-gap-default\">\n\t\t\t\t\t<div class=\"elementor-column elementor-col-100 elementor-top-column elementor-element elementor-element-eea7a7e\" data-id=\"eea7a7e\" data-element_type=\"column\" data-e-type=\"column\">\n\t\t\t<div class=\"elementor-widget-wrap elementor-element-populated\">\n\t\t\t\t\t\t<div class=\"elementor-element elementor-element-c0c9061 elementor-widget elementor-widget-text-editor\" data-id=\"c0c9061\" data-element_type=\"widget\" data-e-type=\"widget\" data-widget_type=\"text-editor.default\">\n\t\t\t\t<div class=\"elementor-widget-container\">\n\t\t\t\t\t\t\t\t\t<p>A&nbsp;<strong>Faculdade de Engenharia<\/strong>&nbsp;foi fundada em 1962 com uma estrutura de chefia centralizada, com cada curso associado a um Departamento espec\u00edfico. Logo ap\u00f3s a Independ\u00eancia, os departamentos assumiram o estatuto de Faculdade com um corpo directivo n\u00e3o centralizado mas com uma coordena\u00e7\u00e3o inter-faculdade. \u2028Esta estrutura permaneceu at\u00e9 1980, quando a estrutura foi de novo mudada para a situa\u00e7\u00e3o de 1962.Em 1962 existiam 4 cursos, nomeadamente Engenharia Civil, Engenharia Electrot\u00e9cnica, Engenharia Mec\u00e2nica e Engenharia Qu\u00edmica. No in\u00edcio, os cursos duravam 6 anos sendo os 3 primeiros anos virados para mat\u00e9rias gerais-b\u00e1sicas e os \u00faltimos 3 anos, para disciplinas de Engenharia, incluindo disciplinas de gest\u00e3o. \u2028Em 1970 a dura\u00e7\u00e3o do curso foi encurtada para 5 anos, com os dois primeiros anos virados para mat\u00e9rias gerais- b\u00e1sicas.\u2028As horas de ensino foram estendidas e as disciplinas eram tipicamente semestrais ao contr\u00e1rio de anuais como eram em 1962. Dois novos cursos foram introduzidos em 1970 Engenharia de Minas e Engenharia Metal\u00fargica. Estes novos cursos n\u00e3o duraram muito visto serem de longa dura\u00e7\u00e3o (5 e 8 anos respectivamente).<\/p>\n<p>Contactos<\/p>\n<ul>\n<li>Av. Mo\u00e7ambique, Km 1.5&nbsp;<\/li>\n<li><span style=\"color: var( --e-global-color-text ); font-family: var( --e-global-typography-text-font-family ), Sans-serif; font-weight: var( --e-global-typography-text-font-weight );\">Telefone: +258 21475310<\/span><\/li><li><span style=\"color: var( --e-global-color-text ); font-family: var( --e-global-typography-text-font-family ), Sans-serif; font-weight: var( --e-global-typography-text-font-weight );\">Fax: +258 21475311<\/span><\/li>\n<\/ul>\n<hr>\n<p>Visitar website:&nbsp;<a href=\"http:\/\/www.engenharia.uem.mz\/\">http:\/\/www.engenharia.ue<\/a><a style=\"font-family: var( --e-global-typography-text-font-family ), Sans-serif; font-weight: var( --e-global-typography-text-font-weight ); background-color: #ffffff;\" href=\"http:\/\/www.engenharia.uem.mz\" target=\"_blank\" rel=\"noopener\">m.mz<\/a><\/p>\t\t\t\t\t\t\t\t<\/div>\n\t\t\t\t<\/div>\n\t\t\t\t\t<\/div>\n\t\t<\/div>\n\t\t\t\t\t<\/div>\n\t\t<\/section>\n\t\t\t\t<\/div>\n\t\t","protected":false},"excerpt":{"rendered":"<p>Faculdade de Engenharia A&nbsp;Faculdade de Engenharia&nbsp;foi fundada em 1962 com uma estrutura de chefia centralizada, com cada curso associado a um Departamento espec\u00edfico. Logo ap\u00f3s a Independ\u00eancia, os departamentos assumiram o estatuto de Faculdade com um corpo directivo n\u00e3o centralizado &hellip; <\/p>\n","protected":false},"author":1,"featured_media":0,"parent":0,"menu_order":0,"comment_status":"closed","ping_status":"closed","template":"elementor_header_footer","meta":{"footnotes":""},"class_list":["post-12484","page","type-page","status-publish","hentry"],"_links":{"self":[{"href":"https:\/\/site-teste.uem.mz\/index.php\/wp-json\/wp\/v2\/pages\/12484"}],"collection":[{"href":"https:\/\/site-teste.uem.mz\/index.php\/wp-json\/wp\/v2\/pages"}],"about":[{"href":"https:\/\/site-teste.uem.mz\/index.php\/wp-json\/wp\/v2\/types\/page"}],"author":[{"embeddable":true,"href":"https:\/\/site-teste.uem.mz\/index.php\/wp-json\/wp\/v2\/users\/1"}],"replies":[{"embeddable":true,"href":"https:\/\/site-teste.uem.mz\/index.php\/wp-json\/wp\/v2\/comments?post=12484"}],"version-history":[{"count":24,"href":"https:\/\/site-teste.uem.mz\/index.php\/wp-json\/wp\/v2\/pages\/12484\/revisions"}],"predecessor-version":[{"id":14946,"href":"https:\/\/site-teste.uem.mz\/index.php\/wp-json\/wp\/v2\/pages\/12484\/revisions\/14946"}],"wp:attachment":[{"href":"https:\/\/site-teste.uem.mz\/index.php\/wp-json\/wp\/v2\/media?parent=12484"}],"curies":[{"name":"wp","href":"https:\/\/api.w.org\/{rel}","templated":true}]}}