{"id":12478,"date":"2023-02-14T10:36:02","date_gmt":"2023-02-14T10:36:02","guid":{"rendered":"https:\/\/site-teste.uem.mz\/?page_id=12478"},"modified":"2023-06-08T10:28:36","modified_gmt":"2023-06-08T10:28:36","slug":"faculdade-de-letras-e-ciencias-sociais","status":"publish","type":"page","link":"https:\/\/site-teste.uem.mz\/index.php\/faculdade-de-letras-e-ciencias-sociais\/","title":{"rendered":"Faculdade de Letras e Ci\u00eancias Sociais"},"content":{"rendered":"\t\t<div data-elementor-type=\"wp-page\" data-elementor-id=\"12478\" class=\"elementor elementor-12478\" data-elementor-settings=\"{&quot;ha_cmc_init_switcher&quot;:&quot;no&quot;}\" data-elementor-post-type=\"page\">\n\t\t\t\t\t\t<section class=\"elementor-section elementor-top-section elementor-element elementor-element-10d6585 elementor-section-boxed elementor-section-height-default elementor-section-height-default\" data-id=\"10d6585\" data-element_type=\"section\" data-e-type=\"section\" data-settings=\"{&quot;_ha_eqh_enable&quot;:false}\">\n\t\t\t\t\t\t<div class=\"elementor-container elementor-column-gap-default\">\n\t\t\t\t\t<div class=\"elementor-column elementor-col-100 elementor-top-column elementor-element elementor-element-88b37e4\" data-id=\"88b37e4\" data-element_type=\"column\" data-e-type=\"column\">\n\t\t\t<div class=\"elementor-widget-wrap elementor-element-populated\">\n\t\t\t\t\t\t<div class=\"elementor-element elementor-element-1d9570c elementor-widget elementor-widget-heading\" data-id=\"1d9570c\" data-element_type=\"widget\" data-e-type=\"widget\" data-widget_type=\"heading.default\">\n\t\t\t\t<div class=\"elementor-widget-container\">\n\t\t\t\t\t<h2 class=\"elementor-heading-title elementor-size-default\">Faculdade de Letras e Ci\u00eancias Sociais<\/h2>\t\t\t\t<\/div>\n\t\t\t\t<\/div>\n\t\t\t\t\t<\/div>\n\t\t<\/div>\n\t\t\t\t\t<\/div>\n\t\t<\/section>\n\t\t\t\t<section class=\"elementor-section elementor-top-section elementor-element elementor-element-bc06740 elementor-section-boxed elementor-section-height-default elementor-section-height-default\" data-id=\"bc06740\" data-element_type=\"section\" data-e-type=\"section\" data-settings=\"{&quot;_ha_eqh_enable&quot;:false}\">\n\t\t\t\t\t\t<div class=\"elementor-container elementor-column-gap-default\">\n\t\t\t\t\t<div class=\"elementor-column elementor-col-100 elementor-top-column elementor-element elementor-element-eea7a7e\" data-id=\"eea7a7e\" data-element_type=\"column\" data-e-type=\"column\">\n\t\t\t<div class=\"elementor-widget-wrap elementor-element-populated\">\n\t\t\t\t\t\t<div class=\"elementor-element elementor-element-c0c9061 elementor-widget elementor-widget-text-editor\" data-id=\"c0c9061\" data-element_type=\"widget\" data-e-type=\"widget\" data-widget_type=\"text-editor.default\">\n\t\t\t\t<div class=\"elementor-widget-container\">\n\t\t\t\t\t\t\t\t\t<p>A&nbsp;<strong>Faculdade de Letras e Ci\u00eancias Sociais (FLCS)<\/strong>&nbsp;\u00e9 actualmente a maior da Universidade Eduardo Mondlane (UEM), com cerca de 5.000 estudantes nos cursos de gradua\u00e7\u00e3o e p\u00f3s-gradua\u00e7\u00e3o. A Faculdade de Letras e Ci\u00eancias Sociais \u00e9 fruto a uni\u00e3o em 2003 entre as j\u00e1 extintas Faculdade de Letras (FL) e Unidade de Forma\u00e7\u00e3o e Investiga\u00e7\u00e3o em Ci\u00eancias Sociais (UFICS).<br>A FL resultou, por sua vez, do processo de desenvolvimento dos cursos de Forma\u00e7\u00e3o de Professores do 11\u00b0 Grupo (Geografia e Hist\u00f3ria) e do 8\u00b0 Grupo (L\u00ednguas), criados no \u00e2mbito dos Estudos Gerais Universit\u00e1rios de Mo\u00e7ambique em 1962. A FL propriamente dita s\u00f3 viria a ser criada em 1968, atrav\u00e9s da introdu\u00e7\u00e3o dos cursos de gradua\u00e7\u00e3o em Geografia, Hist\u00f3ria e L\u00ednguas Rom\u00e2nicas.<br>No in\u00edcio da 90, a UEM decidiu criar a UFICS cujo objectivo era a gest\u00e3o, forma\u00e7\u00e3o e investiga\u00e7\u00e3o em ci\u00eancias sociais e humanas na UEM que recebeu os seus primeiros estudantes em Abril de 1995.<br>Actualmente, a FLCS \u00e9 reconhecida pelo contributo que presta ao desenvolvimento do capital humano de Mo\u00e7ambique atrav\u00e9s da forma\u00e7\u00e3o de graduados e p\u00f3s-graduados de qualidade. A FLCS prossegue, empenhadamente, um ensino de qualidade, realiza investiga\u00e7\u00e3o relevante e actividades de extens\u00e3o e consultoria e contribui para os debates nacionais, regionais e internacionais nos dom\u00ednios das letras e ci\u00eancias sociais.<\/p>\n<p>C<b>ontactos<\/b><\/p>\n<ul>\n<li>Campus Universit\u00e1rio Principal da UEM<\/li>\n<li>Avenida Julius Nyerere, C. P. 257<\/li>\n<li>E-mail:&nbsp; flcs@uem.mz<\/li>\n<li>Website: www.flcs.uem.mz<\/li>\n<li>Telefax:&nbsp; ( 21) 485402<\/li>\n<li>Maputo &#8211; Mo\u00e7ambique<\/li>\n<\/ul>\n<hr>\n<p>Website:&nbsp;<a href=\"http:\/\/www.flcs.uem.mz\/\" target=\"_blank\" rel=\"noopener\">http:\/\/www.flcs.uem.mz<\/a><\/p>\t\t\t\t\t\t\t\t<\/div>\n\t\t\t\t<\/div>\n\t\t\t\t\t<\/div>\n\t\t<\/div>\n\t\t\t\t\t<\/div>\n\t\t<\/section>\n\t\t\t\t<\/div>\n\t\t","protected":false},"excerpt":{"rendered":"<p>Faculdade de Letras e Ci\u00eancias Sociais A&nbsp;Faculdade de Letras e Ci\u00eancias Sociais (FLCS)&nbsp;\u00e9 actualmente a maior da Universidade Eduardo Mondlane (UEM), com cerca de 5.000 estudantes nos cursos de gradua\u00e7\u00e3o e p\u00f3s-gradua\u00e7\u00e3o. A Faculdade de Letras e Ci\u00eancias Sociais \u00e9 &hellip; <\/p>\n","protected":false},"author":1,"featured_media":0,"parent":0,"menu_order":0,"comment_status":"closed","ping_status":"closed","template":"elementor_header_footer","meta":{"footnotes":""},"class_list":["post-12478","page","type-page","status-publish","hentry"],"_links":{"self":[{"href":"https:\/\/site-teste.uem.mz\/index.php\/wp-json\/wp\/v2\/pages\/12478"}],"collection":[{"href":"https:\/\/site-teste.uem.mz\/index.php\/wp-json\/wp\/v2\/pages"}],"about":[{"href":"https:\/\/site-teste.uem.mz\/index.php\/wp-json\/wp\/v2\/types\/page"}],"author":[{"embeddable":true,"href":"https:\/\/site-teste.uem.mz\/index.php\/wp-json\/wp\/v2\/users\/1"}],"replies":[{"embeddable":true,"href":"https:\/\/site-teste.uem.mz\/index.php\/wp-json\/wp\/v2\/comments?post=12478"}],"version-history":[{"count":20,"href":"https:\/\/site-teste.uem.mz\/index.php\/wp-json\/wp\/v2\/pages\/12478\/revisions"}],"predecessor-version":[{"id":15892,"href":"https:\/\/site-teste.uem.mz\/index.php\/wp-json\/wp\/v2\/pages\/12478\/revisions\/15892"}],"wp:attachment":[{"href":"https:\/\/site-teste.uem.mz\/index.php\/wp-json\/wp\/v2\/media?parent=12478"}],"curies":[{"name":"wp","href":"https:\/\/api.w.org\/{rel}","templated":true}]}}