{"id":12455,"date":"2023-02-14T10:13:49","date_gmt":"2023-02-14T10:13:49","guid":{"rendered":"https:\/\/site-teste.uem.mz\/?page_id=12455"},"modified":"2023-06-08T11:15:29","modified_gmt":"2023-06-08T11:15:29","slug":"faculdade-de-educacao","status":"publish","type":"page","link":"https:\/\/site-teste.uem.mz\/index.php\/faculdade-de-educacao\/","title":{"rendered":"Faculdade de Educa\u00e7\u00e3o"},"content":{"rendered":"\t\t<div data-elementor-type=\"wp-page\" data-elementor-id=\"12455\" class=\"elementor elementor-12455\" data-elementor-settings=\"{&quot;ha_cmc_init_switcher&quot;:&quot;no&quot;}\" data-elementor-post-type=\"page\">\n\t\t\t\t\t\t<section class=\"elementor-section elementor-top-section elementor-element elementor-element-10d6585 elementor-section-boxed elementor-section-height-default elementor-section-height-default\" data-id=\"10d6585\" data-element_type=\"section\" data-e-type=\"section\" data-settings=\"{&quot;_ha_eqh_enable&quot;:false}\">\n\t\t\t\t\t\t<div class=\"elementor-container elementor-column-gap-default\">\n\t\t\t\t\t<div class=\"elementor-column elementor-col-100 elementor-top-column elementor-element elementor-element-88b37e4\" data-id=\"88b37e4\" data-element_type=\"column\" data-e-type=\"column\">\n\t\t\t<div class=\"elementor-widget-wrap elementor-element-populated\">\n\t\t\t\t\t\t<div class=\"elementor-element elementor-element-1d9570c elementor-widget elementor-widget-heading\" data-id=\"1d9570c\" data-element_type=\"widget\" data-e-type=\"widget\" data-widget_type=\"heading.default\">\n\t\t\t\t<div class=\"elementor-widget-container\">\n\t\t\t\t\t<h2 class=\"elementor-heading-title elementor-size-default\">Faculdade de Educa\u00e7\u00e3o<\/h2>\t\t\t\t<\/div>\n\t\t\t\t<\/div>\n\t\t\t\t\t<\/div>\n\t\t<\/div>\n\t\t\t\t\t<\/div>\n\t\t<\/section>\n\t\t\t\t<section class=\"elementor-section elementor-top-section elementor-element elementor-element-bc06740 elementor-section-boxed elementor-section-height-default elementor-section-height-default\" data-id=\"bc06740\" data-element_type=\"section\" data-e-type=\"section\" data-settings=\"{&quot;_ha_eqh_enable&quot;:false}\">\n\t\t\t\t\t\t<div class=\"elementor-container elementor-column-gap-default\">\n\t\t\t\t\t<div class=\"elementor-column elementor-col-100 elementor-top-column elementor-element elementor-element-eea7a7e\" data-id=\"eea7a7e\" data-element_type=\"column\" data-e-type=\"column\">\n\t\t\t<div class=\"elementor-widget-wrap elementor-element-populated\">\n\t\t\t\t\t\t<div class=\"elementor-element elementor-element-c0c9061 elementor-widget elementor-widget-text-editor\" data-id=\"c0c9061\" data-element_type=\"widget\" data-e-type=\"widget\" data-widget_type=\"text-editor.default\">\n\t\t\t\t<div class=\"elementor-widget-container\">\n\t\t\t\t\t\t\t\t\t<p>A\u00a0<strong>Faculdade de Educa\u00e7\u00e3o<\/strong>\u00a0\u00e9 um centro de reflex\u00e3o, produ\u00e7\u00e3o e dissemina\u00e7\u00e3o de conhecimento te\u00f3rico e pr\u00e1tico sobre a educa\u00e7\u00e3o. A Faculdade foi reaberta em 2001, ap\u00f3s uma interrup\u00e7\u00e3o tempor\u00e1ria desde 1986, e optou por concentrar os seus esfor\u00e7os na oferta de cursos de p\u00f3s-gradua\u00e7\u00e3o, na investiga\u00e7\u00e3o educacional e em actividades de extens\u00e3o, que incluem a forma\u00e7\u00e3o em exerc\u00edcio de professores do ensino secund\u00e1rio, de modo a contribuir para a melhoria da qualidade de educa\u00e7\u00e3o em Mo\u00e7ambique.<\/p><p>A Faculdade\u00a0 de Educa\u00e7\u00e3o oferece tamb\u00e9m\u00a0 quatro cursos de Gradua\u00e7\u00e3o a saber: Licenciatura em Psicologia, Licenciatura em Desenvolvimento e Educa\u00e7\u00e3o de Inf\u00e2ncia, Licenciatura em Educa\u00e7\u00e3o Ambiental e Licenciatura em Organiza\u00e7\u00e3o\u00a0 e Gest\u00e3o da Educa\u00e7\u00e3o. Este \u00faltimo com duas modalidades: Presencial e \u00e0 Dist\u00e2ncia (a partir de 2010).<\/p><p><b>S\u00e3o objectivos da Faculdade de Educa\u00e7\u00e3o:<\/b><\/p><ul><li>Ministrar cursos de gradua\u00e7\u00e3o e p\u00f3s-gradua\u00e7\u00e3o em \u00e1reas espec\u00edficas da educa\u00e7\u00e3o;<\/li><li>Garantir a lecciona\u00e7\u00e3o de disciplinas e outras mat\u00e9rias de natureza pedag\u00f3gica e did\u00e1ctica nos diversos cursos da UEM;<\/li><li>Contribuir para a melhoria da qualidade do pessoal docente e dos graduados do ensino secund\u00e1rio, e para o aumento das taxas de sucesso nos exames de admiss\u00e3o, atrav\u00e9s de ac\u00e7\u00f5es de forma\u00e7\u00e3o cont\u00ednua e em exerc\u00edcio;<\/li><li>Colaborar com o Minist\u00e9rio da Educa\u00e7\u00e3o no apoio aos diferentes subsistemas do sistema nacional de educa\u00e7\u00e3o (SNE);<\/li><li>Desenvolver programas e actividades que promovam e estimulem o desenvolvimento da capacidade de an\u00e1lise, cr\u00edtica e de trabalho individual e em equipa dos estudantes universit\u00e1rios, e a melhoria do desempenho profissional do pessoal docente universit\u00e1rio;<\/li><li>Realizar investiga\u00e7\u00e3o educacional que contribua para melhorar os processos de ensino e aprendizagem nas escolas e a tomada de decis\u00f5es bem informadas.<\/li><\/ul><div><p><b>Contactos<\/b><\/p><div><ul><li>Campus Universit\u00e1rio \u2013 Principal<\/li><li>Av. Julius Nyerere<\/li><li>Maputo<\/li><li>Mo\u00e7ambique<\/li><\/ul><\/div><\/div><hr \/><table><tbody><tr><td>Visitar website:\u00a0<a href=\"http:\/\/www.faced.uem.mz\/\" target=\"_blank\" rel=\"noopener\">http:\/\/www.faced.uem.mz<\/a><\/td><\/tr><\/tbody><\/table>\t\t\t\t\t\t\t\t<\/div>\n\t\t\t\t<\/div>\n\t\t\t\t\t<\/div>\n\t\t<\/div>\n\t\t\t\t\t<\/div>\n\t\t<\/section>\n\t\t\t\t<\/div>\n\t\t","protected":false},"excerpt":{"rendered":"<p>Faculdade de Educa\u00e7\u00e3o A\u00a0Faculdade de Educa\u00e7\u00e3o\u00a0\u00e9 um centro de reflex\u00e3o, produ\u00e7\u00e3o e dissemina\u00e7\u00e3o de conhecimento te\u00f3rico e pr\u00e1tico sobre a educa\u00e7\u00e3o. A Faculdade foi reaberta em 2001, ap\u00f3s uma interrup\u00e7\u00e3o tempor\u00e1ria desde 1986, e optou por concentrar os seus esfor\u00e7os &hellip; <\/p>\n","protected":false},"author":1,"featured_media":0,"parent":0,"menu_order":0,"comment_status":"closed","ping_status":"closed","template":"elementor_header_footer","meta":{"footnotes":""},"class_list":["post-12455","page","type-page","status-publish","hentry"],"_links":{"self":[{"href":"https:\/\/site-teste.uem.mz\/index.php\/wp-json\/wp\/v2\/pages\/12455"}],"collection":[{"href":"https:\/\/site-teste.uem.mz\/index.php\/wp-json\/wp\/v2\/pages"}],"about":[{"href":"https:\/\/site-teste.uem.mz\/index.php\/wp-json\/wp\/v2\/types\/page"}],"author":[{"embeddable":true,"href":"https:\/\/site-teste.uem.mz\/index.php\/wp-json\/wp\/v2\/users\/1"}],"replies":[{"embeddable":true,"href":"https:\/\/site-teste.uem.mz\/index.php\/wp-json\/wp\/v2\/comments?post=12455"}],"version-history":[{"count":22,"href":"https:\/\/site-teste.uem.mz\/index.php\/wp-json\/wp\/v2\/pages\/12455\/revisions"}],"predecessor-version":[{"id":15916,"href":"https:\/\/site-teste.uem.mz\/index.php\/wp-json\/wp\/v2\/pages\/12455\/revisions\/15916"}],"wp:attachment":[{"href":"https:\/\/site-teste.uem.mz\/index.php\/wp-json\/wp\/v2\/media?parent=12455"}],"curies":[{"name":"wp","href":"https:\/\/api.w.org\/{rel}","templated":true}]}}