{"id":12451,"date":"2023-02-14T09:59:58","date_gmt":"2023-02-14T09:59:58","guid":{"rendered":"https:\/\/site-teste.uem.mz\/?page_id=12451"},"modified":"2023-06-08T11:02:54","modified_gmt":"2023-06-08T11:02:54","slug":"faculdade-de-economia","status":"publish","type":"page","link":"https:\/\/site-teste.uem.mz\/index.php\/faculdade-de-economia\/","title":{"rendered":"Faculdade de Economia"},"content":{"rendered":"\t\t<div data-elementor-type=\"wp-page\" data-elementor-id=\"12451\" class=\"elementor elementor-12451\" data-elementor-settings=\"{&quot;ha_cmc_init_switcher&quot;:&quot;no&quot;}\" data-elementor-post-type=\"page\">\n\t\t\t\t\t\t<section class=\"elementor-section elementor-top-section elementor-element elementor-element-10d6585 elementor-section-boxed elementor-section-height-default elementor-section-height-default\" data-id=\"10d6585\" data-element_type=\"section\" data-e-type=\"section\" data-settings=\"{&quot;_ha_eqh_enable&quot;:false}\">\n\t\t\t\t\t\t<div class=\"elementor-container elementor-column-gap-default\">\n\t\t\t\t\t<div class=\"elementor-column elementor-col-100 elementor-top-column elementor-element elementor-element-88b37e4\" data-id=\"88b37e4\" data-element_type=\"column\" data-e-type=\"column\">\n\t\t\t<div class=\"elementor-widget-wrap elementor-element-populated\">\n\t\t\t\t\t\t<div class=\"elementor-element elementor-element-1d9570c elementor-widget elementor-widget-heading\" data-id=\"1d9570c\" data-element_type=\"widget\" data-e-type=\"widget\" data-widget_type=\"heading.default\">\n\t\t\t\t<div class=\"elementor-widget-container\">\n\t\t\t\t\t<h2 class=\"elementor-heading-title elementor-size-default\">Faculdade de Economia<\/h2>\t\t\t\t<\/div>\n\t\t\t\t<\/div>\n\t\t\t\t\t<\/div>\n\t\t<\/div>\n\t\t\t\t\t<\/div>\n\t\t<\/section>\n\t\t\t\t<section class=\"elementor-section elementor-top-section elementor-element elementor-element-bc06740 elementor-section-boxed elementor-section-height-default elementor-section-height-default\" data-id=\"bc06740\" data-element_type=\"section\" data-e-type=\"section\" data-settings=\"{&quot;_ha_eqh_enable&quot;:false}\">\n\t\t\t\t\t\t<div class=\"elementor-container elementor-column-gap-default\">\n\t\t\t\t\t<div class=\"elementor-column elementor-col-100 elementor-top-column elementor-element elementor-element-eea7a7e\" data-id=\"eea7a7e\" data-element_type=\"column\" data-e-type=\"column\">\n\t\t\t<div class=\"elementor-widget-wrap elementor-element-populated\">\n\t\t\t\t\t\t<div class=\"elementor-element elementor-element-c0c9061 elementor-widget elementor-widget-text-editor\" data-id=\"c0c9061\" data-element_type=\"widget\" data-e-type=\"widget\" data-widget_type=\"text-editor.default\">\n\t\t\t\t<div class=\"elementor-widget-container\">\n\t\t\t\t\t\t\t\t\t<p>A\u00a0<strong>Faculdade de Economia\u00a0<\/strong>da UEM\u00a0foi criada em 1970 e iniciou as suas actividades em 1971. Ela \u00e9 vocacionada, fundamentalmente, a dar aos seus formandos uma s\u00f3lida prepara\u00e7\u00e3o de base nos v\u00e1rios dom\u00ednios das ci\u00eancias econ\u00f3micas e empresariais, de modo que eles possam contribuir para o desenvolvimento econ\u00f3mico e social sustentado do pais.<\/p><p>At\u00e9 1975 a Faculdade leccionou apenas o curso de Licenciatura em Economia, um pouco depois da independ\u00eancia, foi eliminado o programa de licenciatura e introduziu-se o curso de bacharelato em Economia.<span style=\"color: var( --e-global-color-text ); font-family: var( --e-global-typography-text-font-family ), Sans-serif; font-weight: var( --e-global-typography-text-font-weight );\">Em Agosto de 1985, foi introduzido novamente o curso de Licenciatura em Economia.\u00a0<\/span><span style=\"color: var( --e-global-color-text ); font-family: var( --e-global-typography-text-font-family ), Sans-serif; font-weight: var( --e-global-typography-text-font-weight );\">O ano de 1986, foi marcado pela introdu\u00e7\u00e3o dos cursos de Licenciatura normal em Economia e em Gest\u00e3o. Assim, em 1988, a faculdade passa a leccionar dois cursos de licenciatura: Economia e Gest\u00e3o.<\/span><\/p><p>Os cursos de licenciatura especial em gest\u00e3o e Economia, para bachar\u00e9is, foram introduzidos nos anos de 1987 e 1988 respectivamente. Como forma de responder a demanda cada vez mais crescente nos cursos leccionados nesta faculdade, em 2001 foi introduzido o turno p\u00f3s-laboral.\u00a0<span style=\"color: var( --e-global-color-text ); font-family: var( --e-global-typography-text-font-family ), Sans-serif; font-weight: var( --e-global-typography-text-font-weight );\">A faculdade realizou, durante o ano de 2002, um processo de reforma curricular dos seus cursos de licenciatura, facto que culminou com a introdu\u00e7\u00e3o de mais um curso, o de Contabilidade e Finan\u00e7as.\u00a0<\/span><span style=\"color: var( --e-global-color-text ); font-family: var( --e-global-typography-text-font-family ), Sans-serif; font-weight: var( --e-global-typography-text-font-weight );\">Tiveram inicio em 2007, os mestrados em Gest\u00e3o Empresarial e Economia do desenvolvimento, ambos em regime pos-laboral, tendo os mestrandos preparado a sua disserta\u00e7\u00e3o durante o segundo semestre de 2008.<\/span><\/p><p>Durante o segundo semestre de 2007, fez-se a prepara\u00e7\u00e3o de documentos de curricula do curso de mestrado em Gest\u00e3o de Politicas Econ\u00f3micas, a ser financiado pelo African Capacitar Building Foundation. A apresenta\u00e7\u00e3o da proposta e respectiva aprova\u00e7\u00e3o pelos \u00f3rg\u00e3os da UEM, foi no primeiro semestre de 2008. Este curso de mestrado e destinado a quadros da \u00e1rea econ\u00f3mica dos Pa\u00edses de L\u00edngua Oficial Portuguesa (PALOP).<\/p><p>Durante o ano de 2007 e no primeiro semestre de 2008, preparou-se na Faculdade, o curso de bacharelato em Gest\u00e3o de Neg\u00f3cios (BGN), na modalidade de ensino a dist\u00e2ncia. Foi uma ac\u00e7\u00e3o conjunta entre a faculdade de Economia e o Centro de Ensino a Distancia da UEM, com suporte tecnol\u00f3gico do Centro de Inform\u00e1tica da UEM (CIUEM).<\/p><p><b>Endere\u00e7o<\/b><\/p><ul><li>Av. Julius Nyerere \u2013 Campus Universit\u00e1rio,<\/li><li>C.P. 254<\/li><li>Maputo \u2013 Mo\u00e7ambique<\/li><\/ul><p><b>Contactos<\/b><\/p><ul><li><span style=\"color: var( --e-global-color-text ); font-family: var( --e-global-typography-text-font-family ), Sans-serif; font-weight: var( --e-global-typography-text-font-weight );\">Caixa Postal N\u00ba: 257<\/span><\/li><li>Telefone: (+258) 21 496301<\/li><li>Fax: (+258) 21 496301<\/li><li>Fax to Mail: 21 01 04 30<\/li><li>Email: economia@uem.mz<\/li><\/ul><hr \/><p>Website:\u00a0<a href=\"http:\/\/www.economia.uem.mz\/\">http:\/\/www.economia.uem.mz<\/a><\/p>\t\t\t\t\t\t\t\t<\/div>\n\t\t\t\t<\/div>\n\t\t\t\t\t<\/div>\n\t\t<\/div>\n\t\t\t\t\t<\/div>\n\t\t<\/section>\n\t\t\t\t<\/div>\n\t\t","protected":false},"excerpt":{"rendered":"<p>Faculdade de Economia A\u00a0Faculdade de Economia\u00a0da UEM\u00a0foi criada em 1970 e iniciou as suas actividades em 1971. Ela \u00e9 vocacionada, fundamentalmente, a dar aos seus formandos uma s\u00f3lida prepara\u00e7\u00e3o de base nos v\u00e1rios dom\u00ednios das ci\u00eancias econ\u00f3micas e empresariais, de &hellip; <\/p>\n","protected":false},"author":1,"featured_media":0,"parent":0,"menu_order":0,"comment_status":"closed","ping_status":"closed","template":"elementor_header_footer","meta":{"footnotes":""},"class_list":["post-12451","page","type-page","status-publish","hentry"],"_links":{"self":[{"href":"https:\/\/site-teste.uem.mz\/index.php\/wp-json\/wp\/v2\/pages\/12451"}],"collection":[{"href":"https:\/\/site-teste.uem.mz\/index.php\/wp-json\/wp\/v2\/pages"}],"about":[{"href":"https:\/\/site-teste.uem.mz\/index.php\/wp-json\/wp\/v2\/types\/page"}],"author":[{"embeddable":true,"href":"https:\/\/site-teste.uem.mz\/index.php\/wp-json\/wp\/v2\/users\/1"}],"replies":[{"embeddable":true,"href":"https:\/\/site-teste.uem.mz\/index.php\/wp-json\/wp\/v2\/comments?post=12451"}],"version-history":[{"count":20,"href":"https:\/\/site-teste.uem.mz\/index.php\/wp-json\/wp\/v2\/pages\/12451\/revisions"}],"predecessor-version":[{"id":15907,"href":"https:\/\/site-teste.uem.mz\/index.php\/wp-json\/wp\/v2\/pages\/12451\/revisions\/15907"}],"wp:attachment":[{"href":"https:\/\/site-teste.uem.mz\/index.php\/wp-json\/wp\/v2\/media?parent=12451"}],"curies":[{"name":"wp","href":"https:\/\/api.w.org\/{rel}","templated":true}]}}