{"id":12441,"date":"2023-02-13T13:34:34","date_gmt":"2023-02-13T13:34:34","guid":{"rendered":"https:\/\/site-teste.uem.mz\/?page_id=12441"},"modified":"2023-06-08T10:50:15","modified_gmt":"2023-06-08T10:50:15","slug":"faculdade-de-ciencias","status":"publish","type":"page","link":"https:\/\/site-teste.uem.mz\/index.php\/faculdade-de-ciencias\/","title":{"rendered":"Faculdade de Ci\u00eancias"},"content":{"rendered":"\t\t<div data-elementor-type=\"wp-page\" data-elementor-id=\"12441\" class=\"elementor elementor-12441\" data-elementor-settings=\"{&quot;ha_cmc_init_switcher&quot;:&quot;no&quot;}\" data-elementor-post-type=\"page\">\n\t\t\t\t\t\t<section class=\"elementor-section elementor-top-section elementor-element elementor-element-10d6585 elementor-section-boxed elementor-section-height-default elementor-section-height-default\" data-id=\"10d6585\" data-element_type=\"section\" data-e-type=\"section\" data-settings=\"{&quot;_ha_eqh_enable&quot;:false}\">\n\t\t\t\t\t\t<div class=\"elementor-container elementor-column-gap-default\">\n\t\t\t\t\t<div class=\"elementor-column elementor-col-100 elementor-top-column elementor-element elementor-element-88b37e4\" data-id=\"88b37e4\" data-element_type=\"column\" data-e-type=\"column\">\n\t\t\t<div class=\"elementor-widget-wrap elementor-element-populated\">\n\t\t\t\t\t\t<div class=\"elementor-element elementor-element-1d9570c elementor-widget elementor-widget-heading\" data-id=\"1d9570c\" data-element_type=\"widget\" data-e-type=\"widget\" data-widget_type=\"heading.default\">\n\t\t\t\t<div class=\"elementor-widget-container\">\n\t\t\t\t\t<h2 class=\"elementor-heading-title elementor-size-default\">Faculdade de Ci\u00eancias <\/h2>\t\t\t\t<\/div>\n\t\t\t\t<\/div>\n\t\t\t\t\t<\/div>\n\t\t<\/div>\n\t\t\t\t\t<\/div>\n\t\t<\/section>\n\t\t\t\t<section class=\"elementor-section elementor-top-section elementor-element elementor-element-bc06740 elementor-section-boxed elementor-section-height-default elementor-section-height-default\" data-id=\"bc06740\" data-element_type=\"section\" data-e-type=\"section\" data-settings=\"{&quot;_ha_eqh_enable&quot;:false}\">\n\t\t\t\t\t\t<div class=\"elementor-container elementor-column-gap-default\">\n\t\t\t\t\t<div class=\"elementor-column elementor-col-100 elementor-top-column elementor-element elementor-element-eea7a7e\" data-id=\"eea7a7e\" data-element_type=\"column\" data-e-type=\"column\">\n\t\t\t<div class=\"elementor-widget-wrap elementor-element-populated\">\n\t\t\t\t\t\t<div class=\"elementor-element elementor-element-c0c9061 elementor-widget elementor-widget-text-editor\" data-id=\"c0c9061\" data-element_type=\"widget\" data-e-type=\"widget\" data-widget_type=\"text-editor.default\">\n\t\t\t\t<div class=\"elementor-widget-container\">\n\t\t\t\t\t\t\t\t\t<p>A\u00a0<strong>Faculdade de Ci\u00eancias (FC)<\/strong>\u00a0\u00e9 uma unidade org\u00e2nica da Universidade Eduardo Mondlane (UEM) dotada de autonomia pedag\u00f3gica e cient\u00edfica no \u00e2mbito dos cursos que ministra e de autonomia administrativa, patrimonial e financeira relativamente aos seus pr\u00f3prios recursos dentro dos limites legais. Esta, goza, igualmente, de autonomia regulamentar e disciplinar dentro dos limites legais.<\/p><p>Ao longo da sua exist\u00eancia, a\u00a0<strong>Faculdade de Ci\u00eancias (FC<\/strong>) assumiu sempre com\u00a0 responsabilidade a miss\u00e3o de providenciar e conduzir a educa\u00e7\u00e3o e a investiga\u00e7\u00e3o cient\u00edfica em\u00a0Ci\u00eancias Naturais, Puras e Aplicadas.<\/p><p>A FC privilegia o ensino mas, paralelamente, procura manter sempre uma permanente interac\u00e7\u00e3o com os v\u00e1rios actores da sociedade atrav\u00e9s da investiga\u00e7\u00e3o e extens\u00e3o.<\/p><p>De forma geral, a FC procura fazer sempre o uso optimizado dos recursos que tem dispon\u00edveis, tendo em vista a satisfa\u00e7\u00e3o cont\u00ednua das necessidades da sociedade mo\u00e7ambicana em particular e do mundo em geral.<\/p><p><b>Contactos<\/b><\/p><ul><li>Campus Universit\u00e1rio \u2013 Principal<\/li><li>Av. Julius Nyerere<\/li><li>Maputo<\/li><li>Mo\u00e7ambique<\/li><\/ul><hr \/><p>\u00a0Visitar website:\u00a0<a href=\"http:\/\/www.ciencias.uem.mz\/\">http:\/\/www.ciencias.uem.mz<\/a><\/p>\t\t\t\t\t\t\t\t<\/div>\n\t\t\t\t<\/div>\n\t\t\t\t\t<\/div>\n\t\t<\/div>\n\t\t\t\t\t<\/div>\n\t\t<\/section>\n\t\t\t\t<\/div>\n\t\t","protected":false},"excerpt":{"rendered":"<p>Faculdade de Ci\u00eancias A\u00a0Faculdade de Ci\u00eancias (FC)\u00a0\u00e9 uma unidade org\u00e2nica da Universidade Eduardo Mondlane (UEM) dotada de autonomia pedag\u00f3gica e cient\u00edfica no \u00e2mbito dos cursos que ministra e de autonomia administrativa, patrimonial e financeira relativamente aos seus pr\u00f3prios recursos dentro &hellip; <\/p>\n","protected":false},"author":1,"featured_media":0,"parent":0,"menu_order":0,"comment_status":"closed","ping_status":"closed","template":"elementor_header_footer","meta":{"footnotes":""},"class_list":["post-12441","page","type-page","status-publish","hentry"],"_links":{"self":[{"href":"https:\/\/site-teste.uem.mz\/index.php\/wp-json\/wp\/v2\/pages\/12441"}],"collection":[{"href":"https:\/\/site-teste.uem.mz\/index.php\/wp-json\/wp\/v2\/pages"}],"about":[{"href":"https:\/\/site-teste.uem.mz\/index.php\/wp-json\/wp\/v2\/types\/page"}],"author":[{"embeddable":true,"href":"https:\/\/site-teste.uem.mz\/index.php\/wp-json\/wp\/v2\/users\/1"}],"replies":[{"embeddable":true,"href":"https:\/\/site-teste.uem.mz\/index.php\/wp-json\/wp\/v2\/comments?post=12441"}],"version-history":[{"count":10,"href":"https:\/\/site-teste.uem.mz\/index.php\/wp-json\/wp\/v2\/pages\/12441\/revisions"}],"predecessor-version":[{"id":15901,"href":"https:\/\/site-teste.uem.mz\/index.php\/wp-json\/wp\/v2\/pages\/12441\/revisions\/15901"}],"wp:attachment":[{"href":"https:\/\/site-teste.uem.mz\/index.php\/wp-json\/wp\/v2\/media?parent=12441"}],"curies":[{"name":"wp","href":"https:\/\/api.w.org\/{rel}","templated":true}]}}