{"id":12430,"date":"2023-02-13T13:08:31","date_gmt":"2023-02-13T13:08:31","guid":{"rendered":"https:\/\/site-teste.uem.mz\/?page_id=12430"},"modified":"2023-06-08T09:59:54","modified_gmt":"2023-06-08T09:59:54","slug":"faculdade-de-arquitectura-e-planeamento-fisico","status":"publish","type":"page","link":"https:\/\/site-teste.uem.mz\/index.php\/faculdade-de-arquitectura-e-planeamento-fisico\/","title":{"rendered":"Faculdade de Arquitectura e Planeamento F\u00edsico"},"content":{"rendered":"\t\t<div data-elementor-type=\"wp-page\" data-elementor-id=\"12430\" class=\"elementor elementor-12430\" data-elementor-settings=\"{&quot;ha_cmc_init_switcher&quot;:&quot;no&quot;}\" data-elementor-post-type=\"page\">\n\t\t\t\t\t\t<section class=\"elementor-section elementor-top-section elementor-element elementor-element-10d6585 elementor-section-boxed elementor-section-height-default elementor-section-height-default\" data-id=\"10d6585\" data-element_type=\"section\" data-e-type=\"section\" data-settings=\"{&quot;_ha_eqh_enable&quot;:false}\">\n\t\t\t\t\t\t<div class=\"elementor-container elementor-column-gap-default\">\n\t\t\t\t\t<div class=\"elementor-column elementor-col-100 elementor-top-column elementor-element elementor-element-88b37e4\" data-id=\"88b37e4\" data-element_type=\"column\" data-e-type=\"column\">\n\t\t\t<div class=\"elementor-widget-wrap elementor-element-populated\">\n\t\t\t\t\t\t<div class=\"elementor-element elementor-element-1d9570c elementor-widget elementor-widget-heading\" data-id=\"1d9570c\" data-element_type=\"widget\" data-e-type=\"widget\" data-widget_type=\"heading.default\">\n\t\t\t\t<div class=\"elementor-widget-container\">\n\t\t\t\t\t<h2 class=\"elementor-heading-title elementor-size-default\">Faculdade de Arquitectura e Planeamento F\u00edsico<\/h2>\t\t\t\t<\/div>\n\t\t\t\t<\/div>\n\t\t\t\t\t<\/div>\n\t\t<\/div>\n\t\t\t\t\t<\/div>\n\t\t<\/section>\n\t\t\t\t<section class=\"elementor-section elementor-top-section elementor-element elementor-element-bc06740 elementor-section-boxed elementor-section-height-default elementor-section-height-default\" data-id=\"bc06740\" data-element_type=\"section\" data-e-type=\"section\" data-settings=\"{&quot;_ha_eqh_enable&quot;:false}\">\n\t\t\t\t\t\t<div class=\"elementor-container elementor-column-gap-default\">\n\t\t\t\t\t<div class=\"elementor-column elementor-col-100 elementor-top-column elementor-element elementor-element-eea7a7e\" data-id=\"eea7a7e\" data-element_type=\"column\" data-e-type=\"column\">\n\t\t\t<div class=\"elementor-widget-wrap elementor-element-populated\">\n\t\t\t\t\t\t<div class=\"elementor-element elementor-element-c0c9061 elementor-widget elementor-widget-text-editor\" data-id=\"c0c9061\" data-element_type=\"widget\" data-e-type=\"widget\" data-widget_type=\"text-editor.default\">\n\t\t\t\t<div class=\"elementor-widget-container\">\n\t\t\t\t\t\t\t\t\t<p>Faculdade de Arquitectura e Planeamento F\u00edsico (FAPF), criada em 1986, resultou da consci\u00eancia da necessidade de (i) cria\u00e7\u00e3o de t\u00e9cnicos superiores em Mo\u00e7ambique de modo a enfrentarem-se adequadamente os desafios de adapta\u00e7\u00e3o do espa\u00e7o a n\u00edvel do territ\u00f3rio e do edificado e contribu\u00edrem tamb\u00e9m para a promo\u00e7\u00e3o do crescimento equilibrado e sustent\u00e1vel do territ\u00f3rio abrangido; (ii) regulamenta\u00e7\u00e3o aplic\u00e1vel \u00e0 gest\u00e3o urban\u00edstica; (iii) manuten\u00e7\u00e3o das qualidades ambiental e de vida; (iv) diminui\u00e7\u00e3o dos riscos de perdas irrevers\u00edveis dos patrim\u00f3nios naturais, hist\u00f3ricos e culturais; (v) melhoria em dire\u00e7\u00e3o a excel\u00eancia do edificado; (vi) subs\u00eddio \u00e0 cria\u00e7\u00e3o de pol\u00edticas p\u00fablicas e leis reguladoras espec\u00edficas e (vii) preven\u00e7\u00e3o contra desastres naturais e outros decorrentes da actividade antr\u00f3pica.<\/p>\n<p>Actualmente a FAPF lecciona os cursos seguintes:<\/p>\n<p><b>Licenciatura<\/b><br>&#8211; Arquitectura e Planeamento F\u00edsico<\/p>\n<p><b>Mestrado<\/b><br>&#8211; Arquitectura e Planeamento F\u00edsico<br>&#8211; Planeamento e Gest\u00e3o de Assentamentos Informais<br>&#8211; Planeamento Regional e Urbano<\/p>\n<p><b>Doutoramento<\/b><br>&#8211; Arquitectura e Urbanismo<\/p>\n<p><b>Contactos<\/b><\/p>\n<ul>\n<li>Av. Martires da Machava, 181<\/li>\n<li><span style=\"color: var( --e-global-color-text ); font-family: var( --e-global-typography-text-font-family ), Sans-serif; font-weight: var( --e-global-typography-text-font-weight );\">Maputo<\/span><\/li>\n<li>Mo\u00e7ambique<\/li>\n<li>Telefone: +258 21494749<\/li>\n<\/ul>\n<p>Visitar website:&nbsp;<a style=\"font-family: var( --e-global-typography-text-font-family ), Sans-serif; font-weight: var( --e-global-typography-text-font-weight ); background-color: #ffffff;\" href=\"http:\/\/www.architecture.uem.mz\" target=\"_blank\" rel=\"noopener\">www.architecture.uem.mz<\/a><\/p>\t\t\t\t\t\t\t\t<\/div>\n\t\t\t\t<\/div>\n\t\t\t\t\t<\/div>\n\t\t<\/div>\n\t\t\t\t\t<\/div>\n\t\t<\/section>\n\t\t\t\t<\/div>\n\t\t","protected":false},"excerpt":{"rendered":"<p>Faculdade de Arquitectura e Planeamento F\u00edsico Faculdade de Arquitectura e Planeamento F\u00edsico (FAPF), criada em 1986, resultou da consci\u00eancia da necessidade de (i) cria\u00e7\u00e3o de t\u00e9cnicos superiores em Mo\u00e7ambique de modo a enfrentarem-se adequadamente os desafios de adapta\u00e7\u00e3o do espa\u00e7o &hellip; <\/p>\n","protected":false},"author":1,"featured_media":0,"parent":0,"menu_order":0,"comment_status":"closed","ping_status":"closed","template":"elementor_header_footer","meta":{"footnotes":""},"class_list":["post-12430","page","type-page","status-publish","hentry"],"_links":{"self":[{"href":"https:\/\/site-teste.uem.mz\/index.php\/wp-json\/wp\/v2\/pages\/12430"}],"collection":[{"href":"https:\/\/site-teste.uem.mz\/index.php\/wp-json\/wp\/v2\/pages"}],"about":[{"href":"https:\/\/site-teste.uem.mz\/index.php\/wp-json\/wp\/v2\/types\/page"}],"author":[{"embeddable":true,"href":"https:\/\/site-teste.uem.mz\/index.php\/wp-json\/wp\/v2\/users\/1"}],"replies":[{"embeddable":true,"href":"https:\/\/site-teste.uem.mz\/index.php\/wp-json\/wp\/v2\/comments?post=12430"}],"version-history":[{"count":22,"href":"https:\/\/site-teste.uem.mz\/index.php\/wp-json\/wp\/v2\/pages\/12430\/revisions"}],"predecessor-version":[{"id":15886,"href":"https:\/\/site-teste.uem.mz\/index.php\/wp-json\/wp\/v2\/pages\/12430\/revisions\/15886"}],"wp:attachment":[{"href":"https:\/\/site-teste.uem.mz\/index.php\/wp-json\/wp\/v2\/media?parent=12430"}],"curies":[{"name":"wp","href":"https:\/\/api.w.org\/{rel}","templated":true}]}}