{"id":12425,"date":"2023-02-13T13:04:28","date_gmt":"2023-02-13T13:04:28","guid":{"rendered":"https:\/\/site-teste.uem.mz\/?page_id=12425"},"modified":"2023-06-08T09:30:47","modified_gmt":"2023-06-08T09:30:47","slug":"faculdade-de-agronomia-e-engenharia-florestal","status":"publish","type":"page","link":"https:\/\/site-teste.uem.mz\/index.php\/faculdade-de-agronomia-e-engenharia-florestal\/","title":{"rendered":"Faculdade de Agronomia e Engenharia Florestal"},"content":{"rendered":"\t\t<div data-elementor-type=\"wp-page\" data-elementor-id=\"12425\" class=\"elementor elementor-12425\" data-elementor-settings=\"{&quot;ha_cmc_init_switcher&quot;:&quot;no&quot;}\" data-elementor-post-type=\"page\">\n\t\t\t\t\t\t<section class=\"elementor-section elementor-top-section elementor-element elementor-element-10d6585 elementor-section-boxed elementor-section-height-default elementor-section-height-default\" data-id=\"10d6585\" data-element_type=\"section\" data-e-type=\"section\" data-settings=\"{&quot;_ha_eqh_enable&quot;:false}\">\n\t\t\t\t\t\t<div class=\"elementor-container elementor-column-gap-default\">\n\t\t\t\t\t<div class=\"elementor-column elementor-col-100 elementor-top-column elementor-element elementor-element-88b37e4\" data-id=\"88b37e4\" data-element_type=\"column\" data-e-type=\"column\">\n\t\t\t<div class=\"elementor-widget-wrap elementor-element-populated\">\n\t\t\t\t\t\t<div class=\"elementor-element elementor-element-1d9570c elementor-widget elementor-widget-heading\" data-id=\"1d9570c\" data-element_type=\"widget\" data-e-type=\"widget\" data-widget_type=\"heading.default\">\n\t\t\t\t<div class=\"elementor-widget-container\">\n\t\t\t\t\t<h2 class=\"elementor-heading-title elementor-size-default\">Faculdade de Agronomia e Engenharia Floresta<\/h2>\t\t\t\t<\/div>\n\t\t\t\t<\/div>\n\t\t\t\t\t<\/div>\n\t\t<\/div>\n\t\t\t\t\t<\/div>\n\t\t<\/section>\n\t\t\t\t<section class=\"elementor-section elementor-top-section elementor-element elementor-element-bc06740 elementor-section-boxed elementor-section-height-default elementor-section-height-default\" data-id=\"bc06740\" data-element_type=\"section\" data-e-type=\"section\" data-settings=\"{&quot;_ha_eqh_enable&quot;:false}\">\n\t\t\t\t\t\t<div class=\"elementor-container elementor-column-gap-default\">\n\t\t\t\t\t<div class=\"elementor-column elementor-col-100 elementor-top-column elementor-element elementor-element-eea7a7e\" data-id=\"eea7a7e\" data-element_type=\"column\" data-e-type=\"column\">\n\t\t\t<div class=\"elementor-widget-wrap elementor-element-populated\">\n\t\t\t\t\t\t<div class=\"elementor-element elementor-element-c0c9061 elementor-widget elementor-widget-text-editor\" data-id=\"c0c9061\" data-element_type=\"widget\" data-e-type=\"widget\" data-widget_type=\"text-editor.default\">\n\t\t\t\t<div class=\"elementor-widget-container\">\n\t\t\t\t\t\t\t\t\t<p>A Faculdade de Agronomia e Engenharia Florestal \u00e9 uma das onze Fculdades da universidade Eduardo Mondlane, criada com o objectivo de formar t\u00e9cnicos superiores de qualidade em ci\u00eancias agron\u00f3micas e florestais, como tamb\u00e9m desenvolver actividades na \u00e1rea cient\u00edfica e compet\u00eancias a ela associada prorporcionando ferramentas de alavana no desenvolvimento do pa\u00eds.<\/p>\n<p><strong>Vis\u00e3o<\/strong><br>Ser uma Faculdade de refer\u00eancia nacional e internacional em actividades de ensino, investiga\u00e7\u00e3o e extens\u00e3o de tecnologias agr\u00e1rias e florestais.<\/p>\n<p><strong>Miss\u00e3o<\/strong><br>Formar profissionais agr\u00e1rios e florestais com alto grau de qualifica\u00e7\u00e3o cient\u00edfico-tecnica, com esp\u00edrito cr\u00edtico, etico, empreendedor e de lideran\u00e7a, comprometidos com o desenvolvimento sustentavel do Pa\u00eds.<\/p>\n<p><strong>Ensino<\/strong><br>A Faculdade de Agronomia e Engenharia Florestal lecciona cursos nos n\u00edveis de gradua\u00e7\u00e3o e p\u00f3s-gradua\u00e7\u00e3o:<br><\/p><p><b>Licenciatura<\/b><br>&#8211; Engenharia Agron\u00f3mica<br>&#8211; Engenharia Florestal<br>&#8211; Agroeconomia e Extens\u00e3o Agr\u00e1ria<\/p>\n<p><strong>Mestrado<\/strong><br>&#8211; Tecnologia e Utiliza\u00e7\u00e3o de Madeira<br>&#8211; Protec\u00e7\u00e3o Vegetal<br>&#8211; Desenvolvimento Rural<br>&#8211; Economia Agr\u00e1ria<br>&#8211; Extens\u00e3o Agr\u00e1ria<br>&#8211; Gest\u00e3o de Solos e \u00c1guas<br>&#8211; Maneio e Conserva\u00e7\u00e3o da Biodiversidade<\/p>\n<p><strong>Doutoramento<\/strong><br>&#8211; Agronomia<br>&#8211; Gest\u00e3o de Pol\u00edticas Agroalimentares<br>&#8211; Recursos Florestais<\/p>\n<p><strong>ACTIVIDADES<\/strong><br>Ao longo da sua exist\u00eancia a Faculdade formou a maioria dos t\u00e9cnicos de agronomia e florestas existentes no pa\u00eds e alguns dos actuais l\u00edderes do pa\u00eds em exerc\u00edcio, e publicou estudos de refer\u00eancia internacional na sua \u00e1rea de actua\u00e7\u00e3o .<br>Os recentes trabalhos trabalhos de pesquisa incluem:<\/p>\n<ul>\n<li>O combate \u00e1 mosca da fruta;<\/li>\n<li>Estudos iniciais sobre o amarelecimento letal do coqueiro;<\/li>\n<li>A quantifica\u00e7\u00e3o da biomassa e carbono em florestas nativas;<\/li>\n<li>M\u00e9todos de colheita de \u00e1gua em zonas semi-\u00e1ridas de Mo\u00e7ambique;<\/li>\n<li>Desenvolvimento de diagn\u00f3stico r\u00e1pidos de fertilidade de solos;<\/li>\n<li>Melhoramento de feij\u00e3o nhemba ao stress h\u00eddrico e doen\u00e7as entre outras;<\/li>\n<li>A FAEF organizou a Confer\u00eancia Africana de Ci\u00eancias Agron\u00f3micas que foi um grande \u00e9xito.<\/li>\n<\/ul>\n<p><strong>Contactos<\/strong><\/p>\n<ul>\n<li>Av. Julius Nyerere\/Campus 3453<\/li>\n<li>Telefone: +258 21492142<\/li>\n<li>Fax: +258 21492176<\/li>\n<li>Email: dir.faef@gmail.com<\/li>\n<li>WEBSITE: www.faef.uem.mz<\/li>\n<\/ul>\n<div>Visitar website:&nbsp;<a style=\"background-color: #ffffff; color: #23527c; transition-property: all; outline: 0px;\" href=\"http:\/\/www.agronomia.uem.mz\/\">http:\/\/www.agronomia.uem.mz<\/a><\/div>\t\t\t\t\t\t\t\t<\/div>\n\t\t\t\t<\/div>\n\t\t\t\t\t<\/div>\n\t\t<\/div>\n\t\t\t\t\t<\/div>\n\t\t<\/section>\n\t\t\t\t<\/div>\n\t\t","protected":false},"excerpt":{"rendered":"<p>Faculdade de Agronomia e Engenharia Floresta A Faculdade de Agronomia e Engenharia Florestal \u00e9 uma das onze Fculdades da universidade Eduardo Mondlane, criada com o objectivo de formar t\u00e9cnicos superiores de qualidade em ci\u00eancias agron\u00f3micas e florestais, como tamb\u00e9m desenvolver &hellip; <\/p>\n","protected":false},"author":1,"featured_media":0,"parent":0,"menu_order":0,"comment_status":"closed","ping_status":"closed","template":"elementor_header_footer","meta":{"footnotes":""},"class_list":["post-12425","page","type-page","status-publish","hentry"],"_links":{"self":[{"href":"https:\/\/site-teste.uem.mz\/index.php\/wp-json\/wp\/v2\/pages\/12425"}],"collection":[{"href":"https:\/\/site-teste.uem.mz\/index.php\/wp-json\/wp\/v2\/pages"}],"about":[{"href":"https:\/\/site-teste.uem.mz\/index.php\/wp-json\/wp\/v2\/types\/page"}],"author":[{"embeddable":true,"href":"https:\/\/site-teste.uem.mz\/index.php\/wp-json\/wp\/v2\/users\/1"}],"replies":[{"embeddable":true,"href":"https:\/\/site-teste.uem.mz\/index.php\/wp-json\/wp\/v2\/comments?post=12425"}],"version-history":[{"count":24,"href":"https:\/\/site-teste.uem.mz\/index.php\/wp-json\/wp\/v2\/pages\/12425\/revisions"}],"predecessor-version":[{"id":15880,"href":"https:\/\/site-teste.uem.mz\/index.php\/wp-json\/wp\/v2\/pages\/12425\/revisions\/15880"}],"wp:attachment":[{"href":"https:\/\/site-teste.uem.mz\/index.php\/wp-json\/wp\/v2\/media?parent=12425"}],"curies":[{"name":"wp","href":"https:\/\/api.w.org\/{rel}","templated":true}]}}