{"id":12311,"date":"2023-01-30T08:30:11","date_gmt":"2023-01-30T08:30:11","guid":{"rendered":"https:\/\/site-teste.uem.mz\/?page_id=12311"},"modified":"2023-01-30T08:32:14","modified_gmt":"2023-01-30T08:32:14","slug":"estacao-de-biologia-maritima-de-inhaca","status":"publish","type":"page","link":"https:\/\/site-teste.uem.mz\/index.php\/estacao-de-biologia-maritima-de-inhaca\/","title":{"rendered":"Esta\u00e7\u00e3o de Biologia Mar\u00edtima de Inhaca"},"content":{"rendered":"\t\t<div data-elementor-type=\"wp-page\" data-elementor-id=\"12311\" class=\"elementor elementor-12311\" data-elementor-settings=\"{&quot;ha_cmc_init_switcher&quot;:&quot;no&quot;}\" data-elementor-post-type=\"page\">\n\t\t\t\t\t\t<section class=\"elementor-section elementor-top-section elementor-element elementor-element-6193d13 elementor-section-boxed elementor-section-height-default elementor-section-height-default\" data-id=\"6193d13\" data-element_type=\"section\" data-e-type=\"section\" data-settings=\"{&quot;_ha_eqh_enable&quot;:false}\">\n\t\t\t\t\t\t<div class=\"elementor-container elementor-column-gap-default\">\n\t\t\t\t\t<div class=\"elementor-column elementor-col-100 elementor-top-column elementor-element elementor-element-8de3232\" data-id=\"8de3232\" data-element_type=\"column\" data-e-type=\"column\">\n\t\t\t<div class=\"elementor-widget-wrap elementor-element-populated\">\n\t\t\t\t\t\t<div class=\"elementor-element elementor-element-0ed4e4a elementor-widget elementor-widget-heading\" data-id=\"0ed4e4a\" data-element_type=\"widget\" data-e-type=\"widget\" data-widget_type=\"heading.default\">\n\t\t\t\t<div class=\"elementor-widget-container\">\n\t\t\t\t\t<h2 class=\"elementor-heading-title elementor-size-default\">Esta\u00e7\u00e3o de Biologia Mar\u00edtima de Inhaca<\/h2>\t\t\t\t<\/div>\n\t\t\t\t<\/div>\n\t\t\t\t<div class=\"elementor-element elementor-element-260371e elementor-widget elementor-widget-text-editor\" data-id=\"260371e\" data-element_type=\"widget\" data-e-type=\"widget\" data-widget_type=\"text-editor.default\">\n\t\t\t\t<div class=\"elementor-widget-container\">\n\t\t\t\t\t\t\t\t\t<p>A\u00a0<strong>Esta\u00e7\u00e3o de Biologia Mar\u00edtima de Inhaca (EBMI<\/strong>) \u00e9 um Departamento de Investiga\u00e7\u00e3o da Faculdade de Ci\u00eancias da UEM. Pela sua natureza, a EBMI \u00e9 uma unidade cient\u00edfica da Faculdade que, de forma organizada e hier\u00e1rquica, engloba um conjunto de \u00e1reas cient\u00edficas afins, capazes de leccionar, desenvolver a investiga\u00e7\u00e3o e extens\u00e3o e realizar a gest\u00e3o dos recursos colocados \u00e0 sua disposi\u00e7\u00e3o.<\/p><p>A EBMI foi fundada em 1951 para apoiar as actividades de investiga\u00e7\u00e3o de inverno da Universidade de Witwatersrand da \u00c1frica do Sul. A sua localiza\u00e7\u00e3o estrat\u00e9gica numa ilha, a 32 km da Cidade de Maputo, com caracter\u00edsticas ecol\u00f3gicas particulares atraiu aten\u00e7\u00e3o de v\u00e1rios cientistas e outros curiosos aos n\u00edveis regional e internacional.<\/p><p>De um simples local de acomoda\u00e7\u00e3o para estudantes e cientistas, a EBMI rapidamente evoluiu e tornou-se numa das primeiras esta\u00e7\u00f5es de investiga\u00e7\u00e3o marinha a ser criada na costa Oriental de \u00c1frica. A sua estrutura organizacional possui um Conselho de Direc\u00e7\u00e3o e cinco (5) Sec\u00e7\u00f5es agrupadas de acordo com a natureza das fun\u00e7\u00f5es que ai s\u00e3o desempenhadas.<\/p>\t\t\t\t\t\t\t\t<\/div>\n\t\t\t\t<\/div>\n\t\t\t\t\t<\/div>\n\t\t<\/div>\n\t\t\t\t\t<\/div>\n\t\t<\/section>\n\t\t\t\t<\/div>\n\t\t","protected":false},"excerpt":{"rendered":"<p>Esta\u00e7\u00e3o de Biologia Mar\u00edtima de Inhaca A\u00a0Esta\u00e7\u00e3o de Biologia Mar\u00edtima de Inhaca (EBMI) \u00e9 um Departamento de Investiga\u00e7\u00e3o da Faculdade de Ci\u00eancias da UEM. Pela sua natureza, a EBMI \u00e9 uma unidade cient\u00edfica da Faculdade que, de forma organizada e &hellip; <\/p>\n","protected":false},"author":1,"featured_media":0,"parent":0,"menu_order":0,"comment_status":"closed","ping_status":"closed","template":"elementor_header_footer","meta":{"footnotes":""},"class_list":["post-12311","page","type-page","status-publish","hentry"],"_links":{"self":[{"href":"https:\/\/site-teste.uem.mz\/index.php\/wp-json\/wp\/v2\/pages\/12311"}],"collection":[{"href":"https:\/\/site-teste.uem.mz\/index.php\/wp-json\/wp\/v2\/pages"}],"about":[{"href":"https:\/\/site-teste.uem.mz\/index.php\/wp-json\/wp\/v2\/types\/page"}],"author":[{"embeddable":true,"href":"https:\/\/site-teste.uem.mz\/index.php\/wp-json\/wp\/v2\/users\/1"}],"replies":[{"embeddable":true,"href":"https:\/\/site-teste.uem.mz\/index.php\/wp-json\/wp\/v2\/comments?post=12311"}],"version-history":[{"count":5,"href":"https:\/\/site-teste.uem.mz\/index.php\/wp-json\/wp\/v2\/pages\/12311\/revisions"}],"predecessor-version":[{"id":12316,"href":"https:\/\/site-teste.uem.mz\/index.php\/wp-json\/wp\/v2\/pages\/12311\/revisions\/12316"}],"wp:attachment":[{"href":"https:\/\/site-teste.uem.mz\/index.php\/wp-json\/wp\/v2\/media?parent=12311"}],"curies":[{"name":"wp","href":"https:\/\/api.w.org\/{rel}","templated":true}]}}