{"id":11031,"date":"2022-10-06T06:43:32","date_gmt":"2022-10-06T06:43:32","guid":{"rendered":"https:\/\/site-teste.uem.mz\/?page_id=11031"},"modified":"2023-03-09T10:21:54","modified_gmt":"2023-03-09T10:21:54","slug":"associacao-de-estudantes","status":"publish","type":"page","link":"https:\/\/site-teste.uem.mz\/index.php\/associacao-de-estudantes\/","title":{"rendered":"Associa\u00e7\u00e3o de Estudantes"},"content":{"rendered":"\t\t<div data-elementor-type=\"wp-page\" data-elementor-id=\"11031\" class=\"elementor elementor-11031\" data-elementor-settings=\"{&quot;ha_cmc_init_switcher&quot;:&quot;no&quot;}\" data-elementor-post-type=\"page\">\n\t\t\t\t\t\t<section class=\"elementor-section elementor-top-section elementor-element elementor-element-83c2e4b elementor-section-boxed elementor-section-height-default elementor-section-height-default\" data-id=\"83c2e4b\" data-element_type=\"section\" data-e-type=\"section\" data-settings=\"{&quot;_ha_eqh_enable&quot;:false}\">\n\t\t\t\t\t\t<div class=\"elementor-container elementor-column-gap-default\">\n\t\t\t\t\t<div class=\"elementor-column elementor-col-100 elementor-top-column elementor-element elementor-element-fc2dda9\" data-id=\"fc2dda9\" data-element_type=\"column\" data-e-type=\"column\">\n\t\t\t<div class=\"elementor-widget-wrap elementor-element-populated\">\n\t\t\t\t\t\t<div class=\"elementor-element elementor-element-094b603 elementor-widget elementor-widget-heading\" data-id=\"094b603\" data-element_type=\"widget\" data-e-type=\"widget\" data-widget_type=\"heading.default\">\n\t\t\t\t<div class=\"elementor-widget-container\">\n\t\t\t\t\t<h2 class=\"elementor-heading-title elementor-size-default\">Associa\u00e7\u00e3o dos Estudantes<\/h2>\t\t\t\t<\/div>\n\t\t\t\t<\/div>\n\t\t\t\t\t<\/div>\n\t\t<\/div>\n\t\t\t\t\t<\/div>\n\t\t<\/section>\n\t\t\t\t<section class=\"elementor-section elementor-top-section elementor-element elementor-element-1bc7de1 elementor-section-boxed elementor-section-height-default elementor-section-height-default\" data-id=\"1bc7de1\" data-element_type=\"section\" data-e-type=\"section\" data-settings=\"{&quot;_ha_eqh_enable&quot;:false}\">\n\t\t\t\t\t\t<div class=\"elementor-container elementor-column-gap-default\">\n\t\t\t\t\t<div class=\"elementor-column elementor-col-100 elementor-top-column elementor-element elementor-element-c7c404d\" data-id=\"c7c404d\" data-element_type=\"column\" data-e-type=\"column\">\n\t\t\t<div class=\"elementor-widget-wrap elementor-element-populated\">\n\t\t\t\t\t\t<div class=\"elementor-element elementor-element-6adb241 elementor-widget elementor-widget-text-editor\" data-id=\"6adb241\" data-element_type=\"widget\" data-e-type=\"widget\" data-widget_type=\"text-editor.default\">\n\t\t\t\t<div class=\"elementor-widget-container\">\n\t\t\t\t\t\t\t\t\t<p>A Associa\u00e7\u00e3o dos Estudantes Universit\u00e1rios (AEU-UEM), fundada em 1991, \u00e9 uma organiza\u00e7\u00e3o<br \/>representativa dos estudantes da UEM, sem fins lucrativos, n\u00e3o partid\u00e1ria, dotada de personalidade<\/p><p>jur\u00eddica. Goza de autonomia administrativa, financeira e patrimonial e constitui-se essencialmente para<br \/>representar e realizar os interesses dos estudantes vinculados juridicamente \u00e0 UEM.<br \/>A AEU-UEM constitui-se por tempo indeterminado e tem a sua sede na cidade onde estiver instalada a<br \/>Reitoria da UEM, sendo as suas actividades de \u00e2mbito nacional.<br \/>A AEU est\u00e1 representada ao n\u00edvel das Faculdades e Escolas da UEM atrav\u00e9s dos N\u00facleos de Estudantes<br \/>a) Vis\u00e3o<br \/>Ser uma Associa\u00e7\u00e3o de refer\u00eancia nacional e na regi\u00e3o, onde os estudantes gozam dos seus direitos<br \/>leg\u00edtimos como resultado das suas ac\u00e7\u00f5es.<br \/>b) Miss\u00e3o<br \/>Promover a realiza\u00e7\u00e3o dos interesses e direitos leg\u00edtimos dos estudantes vinculados juridicamente \u00e0<br \/>UEM atrav\u00e9s de uma associa\u00e7\u00e3o consistente e coerente<\/p><p>Contacto<br \/>Associa\u00e7\u00e3o dos Estudantes Universit\u00e1rios<br \/>Pra\u00e7a 25 de Junho CP 257, R\u00e9s-do-ch\u00e3o<br \/>Maputo &#8211; Mo\u00e7ambique<br \/>Presidente: 829084649<br \/>Vice-presidentes: 821620037 e 826871810<\/p>\t\t\t\t\t\t\t\t<\/div>\n\t\t\t\t<\/div>\n\t\t\t\t\t<\/div>\n\t\t<\/div>\n\t\t\t\t\t<\/div>\n\t\t<\/section>\n\t\t\t\t<\/div>\n\t\t","protected":false},"excerpt":{"rendered":"<p>Associa\u00e7\u00e3o dos Estudantes A Associa\u00e7\u00e3o dos Estudantes Universit\u00e1rios (AEU-UEM), fundada em 1991, \u00e9 uma organiza\u00e7\u00e3orepresentativa dos estudantes da UEM, sem fins lucrativos, n\u00e3o partid\u00e1ria, dotada de personalidade jur\u00eddica. Goza de autonomia administrativa, financeira e patrimonial e constitui-se essencialmente pararepresentar e &hellip; <\/p>\n","protected":false},"author":1,"featured_media":0,"parent":0,"menu_order":0,"comment_status":"closed","ping_status":"closed","template":"elementor_header_footer","meta":{"footnotes":""},"class_list":["post-11031","page","type-page","status-publish","hentry"],"_links":{"self":[{"href":"https:\/\/site-teste.uem.mz\/index.php\/wp-json\/wp\/v2\/pages\/11031"}],"collection":[{"href":"https:\/\/site-teste.uem.mz\/index.php\/wp-json\/wp\/v2\/pages"}],"about":[{"href":"https:\/\/site-teste.uem.mz\/index.php\/wp-json\/wp\/v2\/types\/page"}],"author":[{"embeddable":true,"href":"https:\/\/site-teste.uem.mz\/index.php\/wp-json\/wp\/v2\/users\/1"}],"replies":[{"embeddable":true,"href":"https:\/\/site-teste.uem.mz\/index.php\/wp-json\/wp\/v2\/comments?post=11031"}],"version-history":[{"count":7,"href":"https:\/\/site-teste.uem.mz\/index.php\/wp-json\/wp\/v2\/pages\/11031\/revisions"}],"predecessor-version":[{"id":14183,"href":"https:\/\/site-teste.uem.mz\/index.php\/wp-json\/wp\/v2\/pages\/11031\/revisions\/14183"}],"wp:attachment":[{"href":"https:\/\/site-teste.uem.mz\/index.php\/wp-json\/wp\/v2\/media?parent=11031"}],"curies":[{"name":"wp","href":"https:\/\/api.w.org\/{rel}","templated":true}]}}