{"id":10736,"date":"2022-09-27T08:17:15","date_gmt":"2022-09-27T08:17:15","guid":{"rendered":"https:\/\/site-teste.uem.mz\/?page_id=10736"},"modified":"2022-09-27T09:46:52","modified_gmt":"2022-09-27T09:46:52","slug":"alojamento-e-alimentacao-2","status":"publish","type":"page","link":"https:\/\/site-teste.uem.mz\/index.php\/alojamento-e-alimentacao-2\/","title":{"rendered":"Alojamento e Alimenta\u00e7\u00e3o"},"content":{"rendered":"\t\t<div data-elementor-type=\"wp-page\" data-elementor-id=\"10736\" class=\"elementor elementor-10736\" data-elementor-settings=\"{&quot;ha_cmc_init_switcher&quot;:&quot;no&quot;}\" data-elementor-post-type=\"page\">\n\t\t\t\t\t\t<section class=\"elementor-section elementor-top-section elementor-element elementor-element-0ea5583 elementor-section-full_width elementor-section-stretched elementor-section-height-default elementor-section-height-default\" data-id=\"0ea5583\" data-element_type=\"section\" data-e-type=\"section\" data-settings=\"{&quot;stretch_section&quot;:&quot;section-stretched&quot;,&quot;background_background&quot;:&quot;slideshow&quot;,&quot;background_slideshow_gallery&quot;:[{&quot;id&quot;:10022,&quot;url&quot;:&quot;https:\\\/\\\/site-teste.uem.mz\\\/wp-content\\\/uploads\\\/2022\\\/07\\\/IMwebsite1.jpg&quot;},{&quot;id&quot;:10094,&quot;url&quot;:&quot;https:\\\/\\\/site-teste.uem.mz\\\/wp-content\\\/uploads\\\/2022\\\/07\\\/IMwebsite.jpg&quot;}],&quot;background_slideshow_loop&quot;:&quot;yes&quot;,&quot;background_slideshow_slide_duration&quot;:5000,&quot;background_slideshow_slide_transition&quot;:&quot;fade&quot;,&quot;background_slideshow_transition_duration&quot;:500,&quot;_ha_eqh_enable&quot;:false}\">\n\t\t\t\t\t\t\t<div class=\"elementor-background-overlay\"><\/div>\n\t\t\t\t\t\t\t<div class=\"elementor-container elementor-column-gap-default\">\n\t\t\t\t\t<div class=\"elementor-column elementor-col-100 elementor-top-column elementor-element elementor-element-9903bb2\" data-id=\"9903bb2\" data-element_type=\"column\" data-e-type=\"column\">\n\t\t\t<div class=\"elementor-widget-wrap elementor-element-populated\">\n\t\t\t\t\t\t<div class=\"elementor-element elementor-element-098d2b1 elementor-widget elementor-widget-theme-post-title elementor-page-title elementor-widget-heading\" data-id=\"098d2b1\" data-element_type=\"widget\" data-e-type=\"widget\" data-widget_type=\"theme-post-title.default\">\n\t\t\t\t<div class=\"elementor-widget-container\">\n\t\t\t\t\t<h1 class=\"elementor-heading-title elementor-size-default\">Alojamento e Alimenta\u00e7\u00e3o<\/h1>\t\t\t\t<\/div>\n\t\t\t\t<\/div>\n\t\t\t\t\t<\/div>\n\t\t<\/div>\n\t\t\t\t\t<\/div>\n\t\t<\/section>\n\t\t\t\t<section class=\"elementor-section elementor-top-section elementor-element elementor-element-abda0a3 elementor-section-boxed elementor-section-height-default elementor-section-height-default\" data-id=\"abda0a3\" data-element_type=\"section\" data-e-type=\"section\" data-settings=\"{&quot;_ha_eqh_enable&quot;:false}\">\n\t\t\t\t\t\t<div class=\"elementor-container elementor-column-gap-default\">\n\t\t\t\t\t<div class=\"elementor-column elementor-col-100 elementor-top-column elementor-element elementor-element-1850653\" data-id=\"1850653\" data-element_type=\"column\" data-e-type=\"column\">\n\t\t\t<div class=\"elementor-widget-wrap elementor-element-populated\">\n\t\t\t\t\t\t<div class=\"elementor-element elementor-element-e892bab elementor-widget elementor-widget-heading\" data-id=\"e892bab\" data-element_type=\"widget\" data-e-type=\"widget\" data-widget_type=\"heading.default\">\n\t\t\t\t<div class=\"elementor-widget-container\">\n\t\t\t\t\t<h2 class=\"elementor-heading-title elementor-size-default\">ALojamento<\/h2>\t\t\t\t<\/div>\n\t\t\t\t<\/div>\n\t\t\t\t<div class=\"elementor-element elementor-element-42b19f6 elementor-widget-divider--view-line elementor-widget elementor-widget-divider\" data-id=\"42b19f6\" data-element_type=\"widget\" data-e-type=\"widget\" data-widget_type=\"divider.default\">\n\t\t\t\t<div class=\"elementor-widget-container\">\n\t\t\t\t\t\t\t<div class=\"elementor-divider\">\n\t\t\t<span class=\"elementor-divider-separator\">\n\t\t\t\t\t\t<\/span>\n\t\t<\/div>\n\t\t\t\t\t\t<\/div>\n\t\t\t\t<\/div>\n\t\t\t\t<div class=\"elementor-element elementor-element-2860c30 elementor-widget elementor-widget-text-editor\" data-id=\"2860c30\" data-element_type=\"widget\" data-e-type=\"widget\" data-widget_type=\"text-editor.default\">\n\t\t\t\t<div class=\"elementor-widget-container\">\n\t\t\t\t\t\t\t\t\t<p>Relativamente ao alojamento para estudantes, a UEM possue Resid\u00eancias Universit\u00e1rias para acomoda-los. Em Maputo, a Direc\u00e7\u00e3o dos Servi\u00e7os Sociais (DSS) gere 8 (oito) resid\u00eancias universit\u00e1rias e servi\u00e7os de lavandaria. Nas Escolas fora da Cidade de Maputo, nomeadamente, a ESHTI (Inhambane), ESNEC (Gaza), ESUDER (GAZA) e ESCMC (Zamb\u00e9zia), existem tamb\u00e9m alojamentos para acomodar estudantes.<br \/>Os servi\u00e7os de alojamento s\u00e3o primariamente destinados \u00e0 estudantes benefici\u00e1rios de bolsa completa ou ainda bolsa-alojamento. Excepcionalmente, a DSS coloca \u00e0 disposi\u00e7\u00e3o determinado n\u00famero de alojamentos para o regime de arrendamento de cama, devendo os interessados apresentar uma proposta no in\u00edcio de cada ano.<\/p><p><strong>Resid\u00eancias Universit\u00e1rias:<\/strong><\/p><ul><li>Resid\u00eancia 1 (Self): Av. Am\u00edlcar Cabral, 1254<\/li><li>Resid\u00eancia 2, Av. Mao Tse Tung, 1038<\/li><li>Resid\u00eancia 4: Av. Am\u00edlcar Cabral, 928<\/li><li>Resid\u00eancia 5: Av. Mao Tse Tung, 889<\/li><li>Resid\u00eancia 6: Campus Universit\u00e1rio (prolongamento da Rua da Fran\u00e7a)<\/li><li>Resid\u00eancia 7: Campus Universit\u00e1rio (prolongamento da Rua da Fran\u00e7a)<\/li><li>Resid\u00eancia 8: Av. Karl Marx, 939<\/li><li>Resid\u00eancia 9: Campus Universit\u00e1rio (prolongamento da Rua da Fran\u00e7a)<\/li><\/ul>\t\t\t\t\t\t\t\t<\/div>\n\t\t\t\t<\/div>\n\t\t\t\t\t<\/div>\n\t\t<\/div>\n\t\t\t\t\t<\/div>\n\t\t<\/section>\n\t\t\t\t<\/div>\n\t\t","protected":false},"excerpt":{"rendered":"<p>ALojamento Relativamente ao alojamento para estudantes, a UEM possue Resid\u00eancias Universit\u00e1rias para acomoda-los. Em Maputo, a Direc\u00e7\u00e3o dos Servi\u00e7os Sociais (DSS) gere 8 (oito) resid\u00eancias universit\u00e1rias e servi\u00e7os de lavandaria. Nas Escolas fora da Cidade de Maputo, nomeadamente, a ESHTI &hellip; <\/p>\n","protected":false},"author":1,"featured_media":0,"parent":0,"menu_order":0,"comment_status":"closed","ping_status":"closed","template":"elementor_header_footer","meta":{"footnotes":""},"class_list":["post-10736","page","type-page","status-publish","hentry"],"_links":{"self":[{"href":"https:\/\/site-teste.uem.mz\/index.php\/wp-json\/wp\/v2\/pages\/10736"}],"collection":[{"href":"https:\/\/site-teste.uem.mz\/index.php\/wp-json\/wp\/v2\/pages"}],"about":[{"href":"https:\/\/site-teste.uem.mz\/index.php\/wp-json\/wp\/v2\/types\/page"}],"author":[{"embeddable":true,"href":"https:\/\/site-teste.uem.mz\/index.php\/wp-json\/wp\/v2\/users\/1"}],"replies":[{"embeddable":true,"href":"https:\/\/site-teste.uem.mz\/index.php\/wp-json\/wp\/v2\/comments?post=10736"}],"version-history":[{"count":4,"href":"https:\/\/site-teste.uem.mz\/index.php\/wp-json\/wp\/v2\/pages\/10736\/revisions"}],"predecessor-version":[{"id":10754,"href":"https:\/\/site-teste.uem.mz\/index.php\/wp-json\/wp\/v2\/pages\/10736\/revisions\/10754"}],"wp:attachment":[{"href":"https:\/\/site-teste.uem.mz\/index.php\/wp-json\/wp\/v2\/media?parent=10736"}],"curies":[{"name":"wp","href":"https:\/\/api.w.org\/{rel}","templated":true}]}}