{"id":10305,"date":"2022-08-30T12:37:00","date_gmt":"2022-08-30T12:37:00","guid":{"rendered":"https:\/\/site-teste.uem.mz\/?page_id=10305"},"modified":"2023-02-24T08:55:28","modified_gmt":"2023-02-24T08:55:28","slug":"coleccao-e-galerias-de-arte","status":"publish","type":"page","link":"https:\/\/site-teste.uem.mz\/index.php\/coleccao-e-galerias-de-arte\/","title":{"rendered":"Cole\u00e7\u00e3o e Galerias de Arte"},"content":{"rendered":"\t\t<div data-elementor-type=\"wp-page\" data-elementor-id=\"10305\" class=\"elementor elementor-10305\" data-elementor-settings=\"{&quot;ha_cmc_init_switcher&quot;:&quot;no&quot;}\" data-elementor-post-type=\"page\">\n\t\t\t\t\t\t<section class=\"elementor-section elementor-top-section elementor-element elementor-element-0ea5583 elementor-section-full_width elementor-section-stretched elementor-section-height-default elementor-section-height-default\" data-id=\"0ea5583\" data-element_type=\"section\" data-e-type=\"section\" data-settings=\"{&quot;stretch_section&quot;:&quot;section-stretched&quot;,&quot;background_background&quot;:&quot;slideshow&quot;,&quot;background_slideshow_gallery&quot;:[{&quot;id&quot;:10022,&quot;url&quot;:&quot;https:\\\/\\\/site-teste.uem.mz\\\/wp-content\\\/uploads\\\/2022\\\/07\\\/IMwebsite1.jpg&quot;},{&quot;id&quot;:10094,&quot;url&quot;:&quot;https:\\\/\\\/site-teste.uem.mz\\\/wp-content\\\/uploads\\\/2022\\\/07\\\/IMwebsite.jpg&quot;}],&quot;background_slideshow_loop&quot;:&quot;yes&quot;,&quot;background_slideshow_slide_duration&quot;:5000,&quot;background_slideshow_slide_transition&quot;:&quot;fade&quot;,&quot;background_slideshow_transition_duration&quot;:500,&quot;_ha_eqh_enable&quot;:false}\">\n\t\t\t\t\t\t\t<div class=\"elementor-background-overlay\"><\/div>\n\t\t\t\t\t\t\t<div class=\"elementor-container elementor-column-gap-default\">\n\t\t\t\t\t<div class=\"elementor-column elementor-col-100 elementor-top-column elementor-element elementor-element-9903bb2\" data-id=\"9903bb2\" data-element_type=\"column\" data-e-type=\"column\">\n\t\t\t<div class=\"elementor-widget-wrap elementor-element-populated\">\n\t\t\t\t\t\t<div class=\"elementor-element elementor-element-098d2b1 elementor-widget elementor-widget-theme-post-title elementor-page-title elementor-widget-heading\" data-id=\"098d2b1\" data-element_type=\"widget\" data-e-type=\"widget\" data-widget_type=\"theme-post-title.default\">\n\t\t\t\t<div class=\"elementor-widget-container\">\n\t\t\t\t\t<h1 class=\"elementor-heading-title elementor-size-default\">Cole\u00e7\u00e3o e Galerias de Arte<\/h1>\t\t\t\t<\/div>\n\t\t\t\t<\/div>\n\t\t\t\t\t<\/div>\n\t\t<\/div>\n\t\t\t\t\t<\/div>\n\t\t<\/section>\n\t\t\t\t<section class=\"elementor-section elementor-top-section elementor-element elementor-element-fc6c1dc elementor-section-boxed elementor-section-height-default elementor-section-height-default\" data-id=\"fc6c1dc\" data-element_type=\"section\" data-e-type=\"section\" data-settings=\"{&quot;_ha_eqh_enable&quot;:false}\">\n\t\t\t\t\t\t<div class=\"elementor-container elementor-column-gap-default\">\n\t\t\t\t\t<div class=\"elementor-column elementor-col-100 elementor-top-column elementor-element elementor-element-1e1890d\" data-id=\"1e1890d\" data-element_type=\"column\" data-e-type=\"column\">\n\t\t\t<div class=\"elementor-widget-wrap elementor-element-populated\">\n\t\t\t\t\t\t<div class=\"elementor-element elementor-element-30df7b0 elementor-widget elementor-widget-heading\" data-id=\"30df7b0\" data-element_type=\"widget\" data-e-type=\"widget\" data-widget_type=\"heading.default\">\n\t\t\t\t<div class=\"elementor-widget-container\">\n\t\t\t\t\t<h2 class=\"elementor-heading-title elementor-size-default\">Galeria de Arte da UEM<\/h2>\t\t\t\t<\/div>\n\t\t\t\t<\/div>\n\t\t\t\t\t<\/div>\n\t\t<\/div>\n\t\t\t\t\t<\/div>\n\t\t<\/section>\n\t\t\t\t<section class=\"elementor-section elementor-top-section elementor-element elementor-element-b102572 elementor-section-boxed elementor-section-height-default elementor-section-height-default\" data-id=\"b102572\" data-element_type=\"section\" data-e-type=\"section\" data-settings=\"{&quot;_ha_eqh_enable&quot;:false}\">\n\t\t\t\t\t\t<div class=\"elementor-container elementor-column-gap-default\">\n\t\t\t\t\t<div class=\"elementor-column elementor-col-100 elementor-top-column elementor-element elementor-element-f49094a\" data-id=\"f49094a\" data-element_type=\"column\" data-e-type=\"column\">\n\t\t\t<div class=\"elementor-widget-wrap elementor-element-populated\">\n\t\t\t\t\t\t<div class=\"elementor-element elementor-element-ca5c0f4 elementor-widget elementor-widget-text-editor\" data-id=\"ca5c0f4\" data-element_type=\"widget\" data-e-type=\"widget\" data-widget_type=\"text-editor.default\">\n\t\t\t\t<div class=\"elementor-widget-container\">\n\t\t\t\t\t\t\t\t\t<p>A Galeria de Arte da Direc\u00e7\u00e3o da Cultura da UEM, tem por objectivo divulgar a arte contempor\u00e2nea.<br>Localizada no Campus Universit\u00e1rio Principal, Edif\u00edcio da Reitoria, oferece \u00e0 comunidade em geral, os<br>seguintes servi\u00e7os:<br>&nbsp; &nbsp; a) Exposi\u00e7\u00e3o permanente da colec\u00e7\u00e3o de arte da UEM;<br>&nbsp; &nbsp; b) Exposi\u00e7\u00f5es tempor\u00e1rias;<br>&nbsp; &nbsp; c) Visitas guiadas (marca\u00e7\u00e3o pr\u00e9via);<br>&nbsp; &nbsp; d) Aulas de inicia\u00e7\u00e3o \u00e0s artes pl\u00e1sticas por solicita\u00e7\u00e3o pr\u00e9via.<br><br><\/p>\n<p><b>Contacto<\/b><br>Campus Universit\u00e1rio Principal Edif\u00edcio da Reitoria<br>Av. Julius Nyerere n\u00ba 3453, R\/C<br>Email: galeria.arte@uem.mz&nbsp;<\/p>\t\t\t\t\t\t\t\t<\/div>\n\t\t\t\t<\/div>\n\t\t\t\t\t<\/div>\n\t\t<\/div>\n\t\t\t\t\t<\/div>\n\t\t<\/section>\n\t\t\t\t<\/div>\n\t\t","protected":false},"excerpt":{"rendered":"<p>Galeria de Arte da UEM A Galeria de Arte da Direc\u00e7\u00e3o da Cultura da UEM, tem por objectivo divulgar a arte contempor\u00e2nea. Localizada no Campus Universit\u00e1rio Principal, Edif\u00edcio da Reitoria, oferece \u00e0 comunidade em geral, os seguintes servi\u00e7os: &nbsp; &nbsp; &hellip; <\/p>\n","protected":false},"author":1,"featured_media":0,"parent":0,"menu_order":0,"comment_status":"closed","ping_status":"closed","template":"elementor_header_footer","meta":{"footnotes":""},"class_list":["post-10305","page","type-page","status-publish","hentry"],"_links":{"self":[{"href":"https:\/\/site-teste.uem.mz\/index.php\/wp-json\/wp\/v2\/pages\/10305"}],"collection":[{"href":"https:\/\/site-teste.uem.mz\/index.php\/wp-json\/wp\/v2\/pages"}],"about":[{"href":"https:\/\/site-teste.uem.mz\/index.php\/wp-json\/wp\/v2\/types\/page"}],"author":[{"embeddable":true,"href":"https:\/\/site-teste.uem.mz\/index.php\/wp-json\/wp\/v2\/users\/1"}],"replies":[{"embeddable":true,"href":"https:\/\/site-teste.uem.mz\/index.php\/wp-json\/wp\/v2\/comments?post=10305"}],"version-history":[{"count":8,"href":"https:\/\/site-teste.uem.mz\/index.php\/wp-json\/wp\/v2\/pages\/10305\/revisions"}],"predecessor-version":[{"id":13571,"href":"https:\/\/site-teste.uem.mz\/index.php\/wp-json\/wp\/v2\/pages\/10305\/revisions\/13571"}],"wp:attachment":[{"href":"https:\/\/site-teste.uem.mz\/index.php\/wp-json\/wp\/v2\/media?parent=10305"}],"curies":[{"name":"wp","href":"https:\/\/api.w.org\/{rel}","templated":true}]}}