{"id":10282,"date":"2022-08-30T12:13:55","date_gmt":"2022-08-30T12:13:55","guid":{"rendered":"https:\/\/site-teste.uem.mz\/?page_id=10282"},"modified":"2023-02-24T12:44:06","modified_gmt":"2023-02-24T12:44:06","slug":"projectos-3","status":"publish","type":"page","link":"https:\/\/site-teste.uem.mz\/index.php\/projectos-3\/","title":{"rendered":"Projectos"},"content":{"rendered":"\t\t<div data-elementor-type=\"wp-page\" data-elementor-id=\"10282\" class=\"elementor elementor-10282\" data-elementor-settings=\"{&quot;ha_cmc_init_switcher&quot;:&quot;no&quot;}\" data-elementor-post-type=\"page\">\n\t\t\t\t\t\t<section class=\"elementor-section elementor-top-section elementor-element elementor-element-a9deaea elementor-section-boxed elementor-section-height-default elementor-section-height-default\" data-id=\"a9deaea\" data-element_type=\"section\" data-e-type=\"section\" data-settings=\"{&quot;_ha_eqh_enable&quot;:false}\">\n\t\t\t\t\t\t<div class=\"elementor-container elementor-column-gap-default\">\n\t\t\t\t\t<div class=\"elementor-column elementor-col-100 elementor-top-column elementor-element elementor-element-d4e0da6\" data-id=\"d4e0da6\" data-element_type=\"column\" data-e-type=\"column\">\n\t\t\t<div class=\"elementor-widget-wrap elementor-element-populated\">\n\t\t\t\t\t\t<div class=\"elementor-element elementor-element-89ba9e7 elementor-widget elementor-widget-heading\" data-id=\"89ba9e7\" data-element_type=\"widget\" data-e-type=\"widget\" data-widget_type=\"heading.default\">\n\t\t\t\t<div class=\"elementor-widget-container\">\n\t\t\t\t\t<h1 class=\"elementor-heading-title elementor-size-default\">Projectos realizados<\/h1>\t\t\t\t<\/div>\n\t\t\t\t<\/div>\n\t\t\t\t\t<\/div>\n\t\t<\/div>\n\t\t\t\t\t<\/div>\n\t\t<\/section>\n\t\t\t\t<section class=\"elementor-section elementor-top-section elementor-element elementor-element-ef333a3 elementor-section-boxed elementor-section-height-default elementor-section-height-default\" data-id=\"ef333a3\" data-element_type=\"section\" data-e-type=\"section\" data-settings=\"{&quot;_ha_eqh_enable&quot;:false}\">\n\t\t\t\t\t\t<div class=\"elementor-container elementor-column-gap-default\">\n\t\t\t\t\t<div class=\"elementor-column elementor-col-100 elementor-top-column elementor-element elementor-element-0d09052\" data-id=\"0d09052\" data-element_type=\"column\" data-e-type=\"column\">\n\t\t\t<div class=\"elementor-widget-wrap elementor-element-populated\">\n\t\t\t\t\t\t<div class=\"elementor-element elementor-element-6756885 elementor-widget elementor-widget-text-editor\" data-id=\"6756885\" data-element_type=\"widget\" data-e-type=\"widget\" data-widget_type=\"text-editor.default\">\n\t\t\t\t<div class=\"elementor-widget-container\">\n\t\t\t\t\t\t\t\t\t<ul><li>Produ\u00e7\u00e3o de farinha com recurso a vagens de moringa<br \/>Desenvolvimento de novas formula\u00e7\u00f5es de fertilizantes compostos para as culturas de milho e<br \/>soja<\/li><li>Abertura de canais de drenagem no povoado de Chichocane<\/li><li>\u00a0Desenvolvimento de metodologias para a produ\u00e7\u00e3o e plantio de mudas de Avicena marina para<br \/>a restaura\u00e7\u00e3o das \u00e1reas degradadas ao redor do Munic\u00edpio de Quelimane<\/li><li>\u00a0Concep\u00e7\u00e3o e constru\u00e7\u00e3o de fog\u00e3o solar, uma inova\u00e7\u00e3o a disseminar em comunidades que<br \/>praticam o abate do mangal para a produ\u00e7\u00e3o de carv\u00e3o<\/li><li>Forma\u00e7\u00e3o em produ\u00e7\u00e3o de frangos de corte, no Distrito de Mabalane, e produ\u00e7\u00e3o de caprinos,<br \/>no Distrito de Guij\u00e1<\/li><li>\u00a0Diagn\u00f3stico do v\u00edrus da mancha branca do camar\u00e3o<\/li><li>implementa\u00e7\u00e3o da iniciativa conjunta KAYA CL\u00cdNICA para a melhoria de habitabilidade b\u00e1sica no<br \/>Centro Comunit\u00e1rio do Bairro George Dimitrov<\/li><li>\u00a0Treinamento de agricultores e criadores da Ilha KaNhaka em m\u00e9todos para a melhoria da<br \/>produ\u00e7\u00e3o e produtividade agr\u00edcolas, bem como da sanidade animal<\/li><\/ul>\t\t\t\t\t\t\t\t<\/div>\n\t\t\t\t<\/div>\n\t\t\t\t\t<\/div>\n\t\t<\/div>\n\t\t\t\t\t<\/div>\n\t\t<\/section>\n\t\t\t\t<\/div>\n\t\t","protected":false},"excerpt":{"rendered":"<p>Projectos realizados Produ\u00e7\u00e3o de farinha com recurso a vagens de moringaDesenvolvimento de novas formula\u00e7\u00f5es de fertilizantes compostos para as culturas de milho esoja Abertura de canais de drenagem no povoado de Chichocane \u00a0Desenvolvimento de metodologias para a produ\u00e7\u00e3o e plantio &hellip; <\/p>\n","protected":false},"author":1,"featured_media":0,"parent":0,"menu_order":0,"comment_status":"closed","ping_status":"closed","template":"elementor_header_footer","meta":{"footnotes":""},"class_list":["post-10282","page","type-page","status-publish","hentry"],"_links":{"self":[{"href":"https:\/\/site-teste.uem.mz\/index.php\/wp-json\/wp\/v2\/pages\/10282"}],"collection":[{"href":"https:\/\/site-teste.uem.mz\/index.php\/wp-json\/wp\/v2\/pages"}],"about":[{"href":"https:\/\/site-teste.uem.mz\/index.php\/wp-json\/wp\/v2\/types\/page"}],"author":[{"embeddable":true,"href":"https:\/\/site-teste.uem.mz\/index.php\/wp-json\/wp\/v2\/users\/1"}],"replies":[{"embeddable":true,"href":"https:\/\/site-teste.uem.mz\/index.php\/wp-json\/wp\/v2\/comments?post=10282"}],"version-history":[{"count":7,"href":"https:\/\/site-teste.uem.mz\/index.php\/wp-json\/wp\/v2\/pages\/10282\/revisions"}],"predecessor-version":[{"id":13611,"href":"https:\/\/site-teste.uem.mz\/index.php\/wp-json\/wp\/v2\/pages\/10282\/revisions\/13611"}],"wp:attachment":[{"href":"https:\/\/site-teste.uem.mz\/index.php\/wp-json\/wp\/v2\/media?parent=10282"}],"curies":[{"name":"wp","href":"https:\/\/api.w.org\/{rel}","templated":true}]}}