{"id":10238,"date":"2022-08-26T11:15:12","date_gmt":"2022-08-26T11:15:12","guid":{"rendered":"https:\/\/site-teste.uem.mz\/?page_id=10238"},"modified":"2023-03-09T09:41:41","modified_gmt":"2023-03-09T09:41:41","slug":"transferencias-interuniversitarias","status":"publish","type":"page","link":"https:\/\/site-teste.uem.mz\/index.php\/transferencias-interuniversitarias\/","title":{"rendered":"Transfer\u00eancias interuniversit\u00e1rias"},"content":{"rendered":"\t\t<div data-elementor-type=\"wp-page\" data-elementor-id=\"10238\" class=\"elementor elementor-10238\" data-elementor-settings=\"{&quot;ha_cmc_init_switcher&quot;:&quot;no&quot;}\" data-elementor-post-type=\"page\">\n\t\t\t\t\t\t<section class=\"elementor-section elementor-top-section elementor-element elementor-element-227b267 elementor-section-boxed elementor-section-height-default elementor-section-height-default\" data-id=\"227b267\" data-element_type=\"section\" data-e-type=\"section\" data-settings=\"{&quot;_ha_eqh_enable&quot;:false}\">\n\t\t\t\t\t\t<div class=\"elementor-container elementor-column-gap-default\">\n\t\t\t\t\t<div class=\"elementor-column elementor-col-100 elementor-top-column elementor-element elementor-element-f7611b3\" data-id=\"f7611b3\" data-element_type=\"column\" data-e-type=\"column\">\n\t\t\t<div class=\"elementor-widget-wrap elementor-element-populated\">\n\t\t\t\t\t\t<div class=\"elementor-element elementor-element-2c6f295 elementor-widget elementor-widget-heading\" data-id=\"2c6f295\" data-element_type=\"widget\" data-e-type=\"widget\" data-widget_type=\"heading.default\">\n\t\t\t\t<div class=\"elementor-widget-container\">\n\t\t\t\t\t<h1 class=\"elementor-heading-title elementor-size-default\">Transfer\u00eancia Inter-universit\u00e1ria<\/h1>\t\t\t\t<\/div>\n\t\t\t\t<\/div>\n\t\t\t\t<div class=\"elementor-element elementor-element-cb08432 elementor-widget elementor-widget-text-editor\" data-id=\"cb08432\" data-element_type=\"widget\" data-e-type=\"widget\" data-widget_type=\"text-editor.default\">\n\t\t\t\t<div class=\"elementor-widget-container\">\n\t\t\t\t\t\t\t\t\t<p>O Artigo 1, nr. 1 do Regulamento Pedag\u00f3gico diz que o ingresso na Universidade Eduardo Mondlane est\u00e1 condicionado \u00e0 presta\u00e7\u00e3o de provas de exame de admiss\u00e3o. S\u00e3o excep\u00e7\u00f5es os casos de: a) Indiv\u00edduos abrangidos por acordos internacionais que os isentam dos exames de admiss\u00e3o e outras formas previstas na lei (Artigo 2); b) Indiv\u00edduos que tenham frequentado ou se encontram a frequentar institui\u00e7\u00f5es do ensino superior (Artigo 3). O ponto 2 \u00e9 tratado com base no Despacho 018\/RT\/91, o qual estabelece as regras b\u00e1sicas a aplicar. O calend\u00e1rio acad\u00e9mico estabelece o per\u00edodo para a submiss\u00e3o dos pedidos de isen\u00e7\u00e3o de exame de admiss\u00e3o \u2013 geralmente entre Setembro de Outubro. A Direc\u00e7\u00e3o Pedag\u00f3gica \u00e9 o \u00f3rg\u00e3o que, na Universidade Eduardo Mondlane, se responsabiliza pela organiza\u00e7\u00e3o e coordena\u00e7\u00e3o do processo de admiss\u00f5es, quer por via de exames de admiss\u00e3o, quer por via de transfer\u00eancia.<\/p>\t\t\t\t\t\t\t\t<\/div>\n\t\t\t\t<\/div>\n\t\t\t\t\t<\/div>\n\t\t<\/div>\n\t\t\t\t\t<\/div>\n\t\t<\/section>\n\t\t\t\t<\/div>\n\t\t","protected":false},"excerpt":{"rendered":"<p>Transfer\u00eancia Inter-universit\u00e1ria O Artigo 1, nr. 1 do Regulamento Pedag\u00f3gico diz que o ingresso na Universidade Eduardo Mondlane est\u00e1 condicionado \u00e0 presta\u00e7\u00e3o de provas de exame de admiss\u00e3o. S\u00e3o excep\u00e7\u00f5es os casos de: a) Indiv\u00edduos abrangidos por acordos internacionais que &hellip; <\/p>\n","protected":false},"author":1,"featured_media":0,"parent":0,"menu_order":0,"comment_status":"closed","ping_status":"closed","template":"elementor_header_footer","meta":{"footnotes":""},"class_list":["post-10238","page","type-page","status-publish","hentry"],"_links":{"self":[{"href":"https:\/\/site-teste.uem.mz\/index.php\/wp-json\/wp\/v2\/pages\/10238"}],"collection":[{"href":"https:\/\/site-teste.uem.mz\/index.php\/wp-json\/wp\/v2\/pages"}],"about":[{"href":"https:\/\/site-teste.uem.mz\/index.php\/wp-json\/wp\/v2\/types\/page"}],"author":[{"embeddable":true,"href":"https:\/\/site-teste.uem.mz\/index.php\/wp-json\/wp\/v2\/users\/1"}],"replies":[{"embeddable":true,"href":"https:\/\/site-teste.uem.mz\/index.php\/wp-json\/wp\/v2\/comments?post=10238"}],"version-history":[{"count":10,"href":"https:\/\/site-teste.uem.mz\/index.php\/wp-json\/wp\/v2\/pages\/10238\/revisions"}],"predecessor-version":[{"id":14179,"href":"https:\/\/site-teste.uem.mz\/index.php\/wp-json\/wp\/v2\/pages\/10238\/revisions\/14179"}],"wp:attachment":[{"href":"https:\/\/site-teste.uem.mz\/index.php\/wp-json\/wp\/v2\/media?parent=10238"}],"curies":[{"name":"wp","href":"https:\/\/api.w.org\/{rel}","templated":true}]}}