{"id":10163,"date":"2022-08-24T12:18:56","date_gmt":"2022-08-24T12:18:56","guid":{"rendered":"https:\/\/site-teste.uem.mz\/?page_id=10163"},"modified":"2023-03-01T07:48:21","modified_gmt":"2023-03-01T07:48:21","slug":"bolsas-de-estudo-para-licenciatura","status":"publish","type":"page","link":"https:\/\/site-teste.uem.mz\/index.php\/bolsas-de-estudo-para-licenciatura\/","title":{"rendered":"BOLSAS DE ESTUDO PARA LICENCIATURA"},"content":{"rendered":"\t\t<div data-elementor-type=\"wp-page\" data-elementor-id=\"10163\" class=\"elementor elementor-10163\" data-elementor-settings=\"{&quot;ha_cmc_init_switcher&quot;:&quot;no&quot;}\" data-elementor-post-type=\"page\">\n\t\t\t\t\t\t<section class=\"elementor-section elementor-top-section elementor-element elementor-element-f472a44 elementor-section-boxed elementor-section-height-default elementor-section-height-default\" data-id=\"f472a44\" data-element_type=\"section\" data-e-type=\"section\" data-settings=\"{&quot;_ha_eqh_enable&quot;:false}\">\n\t\t\t\t\t\t<div class=\"elementor-container elementor-column-gap-default\">\n\t\t\t\t\t<div class=\"elementor-column elementor-col-100 elementor-top-column elementor-element elementor-element-892c96b\" data-id=\"892c96b\" data-element_type=\"column\" data-e-type=\"column\">\n\t\t\t<div class=\"elementor-widget-wrap elementor-element-populated\">\n\t\t\t\t\t\t<div class=\"elementor-element elementor-element-0057136 elementor-widget elementor-widget-heading\" data-id=\"0057136\" data-element_type=\"widget\" data-e-type=\"widget\" data-widget_type=\"heading.default\">\n\t\t\t\t<div class=\"elementor-widget-container\">\n\t\t\t\t\t<h2 class=\"elementor-heading-title elementor-size-default\">Bolsas de Estudo para Gradua\u00e7\u00e3o<\/h2>\t\t\t\t<\/div>\n\t\t\t\t<\/div>\n\t\t\t\t\t<\/div>\n\t\t<\/div>\n\t\t\t\t\t<\/div>\n\t\t<\/section>\n\t\t\t\t<section class=\"elementor-section elementor-top-section elementor-element elementor-element-d13647d elementor-section-boxed elementor-section-height-default elementor-section-height-default\" data-id=\"d13647d\" data-element_type=\"section\" data-e-type=\"section\" data-settings=\"{&quot;_ha_eqh_enable&quot;:false}\">\n\t\t\t\t\t\t<div class=\"elementor-container elementor-column-gap-default\">\n\t\t\t\t\t<div class=\"elementor-column elementor-col-100 elementor-top-column elementor-element elementor-element-968f0df\" data-id=\"968f0df\" data-element_type=\"column\" data-e-type=\"column\">\n\t\t\t<div class=\"elementor-widget-wrap elementor-element-populated\">\n\t\t\t\t\t\t<div class=\"elementor-element elementor-element-b86c1e0 elementor-widget elementor-widget-text-editor\" data-id=\"b86c1e0\" data-element_type=\"widget\" data-e-type=\"widget\" data-widget_type=\"text-editor.default\">\n\t\t\t\t<div class=\"elementor-widget-container\">\n\t\t\t\t\t\t\t\t\t<section class=\"elementor-section elementor-top-section elementor-element elementor-element-ac39eb9 elementor-section-boxed elementor-section-height-default elementor-section-height-default\" data-id=\"ac39eb9\" data-element_type=\"section\" data-settings=\"{&quot;_ha_eqh_enable&quot;:false}\"><div class=\"elementor-container elementor-column-gap-default\"><div class=\"elementor-column elementor-col-100 elementor-top-column elementor-element elementor-element-9cacd4e\" data-id=\"9cacd4e\" data-element_type=\"column\"><div class=\"elementor-widget-wrap elementor-element-populated\"><div class=\"elementor-element elementor-element-e5ec254 elementor-widget elementor-widget-heading\" data-id=\"e5ec254\" data-element_type=\"widget\" data-widget_type=\"heading.default\"><div class=\"elementor-widget-container\"><p>A Universidade Eduardo Mondlane, por entender que as condi\u00e7\u00f5es s\u00f3cio-econ\u00f3micas n\u00e3o dever\u00e3o<br \/>condicionar a frequ\u00eancia dos estudos superiores, introduziu uma pol\u00edtica de concess\u00e3o de benef\u00edcios<br \/>sociais aos estudantes devidamente matriculados na Universidade Eduardo Mondlane, tal como<br \/>preveem o Regulamento sobre os Benef\u00edcios Sociais e os Editais publicados anualmente em cada<br \/>Faculdade.<br \/>Estes dois documentos, preveem as circunst\u00e2ncias em que os estudantes dever\u00e3o candidatar-se,<br \/>solicitar a revis\u00e3o dos despachos publicados, entre outras informa\u00e7\u00f5es inerentes a atribui\u00e7\u00e3o dos<br \/>benef\u00edcios.<\/p><p>Uma vez atribu\u00eddo um destes benef\u00edcios sociais, o estudante benefici\u00e1rio dever\u00e1 contactar os servi\u00e7os da<br \/>respectiva Faculdade a fim de se informar sobre os benef\u00edcios decorrentes do tipo de bolsa que lhe foi<br \/>atribu\u00eddo.<br \/>a) Bolsa Completa<br \/>\u00c9 completa a bolsa que habilita o benefici\u00e1rio ao alojamento, alimenta\u00e7\u00e3o, assist\u00eancia m\u00e9dica e<br \/>medicamentosa, gastos correntes e isen\u00e7\u00e3o de pagamento de propinas.<br \/>b) Bolsa Reduzida<br \/>\u00c9 reduzida a bolsa que contempla os benef\u00edcios indicados no n\u00famero precedente, mas com exclus\u00e3o do<br \/>alojamento.<br \/>c) Bolsa-Alimenta\u00e7\u00e3o<br \/>\u00c9 de alimenta\u00e7\u00e3o a bolsa que habilita o benefici\u00e1rio \u00e0 alimenta\u00e7\u00e3o, sem contemplar qualquer outro<br \/>benef\u00edcio.<br \/>d) Bolsa-Alojamento<br \/>\u00c9 de alojamento a bolsa que habilita o benefici\u00e1rio ao alojamento ou o subs\u00eddio suplementar para<br \/>suportar os custos inerentes ao alojamento, sem contemplar qualquer outro benef\u00edcio.<br \/><strong>Direc\u00e7\u00e3o dos Servi\u00e7os Sociais (DSS)<\/strong><br \/>Na Universidade Eduardo Mondlane, a Direc\u00e7\u00e3o dos Servi\u00e7os Sociais (DSS) \u00e9 o \u00f3rg\u00e3o respons\u00e1vel pelo<br \/>atendimento e apoio social ao estudante, tendo por miss\u00e3o a execu\u00e7\u00e3o da pol\u00edtica social destinada ao<br \/>estudante.<br \/><strong>Contacto<\/strong><br \/>Avenida Paulo Samuel Khankomba n\u00b0 203, entroncamento com a Avenida Kim Il Sung<br \/>Maputo \u2013 Mo\u00e7ambique<br \/>Telefone: +258 21 491454\/56<\/p><\/div><\/div><\/div><\/div><\/div><\/section>\t\t\t\t\t\t\t\t<\/div>\n\t\t\t\t<\/div>\n\t\t\t\t\t<\/div>\n\t\t<\/div>\n\t\t\t\t\t<\/div>\n\t\t<\/section>\n\t\t\t\t<\/div>\n\t\t","protected":false},"excerpt":{"rendered":"<p>Bolsas de Estudo para Gradua\u00e7\u00e3o A Universidade Eduardo Mondlane, por entender que as condi\u00e7\u00f5es s\u00f3cio-econ\u00f3micas n\u00e3o dever\u00e3ocondicionar a frequ\u00eancia dos estudos superiores, introduziu uma pol\u00edtica de concess\u00e3o de benef\u00edciossociais aos estudantes devidamente matriculados na Universidade Eduardo Mondlane, tal comopreveem o &hellip; <\/p>\n","protected":false},"author":1,"featured_media":0,"parent":0,"menu_order":0,"comment_status":"closed","ping_status":"closed","template":"elementor_header_footer","meta":{"footnotes":""},"class_list":["post-10163","page","type-page","status-publish","hentry"],"_links":{"self":[{"href":"https:\/\/site-teste.uem.mz\/index.php\/wp-json\/wp\/v2\/pages\/10163"}],"collection":[{"href":"https:\/\/site-teste.uem.mz\/index.php\/wp-json\/wp\/v2\/pages"}],"about":[{"href":"https:\/\/site-teste.uem.mz\/index.php\/wp-json\/wp\/v2\/types\/page"}],"author":[{"embeddable":true,"href":"https:\/\/site-teste.uem.mz\/index.php\/wp-json\/wp\/v2\/users\/1"}],"replies":[{"embeddable":true,"href":"https:\/\/site-teste.uem.mz\/index.php\/wp-json\/wp\/v2\/comments?post=10163"}],"version-history":[{"count":14,"href":"https:\/\/site-teste.uem.mz\/index.php\/wp-json\/wp\/v2\/pages\/10163\/revisions"}],"predecessor-version":[{"id":13804,"href":"https:\/\/site-teste.uem.mz\/index.php\/wp-json\/wp\/v2\/pages\/10163\/revisions\/13804"}],"wp:attachment":[{"href":"https:\/\/site-teste.uem.mz\/index.php\/wp-json\/wp\/v2\/media?parent=10163"}],"curies":[{"name":"wp","href":"https:\/\/api.w.org\/{rel}","templated":true}]}}